{"id":1063,"date":"2022-12-22T08:18:18","date_gmt":"2022-12-22T07:18:18","guid":{"rendered":"https:\/\/pawz.rs\/?post_type=product&#038;p=1063"},"modified":"2025-01-11T18:31:28","modified_gmt":"2025-01-11T17:31:28","slug":"premil-junior","status":"publish","type":"product","link":"https:\/\/pawz.rs\/en\/premil-junior\/","title":{"rendered":"Premil Junior"},"content":{"rendered":"<p><strong>Premil Junior<\/strong><\/p>\n<p>Kompletna hrana za \u0161tenad velikih rasa i veli\u010dina kao i za sve mlade pse. Bogata potrebnim makro i mikro elementima. Dobro izbalansiran aminokiselinski sastav sa kvalitetnim masnim kiselinama i prirodnim fruktooligosaharidima i mananooligosaharidima omogu\u0107ava odli\u010dnu iskoristivost i svarljivost hrane. Poma\u017ee u rastu i pravilnom formiranju kostiju. Prirodan odnos omega 6 i omega 3 masnih kiselina, naro\u010dito DHA smanjuje stres kod mladih pasa.<\/p>\n<p><strong>Sastav:<\/strong> dehidrirana piletina, \u0107uretina i tuna 31%, pirina\u010d 20%, kukuruz, pile\u0107a mast, hladno ce\u0111eno biljno ulje, riblje ulje, laneno seme 4%, repin rezanac, hidrolizovana jetra, pivski kvasac, inulin (ekstrakt cikorije), MOS (ekstrakt kvasca) i lecitin.<\/p>\n<p>Serve food in dry form with available fresh water.<br \/>\nFor your pet&#039;s health, consult a veterinarian regularly.<\/p>\n<p>Store the product in a dry, dark and cool place.<\/p>\n<p>Proizvo\u0111a\u010d: Premil, Kovin, Srbija<br \/>\nZemlja porekla: Srbija<\/p>\n\n    <div class=\"xs_social_share_widget xs_share_url after_content \t\tmain_content  wslu-style-1 wslu-share-box-shaped wslu-fill-colored wslu-none wslu-share-horizontal wslu-theme-font-no wslu-main_content\">\n\n\t\t\n        <ul>\n\t\t\t        <\/ul>\n    <\/div>","protected":false},"excerpt":{"rendered":"<p>Premil Junior &#8211; Za \u0161tenad velikih rasa i veli\u010dina,za mlade pse &#8211; 78% proteina \u017eivotinjskog porekla<\/p>","protected":false},"featured_media":1067,"comment_status":"open","ping_status":"closed","template":"","meta":{"_acf_changed":false},"pwb-brand":[324,326],"product_cat":[49,48,47],"product_tag":[1237],"class_list":{"0":"post-1063","1":"product","2":"type-product","3":"status-publish","4":"has-post-thumbnail","6":"pwb-brand-premil","7":"pwb-brand-premil-hrana-za-pse","8":"product_cat-granule-za-pse","9":"product_cat-hrana-za-pse","10":"product_cat-psi","11":"product_tag-bump-psi","13":"first","14":"instock","15":"taxable","16":"shipping-taxable","17":"purchasable","18":"product-type-variable","19":"has-default-attributes"},"acf":[],"brands":[{"id":324,"name":"Premil","slug":"premil"},{"id":326,"name":"Premil Dog Food","slug":"premil-hrana-za-pse"}],"_links":{"self":[{"href":"https:\/\/pawz.rs\/en\/wp-json\/wp\/v2\/product\/1063","targetHints":{"allow":["GET"]}}],"collection":[{"href":"https:\/\/pawz.rs\/en\/wp-json\/wp\/v2\/product"}],"about":[{"href":"https:\/\/pawz.rs\/en\/wp-json\/wp\/v2\/types\/product"}],"replies":[{"embeddable":true,"href":"https:\/\/pawz.rs\/en\/wp-json\/wp\/v2\/comments?post=1063"}],"wp:featuredmedia":[{"embeddable":true,"href":"https:\/\/pawz.rs\/en\/wp-json\/wp\/v2\/media\/1067"}],"wp:attachment":[{"href":"https:\/\/pawz.rs\/en\/wp-json\/wp\/v2\/media?parent=1063"}],"wp:term":[{"taxonomy":"pwb-brand","embeddable":true,"href":"https:\/\/pawz.rs\/en\/wp-json\/wp\/v2\/pwb-brand?post=1063"},{"taxonomy":"product_cat","embeddable":true,"href":"https:\/\/pawz.rs\/en\/wp-json\/wp\/v2\/product_cat?post=1063"},{"taxonomy":"product_tag","embeddable":true,"href":"https:\/\/pawz.rs\/en\/wp-json\/wp\/v2\/product_tag?post=1063"}],"curies":[{"name":"wp","href":"https:\/\/api.w.org\/{rel}","templated":true}]}}