{"id":12374,"date":"2023-03-21T21:54:56","date_gmt":"2023-03-21T20:54:56","guid":{"rendered":"https:\/\/pawz.rs\/?post_type=product&#038;p=12374"},"modified":"2025-08-08T09:35:27","modified_gmt":"2025-08-08T07:35:27","slug":"brit-premium-by-nature-junior-s","status":"publish","type":"product","link":"https:\/\/pawz.rs\/en\/brit-premium-by-nature-junior-s\/","title":{"rendered":"Brit Premium by Nature Junior S"},"content":{"rendered":"<p><strong>Brit Premium by Nature Junior S<\/strong><\/p>\n<p>Potpuna hrana sa piletinom za mlade pse (1-12 meseci) malih rasa (1-10kg). Pogodno i za skotne kuje, kao i za kuje koje doje.<\/p>\n<p>Pogodnosti:<\/p>\n<ul>\n<li>Podr\u0161ka imunitetu i op\u0161tem stanju organizma<\/li>\n<li>Optimalan razvoj organizma i mi\u0161i\u0107a<\/li>\n<li>Zdrav razvoj skeleta, kostiju, zglobova i zuba<\/li>\n<\/ul>\n<p><strong>SASTAV:<br \/>\n<\/strong>Piletina 55 % (dehidrirana 30 %, otko\u0161\u0107eno 25 %), pile\u0107a mast (konzervisana me\u0161anim tokoferolima), ovas, p\u0161enica, lososovo ulje (2 %), kukuruz, su\u0161ene jabuke, hidrolizovana pile\u0107a d\u017eigerica, pivski kvasac, kolagen, oklopi rakova (izvor glukozamina, 260 mg\/kg), hrskavice (izvor hondroitina, 180 mg\/kg), bilja i vo\u0107a (karanfili\u0107, citrusi, ruzmarin, kurkuma, 150 mg\/kg), manan-oligosaharidi (150 mg\/kg), vo\u0107ni oligosaharidi (100 mg\/kg), ekstrakt juke (Mojave yucca) (100 mg\/kg), su\u0161ena kamilica (90 mg\/kg), Zelena dagnja (izvor glikozaminoglikana, 60 mg\/kg), su\u0161ena borovnica (60 mg\/kg). Proizvedeno po proizvo\u0111a\u010dkoj deklaraciji.<\/p>\n<p><strong>ANALITI\u010cKI SASTAV:<br \/>\n<\/strong>Sirovi proteini 32,0 %, sadr\u017eaj masti 20,0 %, vlaga 10,0 %, sirovi pepeo 6,8 %, sirova vlakna 2,0 %, kalcijum 1,5 %, fosfor 1,1 %, omega-3 0,3 %, omega-6 2,7 %.<\/p>\n<p><strong>DODACI\/KG: NUTRITIVNI DODACI:<br \/>\n<\/strong>Vitamin A (3a672a) 20.000 IJ, vitamin D3 (E671) 1.200 IJ, vitamin E (\u03b1-tokoferol) (3a700) 500 mg, biotin (3a880) 0,6 mg, holin hlorid (3a890) 600 mg, cink helat amino-kiselina, hidrat (3b606) 90 mg, gvo\u017e\u0111e helat amino-kiselina, hidrat (E1) 80 mg, mangan helat amino-kiselina, hidrat (E5) 35 mg, kalijum-jodid (3b201) 0,65 mg, bakar helat amino-kiselina, hidrat (E4) 15 mg, organski oblik selenijuma koji se dobija od pivskog kvasca (Saccharomyces cerevisiae CNCM I-3060) (3b8.10) 0,2 mg. Sadr\u017ei antioksidanse koje odobrava EU: ekstrakti tokoferola iz biljnih ulja (1b306), askorbil palmitat (1b304) i ekstrakt ruzmarina.<br \/>\nNivo vitamina zagarantovan je do isteka roka upotrebe proizvoda.<\/p>\n<p><strong>METABOLI\u010cKA ENERGIJA: <\/strong>4 050 kcal\/kg<\/p>\n<p><strong>UPUTSTVO ZA ISHRANU:<br \/>\n<\/strong>Mo\u017ee se servirati suvo ili navla\u017eeno mlakom vodom. Za mlade pse \u2013 preporu\u010dena dnevna doza hrane prikazana u tablici ishrane podeliti u 2\u20133 jednakih porcija tokom dana. Kada prvi put dajete \u201eBrit Premium\u201c, koristite manje koli\u010dine i me\u0161ajte je sa prethodnom hranom, postepeno pove\u0107avaju\u0107i porcije hrane \u201eBrit Premium\u201c.<\/p>\n<p>Serve food in dry form with available fresh water.<br \/>\nFor your pet&#039;s health, consult a veterinarian regularly.<\/p>\n<p>Store the product in a dry, dark and cool place.<\/p>\n<p>Proizvo\u0111a\u010d: VAFO PRAHA s.r.o.<br \/>\nZemlja porekla: \u010ce\u0161ka (EU)<\/p>\n\n    <div class=\"xs_social_share_widget xs_share_url after_content \t\tmain_content  wslu-style-1 wslu-share-box-shaped wslu-fill-colored wslu-none wslu-share-horizontal wslu-theme-font-no wslu-main_content\">\n\n\t\t\n        <ul>\n\t\t\t        <\/ul>\n    <\/div>","protected":false},"excerpt":{"rendered":"<p>Brit Premium Junior Small je potpuna hrana sa piletinom za mlade pse (1-12 meseci) malih rasa (1-10kg). Pogodno i za skotne kuje, kao i za kuje koje doje.<\/p>","protected":false},"featured_media":12459,"comment_status":"open","ping_status":"closed","template":"","meta":{"_acf_changed":false},"pwb-brand":[301,303],"product_cat":[47,48,49],"product_tag":[],"class_list":{"0":"post-12374","1":"product","2":"type-product","3":"status-publish","4":"has-post-thumbnail","6":"pwb-brand-brit","7":"pwb-brand-brit-hrana-za-pse","8":"product_cat-psi","9":"product_cat-hrana-za-pse","10":"product_cat-granule-za-pse","12":"first","13":"instock","14":"taxable","15":"shipping-taxable","16":"purchasable","17":"product-type-variable","18":"has-default-attributes"},"acf":[],"brands":[{"id":301,"name":"Brit","slug":"brit"},{"id":303,"name":"Brit Dog Food","slug":"brit-hrana-za-pse"}],"_links":{"self":[{"href":"https:\/\/pawz.rs\/en\/wp-json\/wp\/v2\/product\/12374","targetHints":{"allow":["GET"]}}],"collection":[{"href":"https:\/\/pawz.rs\/en\/wp-json\/wp\/v2\/product"}],"about":[{"href":"https:\/\/pawz.rs\/en\/wp-json\/wp\/v2\/types\/product"}],"replies":[{"embeddable":true,"href":"https:\/\/pawz.rs\/en\/wp-json\/wp\/v2\/comments?post=12374"}],"wp:featuredmedia":[{"embeddable":true,"href":"https:\/\/pawz.rs\/en\/wp-json\/wp\/v2\/media\/12459"}],"wp:attachment":[{"href":"https:\/\/pawz.rs\/en\/wp-json\/wp\/v2\/media?parent=12374"}],"wp:term":[{"taxonomy":"pwb-brand","embeddable":true,"href":"https:\/\/pawz.rs\/en\/wp-json\/wp\/v2\/pwb-brand?post=12374"},{"taxonomy":"product_cat","embeddable":true,"href":"https:\/\/pawz.rs\/en\/wp-json\/wp\/v2\/product_cat?post=12374"},{"taxonomy":"product_tag","embeddable":true,"href":"https:\/\/pawz.rs\/en\/wp-json\/wp\/v2\/product_tag?post=12374"}],"curies":[{"name":"wp","href":"https:\/\/api.w.org\/{rel}","templated":true}]}}