{"id":12400,"date":"2023-03-21T10:12:52","date_gmt":"2023-03-21T09:12:52","guid":{"rendered":"https:\/\/pawz.rs\/?post_type=product&#038;p=12400"},"modified":"2025-08-08T09:35:25","modified_gmt":"2025-08-08T07:35:25","slug":"brit-premium-by-nature-senior-sm","status":"publish","type":"product","link":"https:\/\/pawz.rs\/en\/brit-premium-by-nature-senior-sm\/","title":{"rendered":"Brit Premium by Nature Senior S+M 3 kg"},"content":{"rendered":"<p><strong>Brit Premium by Nature Senior S+M (small and medium) 3 kg<\/strong><\/p>\n<p>Potpuna hrana sa piletinom za odrasle pse (starijih od 7 godina) malih i srednjih rasa (1-25 kg).<\/p>\n<p>Pogodnosti:<\/p>\n<ul>\n<li>Antistres faktor i podr\u0161ka radu srca<\/li>\n<li>Optimalno regulisanje telesne mase<\/li>\n<li>Podr\u0161ka zglobovima i pokretljivosti<\/li>\n<\/ul>\n<p><strong>SASTAV:<br \/>\n<\/strong>Piletina 42 % (dehidrirana 22 %, otko\u0161\u0107eno 20 %), ovas, p\u0161enica, kukuruz, su\u0161ene jabuke, pile\u0107a mast (konzervisana me\u0161anim tokoferolima), lososovo ulje (2 %), hidrolizovana pile\u0107a d\u017eigerica, pivski kvasac, kolagen, oklopi rakova (izvor glukozamina, 210 mg\/kg), hrskavice (izvor hondroitina, 150 mg\/kg), bilja i vo\u0107a (karanfili\u0107, citrusi, ruzmarin, kurkuma, 120 mg\/kg), manan-oligosaharidi (120 mg\/kg), vo\u0107ni oligosaharidi (90 mg\/kg), ekstrakt juke (Mojave yucca) (90 mg\/kg), su\u0161ena kamilica (80 mg\/kg), Zelena dagnja (izvorglikozaminoglikana, 50 mg\/kg), su\u0161ena borovnica (50 mg\/kg).<\/p>\n<p><strong>ANALITI\u010cKI SASTAV:<br \/>\n<\/strong>Sirovi proteini 25,0 %, sadr\u017eaj masti 13,0 %, vlaga 10,0 %, sirovi pepeo 7,8 %, sirova vlakna 3,0 %, kalcijum 1,5 %, fosfor 1,0 %, omega-3 0,18 %, omega-6 1,4 %.<\/p>\n<p><strong>DODACI\/KG: NUTRITIVNI DODACI:<br \/>\n<\/strong>Vitamin A (3a672a) 15.000 IJ, vitamin D3 (E671) 1.000 IJ, vitamin E (\u03b1-tokoferol) (3a700) 400 mg, biotin (3a880) 0,5 mg, holin hlorid (3a890) 500 mg, cink helat amino-kiselina, hidrat (3b606) 70 mg, gvo\u017e\u0111e helat amino-kiselina, hidrat (E1) 60 mg, mangan helat amino-kiselina, hidrat (E5) 30 mg, kalijum-jodid (3b201) 0,5 mg, bakar helat amino-kiselina, hidrat (E4) 12 mg, organski oblik selenijuma koji se dobija od pivskog kvasca (Saccharomycescerevisiae CNCM I-3060) (3b8.10) 0,2 mg. Sadr\u017ei antioksidanse koje odobrava EU: ekstrakti tokoferola iz biljnih ulja (1b306), askorbil palmitat (1b304) i ekstrakt ruzmarina.<\/p>\n<p><strong>METAB<\/strong><strong>OLI\u010cKA ENERGIJA: <\/strong>3.620 kcal\/kg.<\/p>\n<p><strong>UPUTSTVO ZA ISHRANU:<br \/>\n<\/strong>Mo\u017ee se servirati suvo ili navla\u017eeno mlakom vodom. Hranu treba podeliti na 1 ili 2 jednake porcije tokom dana. Preporu\u010dena dnevna koli\u010dina je prikazana u tabeli za hranjenje. Kada prvi put dajete \u201eBrit Premium\u201c, koristite manje koli\u010dine i me\u0161ajte je sa prethodnom hranom, postepeno pove\u0107avaju\u0107i porcije hrane \u201eBrit Premium\u201c.<\/p>\n<p>Serve food in dry form with available fresh water.<br \/>\nFor your pet&#039;s health, consult a veterinarian regularly.<\/p>\n<p>Store the product in a dry, dark and cool place.<\/p>\n<p>Proizvo\u0111a\u010d: VAFO PRAHA s.r.o.<br \/>\nZemlja porekla: \u010ce\u0161ka (EU)<\/p>\n\n    <div class=\"xs_social_share_widget xs_share_url after_content \t\tmain_content  wslu-style-1 wslu-share-box-shaped wslu-fill-colored wslu-none wslu-share-horizontal wslu-theme-font-no wslu-main_content\">\n\n\t\t\n        <ul>\n\t\t\t        <\/ul>\n    <\/div>","protected":false},"excerpt":{"rendered":"<p>Brit Premium Senior Small&amp;Medium je potpuna hrana sa piletinom za odrasle pse (starijih od 7 godina) malih i srednjih rasa (1-25 kg).<\/p>","protected":false},"featured_media":12445,"comment_status":"open","ping_status":"closed","template":"","meta":{"_acf_changed":false},"pwb-brand":[301,303],"product_cat":[47,48,49],"product_tag":[],"class_list":{"0":"post-12400","1":"product","2":"type-product","3":"status-publish","4":"has-post-thumbnail","6":"pwb-brand-brit","7":"pwb-brand-brit-hrana-za-pse","8":"product_cat-psi","9":"product_cat-hrana-za-pse","10":"product_cat-granule-za-pse","12":"first","13":"instock","14":"taxable","15":"shipping-taxable","16":"purchasable","17":"product-type-simple"},"acf":[],"brands":[{"id":301,"name":"Brit","slug":"brit"},{"id":303,"name":"Brit Dog Food","slug":"brit-hrana-za-pse"}],"_links":{"self":[{"href":"https:\/\/pawz.rs\/en\/wp-json\/wp\/v2\/product\/12400","targetHints":{"allow":["GET"]}}],"collection":[{"href":"https:\/\/pawz.rs\/en\/wp-json\/wp\/v2\/product"}],"about":[{"href":"https:\/\/pawz.rs\/en\/wp-json\/wp\/v2\/types\/product"}],"replies":[{"embeddable":true,"href":"https:\/\/pawz.rs\/en\/wp-json\/wp\/v2\/comments?post=12400"}],"wp:featuredmedia":[{"embeddable":true,"href":"https:\/\/pawz.rs\/en\/wp-json\/wp\/v2\/media\/12445"}],"wp:attachment":[{"href":"https:\/\/pawz.rs\/en\/wp-json\/wp\/v2\/media?parent=12400"}],"wp:term":[{"taxonomy":"pwb-brand","embeddable":true,"href":"https:\/\/pawz.rs\/en\/wp-json\/wp\/v2\/pwb-brand?post=12400"},{"taxonomy":"product_cat","embeddable":true,"href":"https:\/\/pawz.rs\/en\/wp-json\/wp\/v2\/product_cat?post=12400"},{"taxonomy":"product_tag","embeddable":true,"href":"https:\/\/pawz.rs\/en\/wp-json\/wp\/v2\/product_tag?post=12400"}],"curies":[{"name":"wp","href":"https:\/\/api.w.org\/{rel}","templated":true}]}}