{"id":12630,"date":"2023-03-22T09:22:15","date_gmt":"2023-03-22T08:22:15","guid":{"rendered":"https:\/\/pawz.rs\/?post_type=product&#038;p=12630"},"modified":"2026-04-13T09:54:11","modified_gmt":"2026-04-13T07:54:11","slug":"brit-premium-by-nature-cat-sterilized-chicken-piletina","status":"publish","type":"product","link":"https:\/\/pawz.rs\/en\/brit-premium-by-nature-cat-sterilized-chicken-piletina\/","title":{"rendered":"Brit Premium by Nature Cat Sterilized Chicken &#8211; Piletina"},"content":{"rendered":"<p><strong>Brit Premium by Nature Cat Sterilized Chicken &#8211; Piletina <\/strong><\/p>\n<p>Potpuna vrhunska hrana za ma\u010dke. Recept je sa piletinom za odrasle sterilisane ma\u010dke.<\/p>\n<p>Privla\u010dna i ukusna hrana proizvedena od prirodnih sirovina za svakodnevnu zdravu ishranu svih ma\u010daka.<\/p>\n<ul>\n<li>Sa sosom od pile\u0107e d\u017eigerice<\/li>\n<li>Sa pulpom jabuke &#8211; prirodni izvor vlakana<\/li>\n<li>Sa ruzmarinom, karanfili\u0107em, kurkumom i citrusima &#8211; prirodnim antioksidansima<\/li>\n<li>Sa prebioticima<\/li>\n<li>BEZ p\u0161enice, kukuruza i soje<\/li>\n<\/ul>\n<p><strong>Sastav:<br \/>\n<\/strong>Dehidrirana piletina 38 %, pirina\u010d, pile\u0107a mast, gra\u0161ak, su\u0161ena pulpa jabuke, hidrolizovana pile\u0107a d\u017eigerica 2 %, lososovo ulje 1 %, pivski kvasac, natrijum-hlorid, su\u0161eni spana\u0107 0,5 %, manan oligosaharidi (150 mg\/kg), fruktooligosaharidi (120 mg\/kg), juka schidigera (80 mg\/kg), su\u0161eni ruzmarin (11 mg\/kg), su\u0161eni karanfili\u0107 (11 mg\/kg), su\u0161eni citrusi (11 mg\/kg), su\u0161ena kurkuma (11 mg\/kg).<\/p>\n<p><strong>Analytical composition:<br \/>\n<\/strong>Sirovi proteini 33,0 %, sirova mast 14,0 %, sirova vlakna 4,2 %, sirovi pepeo 5,8 %, vlaga 10,0 %, kalcijum 1,0 %, fosfor 0,6 %, natrijum 1,0 %, magnezijum 0,05 %.<\/p>\n<p><strong>Nutritivni aditivi po 1 kg:<\/strong><br \/>\nVitamin A (3a672a) 20000 I.J., vitamin D<sub>3<\/sub> (3a671) 850 I.J., vitamin E (3a700) 600 mg, vitamin C (3a312) 250 mg, taurin (3a370) 2150 mg, biotin (3a880) 1,7 mg, cink (3b606) 140 mg, mangan (3b504) 50 mg, gvo\u017e\u0111e (3b106) 50 mg, bakar (3b406) 10 mg, jod (3b201) 3,5 mg, selen (3b810) 0,16 mg, L-metionin (3c305) 4000 mg. Omega-3: 0,37\u00a0%, Omega-6: 1,89\u00a0%.<\/p>\n<p><strong>Metaboli\u010dka energija<\/strong>: 3720 kcal\/kg.<\/p>\n<p><strong>Uputstvo za ishranu:<br \/>\n<\/strong>U zavisnosti od preferencija va\u0161e ma\u010dke hranu mo\u017eete servirati suvu, navla\u017eenu vodom ili u kombinaciji sa kesicama Brit Premium. Ako prvi put dajete novu hranu, pome\u0161ajte je sa prethodnom hranom i tako hranite 3-5 dana, postepeno pove\u0107avajte dozu hrane Brit Premium. Najbolje koristiti do datuma navedenog na pakovanju.<\/p>\n<p>Serve food in dry form with available fresh water.<br \/>\nFor your pet&#039;s health, consult a veterinarian regularly.<\/p>\n<p>Store the product in a dry, dark and cool place.<\/p>\n<p>Proizvo\u0111a\u010d: VAFO PRAHA s.r.o.<br \/>\nZemlja porekla: \u010ce\u0161ka (EU)<\/p>\n\n    <div class=\"xs_social_share_widget xs_share_url after_content \t\tmain_content  wslu-style-1 wslu-share-box-shaped wslu-fill-colored wslu-none wslu-share-horizontal wslu-theme-font-no wslu-main_content\">\n\n\t\t\n        <ul>\n\t\t\t        <\/ul>\n    <\/div>","protected":false},"excerpt":{"rendered":"<p>Brit Premium Cat Sterilized Chicken je potpuna vrhunska hrana za ma\u010dke. Recept je sa piletinom za odrasle sterilisane ma\u010dke.<\/p>","protected":false},"featured_media":12634,"comment_status":"open","ping_status":"closed","template":"","meta":{"_acf_changed":false},"pwb-brand":[301,302],"product_cat":[149,21,23],"product_tag":[208],"class_list":{"0":"post-12630","1":"product","2":"type-product","3":"status-publish","4":"has-post-thumbnail","6":"pwb-brand-brit","7":"pwb-brand-brit-hrana-za-macke","8":"product_cat-granule-za-macke","9":"product_cat-hrana-za-macke","10":"product_cat-macke","11":"product_tag-bez-zitarica","13":"first","14":"instock","15":"taxable","16":"shipping-taxable","17":"purchasable","18":"product-type-variable","19":"has-default-attributes"},"acf":[],"brands":[{"id":301,"name":"Brit","slug":"brit"},{"id":302,"name":"Brit Cat Food","slug":"brit-hrana-za-macke"}],"_links":{"self":[{"href":"https:\/\/pawz.rs\/en\/wp-json\/wp\/v2\/product\/12630","targetHints":{"allow":["GET"]}}],"collection":[{"href":"https:\/\/pawz.rs\/en\/wp-json\/wp\/v2\/product"}],"about":[{"href":"https:\/\/pawz.rs\/en\/wp-json\/wp\/v2\/types\/product"}],"replies":[{"embeddable":true,"href":"https:\/\/pawz.rs\/en\/wp-json\/wp\/v2\/comments?post=12630"}],"wp:featuredmedia":[{"embeddable":true,"href":"https:\/\/pawz.rs\/en\/wp-json\/wp\/v2\/media\/12634"}],"wp:attachment":[{"href":"https:\/\/pawz.rs\/en\/wp-json\/wp\/v2\/media?parent=12630"}],"wp:term":[{"taxonomy":"pwb-brand","embeddable":true,"href":"https:\/\/pawz.rs\/en\/wp-json\/wp\/v2\/pwb-brand?post=12630"},{"taxonomy":"product_cat","embeddable":true,"href":"https:\/\/pawz.rs\/en\/wp-json\/wp\/v2\/product_cat?post=12630"},{"taxonomy":"product_tag","embeddable":true,"href":"https:\/\/pawz.rs\/en\/wp-json\/wp\/v2\/product_tag?post=12630"}],"curies":[{"name":"wp","href":"https:\/\/api.w.org\/{rel}","templated":true}]}}