{"id":13102,"date":"2023-03-23T15:44:03","date_gmt":"2023-03-23T14:44:03","guid":{"rendered":"https:\/\/pawz.rs\/?post_type=product&#038;p=13102"},"modified":"2026-02-14T22:13:57","modified_gmt":"2026-02-14T21:13:57","slug":"royal-canin-exigent-protein-preference","status":"publish","type":"product","link":"https:\/\/pawz.rs\/en\/royal-canin-exigent-protein-preference\/","title":{"rendered":"Royal Canin Exigent Protein Preference"},"content":{"rendered":"<p><strong>ROYAL CANIN Exigent Protein Preference<\/strong><\/p>\n<p>Hrana za izbirljive ma\u010dke koje razlikuju poreklo sastojaka. Preference Protein Exigent<\/p>\n<p>Uravnote\u017eena i kompletna ma\u010dja hrana. Za veoma izbirljive ma\u010dke starije od godinu dana<\/p>\n<p><strong>IZBOR PROTEINA<\/strong><br \/>\nPoseban nutricionisti\u010dki sastav. Posebni proteini, masti i ugljeni hidrati koji stimuli\u0161u apetit.<\/p>\n<p><strong>LEPOTA DLAKE. <\/strong><strong>HRANA KOJA POMA\u017dE U ODR\u017dAVANJU IDEALNE TE\u017dINE<\/strong><\/p>\n<p><strong>Ingredients:<\/strong><br \/>\nDehidrirano pile\u0107e meso, kukuruz, LIP proteini (proteini izabrani zbog visoke svarljivosti), p\u0161enica, \u017eivotinjske masti, kukuruzni gluten, hidrolizovani proteini \u017eivotinjskog porekla, biljna vlakna, pulpa repe, minerali, sojino ulje, ulje bora\u010da.<\/p>\n<p><strong>Supplements per kg:<\/strong><br \/>\nVitamin A 17.500 IJ, vitamin D3 900 IJ, E1 (gvo\u017e\u0111e) 32mg, E2 (jod) 3,3mg, E4 (bakar) 10mg, E5 (mangan) 42mg, E6 (cink) 126mg, E8 (selen) 0,05mg;<br \/>\nKonzervansi &#8211; Antioksidansi<\/p>\n<p><strong>Analytical composition:<\/strong><br \/>\nSirovi proteini 41%, sirove masti 15%, sirovi pepeo 8,7%, sirova vlakna 3,1%.<\/p>\n<p>Serve food in dry form with available fresh water.<br \/>\nFor your pet&#039;s health, consult a veterinarian regularly.<\/p>\n<p>Store the product in a dry, dark and cool place.<\/p>\n<p>Manufacturer: Royal Canin<br \/>\nCountry of origin: EU<\/p>\n\n    <div class=\"xs_social_share_widget xs_share_url after_content \t\tmain_content  wslu-style-1 wslu-share-box-shaped wslu-fill-colored wslu-none wslu-share-horizontal wslu-theme-font-no wslu-main_content\">\n\n\t\t\n        <ul>\n\t\t\t        <\/ul>\n    <\/div>","protected":false},"excerpt":{"rendered":"<p>ROYAL CANIN Feline Health Nutrition Briketi za ma\u010dke Exigent Protein Preference<\/p>","protected":false},"featured_media":13105,"comment_status":"open","ping_status":"closed","template":"","meta":{"_acf_changed":false},"pwb-brand":[341,340],"product_cat":[149,21,23],"product_tag":[1542],"class_list":{"0":"post-13102","1":"product","2":"type-product","3":"status-publish","4":"has-post-thumbnail","6":"pwb-brand-royal-canin-hrana-za-macke","7":"pwb-brand-royal-canin","8":"product_cat-granule-za-macke","9":"product_cat-hrana-za-macke","10":"product_cat-macke","11":"product_tag-uuuuuuu43782946394u8327439782","13":"first","14":"instock","15":"taxable","16":"shipping-taxable","17":"purchasable","18":"product-type-variable","19":"has-default-attributes"},"acf":[],"brands":[{"id":340,"name":"Royal Canin","slug":"royal-canin"},{"id":341,"name":"Royal Canin Cat Food","slug":"royal-canin-hrana-za-macke"}],"_links":{"self":[{"href":"https:\/\/pawz.rs\/en\/wp-json\/wp\/v2\/product\/13102","targetHints":{"allow":["GET"]}}],"collection":[{"href":"https:\/\/pawz.rs\/en\/wp-json\/wp\/v2\/product"}],"about":[{"href":"https:\/\/pawz.rs\/en\/wp-json\/wp\/v2\/types\/product"}],"replies":[{"embeddable":true,"href":"https:\/\/pawz.rs\/en\/wp-json\/wp\/v2\/comments?post=13102"}],"wp:featuredmedia":[{"embeddable":true,"href":"https:\/\/pawz.rs\/en\/wp-json\/wp\/v2\/media\/13105"}],"wp:attachment":[{"href":"https:\/\/pawz.rs\/en\/wp-json\/wp\/v2\/media?parent=13102"}],"wp:term":[{"taxonomy":"pwb-brand","embeddable":true,"href":"https:\/\/pawz.rs\/en\/wp-json\/wp\/v2\/pwb-brand?post=13102"},{"taxonomy":"product_cat","embeddable":true,"href":"https:\/\/pawz.rs\/en\/wp-json\/wp\/v2\/product_cat?post=13102"},{"taxonomy":"product_tag","embeddable":true,"href":"https:\/\/pawz.rs\/en\/wp-json\/wp\/v2\/product_tag?post=13102"}],"curies":[{"name":"wp","href":"https:\/\/api.w.org\/{rel}","templated":true}]}}