{"id":13922,"date":"2023-03-27T16:28:50","date_gmt":"2023-03-27T14:28:50","guid":{"rendered":"https:\/\/pawz.rs\/?post_type=product&#038;p=13922"},"modified":"2025-01-29T10:04:22","modified_gmt":"2025-01-29T09:04:22","slug":"tauro-pro-line-pure-mist","status":"publish","type":"product","link":"https:\/\/pawz.rs\/en\/tauro-pro-line-pure-mist\/","title":{"rendered":"Tauro Pro Line Pure Mist"},"content":{"rendered":"<p class=\"my-3 tamnozelena2\"><strong>Tauro Pro <\/strong><strong>Line Pure Mist<\/strong><\/p>\n<p>Sredstvo bez mirisa namenjeno za svakodnevnu negu dlake pasa i ma\u010daka. \u0160titi ko\u017eu od osipanja i alergija.<\/p>\n<p>Multifunkcionalno sredstvo proizvedeno uz pomo\u0107 elektrohemijske aktivacije. Ovaj proces proizvodi alkalnu vodu \u010dija je PH vrednost 11,3. Napravljeno je za svakodnevnu negu ko\u017ee, krzna, o\u010diju i u\u0161iju.<\/p>\n<ul>\n<li><strong>Higijena o\u010diju: <\/strong>Uklanja prljav\u0161tinu i mrlje od suza. Slobodno poprskajte sredstvo direktno u o\u010di ljubimca a \u010diste\u0107i ih pamu\u010dnim tuferom<\/li>\n<li><strong>Nega u\u0161iju: <\/strong>Uklanja prljav\u0161itu iz u\u0161iju. Slobodno poprskajte\u00a0sredstvo direktno u u\u0161i ljubimca a \u010diste\u0107i ih pamu\u010dnim tuferom<\/li>\n<li><strong>Nega krzna: <\/strong>Sredstvo \u0161titi ko\u017eu od osipanja i alergija. Poma\u017ee da se ukloni prljav\u0161tina i fleke od urina sa ko\u017ee i dlake. Potpoma\u017ee proizvodnju kolagena. 10 puta vi\u0161e vla\u017ei ko\u017eu od vode. Poprskajte direktno na dlaku<\/li>\n<li><strong>Antistati\u010dki efekat: <\/strong>Visoka alkalnost spre\u010dava pojavu stati\u010dkog elektriciteta. Idealno za kori\u0161\u0107enje na izlo\u017ebama kada dlaka treba da bude u vrhunskoj kondiciji<\/li>\n<li><strong>Dezinfekcija: <\/strong>Kisela sredina je idealna za razmno\u017eavanje patogenih bakterija. Alkalna voda je ne\u0161to \u0161to ne prija bakterijama tako da je ovo sredstvo pogodno za dezinfekciju.<\/li>\n<li><strong>Kozmeti\u010dki efekat: <\/strong>Kada se koristi u kombinaciji sa \u0161amponom, balzamom i ostalom kozmetikom, pove\u0107ava njihovu efikasnost 7 puta.<\/li>\n<li><strong>Efekat vla\u017eenja: <\/strong>\u0160titi ko\u017eu od isu\u0161ivanja i alergija<\/li>\n<li><strong>Efekat \u010di\u0161\u0107enja: <\/strong>Poma\u017ee da se uklone sme\u0111e mrlje i uklanja prljav\u0161tinu i fleke od urina sa ko\u017ee i krzna<\/li>\n<li><strong>Lak za kori\u0161\u0107enje: <\/strong>Dovoljno je naneti sredstvo na zaprljano mesto<\/li>\n<\/ul>\n<p><strong>Sastav:<br \/>\n<\/strong>11,3 PH jonizovana voda koja sadr\u017ei 6 jona: Ca2+, Mg2+, HCO3-, Cl-, SO42-, Na+.<\/p>\n<p><strong>Uputstvo za upotrebu:<\/strong><\/p>\n<ul>\n<li>Poprskajte 1-2 puta u o\u010di ili u\u0161i i o\u010distite pamu\u010dnim tuferom.<\/li>\n<li>Poprskajte na \u010distu, mokru dlaku ljubimca pre su\u0161enja. Ukoliko nema problema sa dlakom mo\u017eete poprskati i kada je suva.<\/li>\n<li>Za ljubimce te\u017eine do 10kg 3-5 puta; 10-25kg 5-7 puta; preko 25kg 7-10puta<\/li>\n<li>Koristite u kombinaciji sa drugim proizvodima Tauro Pro Line kako bi pove\u0107ali njihovu efikasnost.<\/li>\n<\/ul>\n<p>Proizvo\u0111a\u010d: AKVATERA LT, UAB; EU<br \/>\nZemlja porekla: Litvanija<\/p>\n\n    <div class=\"xs_social_share_widget xs_share_url after_content \t\tmain_content  wslu-style-1 wslu-share-box-shaped wslu-fill-colored wslu-none wslu-share-horizontal wslu-theme-font-no wslu-main_content\">\n\n\t\t\n        <ul>\n\t\t\t        <\/ul>\n    <\/div>","protected":false},"excerpt":{"rendered":"<p class=\"my-3 tamnozelena2\">Tauro Pro Line Pure Mist je sredstvo bez mirisa namenjeno za svakodnevnu negu dlake pasa i ma\u010daka. \u0160titi ko\u017eu od osipanja i alergija.<\/p>","protected":false},"featured_media":13641,"comment_status":"open","ping_status":"closed","template":"","meta":{"_acf_changed":false},"pwb-brand":[374],"product_cat":[23,80,344,47,104,368],"product_tag":[],"class_list":{"0":"post-13922","1":"product","2":"type-product","3":"status-publish","4":"has-post-thumbnail","6":"pwb-brand-tauro-pro-line","7":"product_cat-macke","8":"product_cat-higijena-nega-macaka","9":"product_cat-regeneratori-za-macke","10":"product_cat-psi","11":"product_cat-higijena-i-nega-pasa","12":"product_cat-regeneratori-za-pse","14":"first","15":"instock","16":"taxable","17":"shipping-taxable","18":"purchasable","19":"product-type-variable","20":"has-default-attributes"},"acf":[],"brands":[{"id":374,"name":"Tauro Pro Line","slug":"tauro-pro-line"}],"_links":{"self":[{"href":"https:\/\/pawz.rs\/en\/wp-json\/wp\/v2\/product\/13922","targetHints":{"allow":["GET"]}}],"collection":[{"href":"https:\/\/pawz.rs\/en\/wp-json\/wp\/v2\/product"}],"about":[{"href":"https:\/\/pawz.rs\/en\/wp-json\/wp\/v2\/types\/product"}],"replies":[{"embeddable":true,"href":"https:\/\/pawz.rs\/en\/wp-json\/wp\/v2\/comments?post=13922"}],"wp:featuredmedia":[{"embeddable":true,"href":"https:\/\/pawz.rs\/en\/wp-json\/wp\/v2\/media\/13641"}],"wp:attachment":[{"href":"https:\/\/pawz.rs\/en\/wp-json\/wp\/v2\/media?parent=13922"}],"wp:term":[{"taxonomy":"pwb-brand","embeddable":true,"href":"https:\/\/pawz.rs\/en\/wp-json\/wp\/v2\/pwb-brand?post=13922"},{"taxonomy":"product_cat","embeddable":true,"href":"https:\/\/pawz.rs\/en\/wp-json\/wp\/v2\/product_cat?post=13922"},{"taxonomy":"product_tag","embeddable":true,"href":"https:\/\/pawz.rs\/en\/wp-json\/wp\/v2\/product_tag?post=13922"}],"curies":[{"name":"wp","href":"https:\/\/api.w.org\/{rel}","templated":true}]}}