{"id":13944,"date":"2023-03-27T18:35:15","date_gmt":"2023-03-27T16:35:15","guid":{"rendered":"https:\/\/pawz.rs\/?post_type=product&#038;p=13944"},"modified":"2026-02-01T14:07:43","modified_gmt":"2026-02-01T13:07:43","slug":"greenfields-shampoo-conditioner","status":"publish","type":"product","link":"https:\/\/pawz.rs\/en\/greenfields-shampoo-conditioner\/","title":{"rendered":"Greenfields Shampoo &#038; Conditioner"},"content":{"rendered":"<p><strong>Greenfields <\/strong><strong>Shampoo &amp; Conditioner<\/strong><\/p>\n<p>Ova klasi\u010dna formula je kompletna nega dlake pas u jednoj bo\u010dici-\u0161ampon i balzam.<br \/>\nProizvod je namenjen svim tipovima dlake i obezbe\u0111uje ve\u0107i volumen dlake i dodatni sjaj. Kako je ovaj proizvod zapravo 2 u 1, vreme kupanja je prepolovljeno.<\/p>\n<ul>\n<li>\u00a0Blagi \u0161ampon i balsam u jednoj bo\u010dici<\/li>\n<li>\u00a0Sadr\u017ei provitamin B5 i PH je izbalansiran<\/li>\n<li>\u00a0Omogu\u0107ava lak\u0161e ra\u0161\u010de\u0161ljavanje dlake<\/li>\n<li>Pogodan za sve rase pasa<\/li>\n<li>Pogodan za svakodnevnu upotrebu<\/li>\n<li>Ne sad\u017ei parabene<\/li>\n<li>PH izbalansiran<\/li>\n<li>Parfemske komponente ne izazivaju alergije<\/li>\n<\/ul>\n<p><strong>Uputstvo za upotrebu:<\/strong><br \/>\nNakvasite temeljno dlaku psa mlakom vodom. Rukama nanesite \u0161ampon na krzno. O\u0161trim pokretima utrljajte \u0161ampon u dlaku psa po\u010dev od grla, dok ne po\u010dne da se stvara dobra pena. Temeljno isperite dlaku mlakom vodom. Prosu\u0161ite dlaku pe\u0161kirom ili fenom. I\u0161\u010detkajte krzno dok je jo\u0161 vla\u017eno. Potpuno osu\u0161ite dlaku i ponovo je o\u010detkajte.<\/p>\n<p>Proizvo\u0111a\u010d: Greenfields<br \/>\nZemlja porekla: Holandija<\/p>\n\n    <div class=\"xs_social_share_widget xs_share_url after_content \t\tmain_content  wslu-style-1 wslu-share-box-shaped wslu-fill-colored wslu-none wslu-share-horizontal wslu-theme-font-no wslu-main_content\">\n\n\t\t\n        <ul>\n\t\t\t        <\/ul>\n    <\/div>","protected":false},"excerpt":{"rendered":"<p>Greenfields Shampoo &amp; Conditioner je kompletna formula za negu dlake psa u jednoj bo\u010dici- \u0161ampon i balzam.<\/p>","protected":false},"featured_media":13952,"comment_status":"open","ping_status":"closed","template":"","meta":{"_acf_changed":false},"pwb-brand":[407],"product_cat":[47,104,369,368],"product_tag":[],"class_list":{"0":"post-13944","1":"product","2":"type-product","3":"status-publish","4":"has-post-thumbnail","6":"pwb-brand-greenfields","7":"product_cat-psi","8":"product_cat-higijena-i-nega-pasa","9":"product_cat-samponi-za-pse","10":"product_cat-regeneratori-za-pse","12":"first","13":"instock","14":"taxable","15":"shipping-taxable","16":"purchasable","17":"product-type-variable","18":"has-default-attributes"},"acf":[],"brands":[{"id":407,"name":"Greenfields","slug":"greenfields"}],"_links":{"self":[{"href":"https:\/\/pawz.rs\/en\/wp-json\/wp\/v2\/product\/13944","targetHints":{"allow":["GET"]}}],"collection":[{"href":"https:\/\/pawz.rs\/en\/wp-json\/wp\/v2\/product"}],"about":[{"href":"https:\/\/pawz.rs\/en\/wp-json\/wp\/v2\/types\/product"}],"replies":[{"embeddable":true,"href":"https:\/\/pawz.rs\/en\/wp-json\/wp\/v2\/comments?post=13944"}],"wp:featuredmedia":[{"embeddable":true,"href":"https:\/\/pawz.rs\/en\/wp-json\/wp\/v2\/media\/13952"}],"wp:attachment":[{"href":"https:\/\/pawz.rs\/en\/wp-json\/wp\/v2\/media?parent=13944"}],"wp:term":[{"taxonomy":"pwb-brand","embeddable":true,"href":"https:\/\/pawz.rs\/en\/wp-json\/wp\/v2\/pwb-brand?post=13944"},{"taxonomy":"product_cat","embeddable":true,"href":"https:\/\/pawz.rs\/en\/wp-json\/wp\/v2\/product_cat?post=13944"},{"taxonomy":"product_tag","embeddable":true,"href":"https:\/\/pawz.rs\/en\/wp-json\/wp\/v2\/product_tag?post=13944"}],"curies":[{"name":"wp","href":"https:\/\/api.w.org\/{rel}","templated":true}]}}