{"id":13951,"date":"2023-03-27T18:43:39","date_gmt":"2023-03-27T16:43:39","guid":{"rendered":"https:\/\/pawz.rs\/?post_type=product&#038;p=13951"},"modified":"2026-02-01T14:07:42","modified_gmt":"2026-02-01T13:07:42","slug":"greenfields-aloe-vera-shampoo","status":"publish","type":"product","link":"https:\/\/pawz.rs\/en\/greenfields-aloe-vera-shampoo\/","title":{"rendered":"Greenfields Aloe Vera Shampoo 270 ml"},"content":{"rendered":"<p><strong>Greenfields <\/strong><strong>Aloe Vera Shampoo 250 ml<\/strong><\/p>\n<p>Luksuzna formula\u00a0Aloe Vera \u0161ampona oboga\u0107ena\u00a0 je aloa verom i citronelom.Ovaj mo\u0107ni \u0161ampon obnavlja suvu i o\u0161te\u0107enu dlaku i poma\u017ee o\u010duvanju prirodnog balansa vla\u017enosti ko\u017ee. Sastojci su oboga\u0107en i prirodnim i esencijalnim uljima koji smiruju svrab I iritaciju ko\u017ee a kupanje \u010dine prijatnijim za Va\u0161eg psa i Vas. Kupka puna priprodnih sastojaka \u010dini dlaku mekanom i \u010distom.<\/p>\n<ul>\n<li>Blag \u0161ampon koji omek\u0161ava ko\u017eu<\/li>\n<li>\u010cisti i hrani ko\u017eu i dlaku psa<\/li>\n<li>Poma\u017ee uklanjanju iritacija ko\u017ee izazvanih dehidratacijom<\/li>\n<li>Pogodan za sve tipove dlake<\/li>\n<li>Pogodan za pse sa iziritiranom i suvom ko\u017eom<\/li>\n<li>Ne sad\u017ei parabene<\/li>\n<li>PH izbalansiran<\/li>\n<li>Parfemske komponente ne izazivaju alergije<\/li>\n<\/ul>\n<p><strong>Uputstvo za upotrebu:<\/strong><br \/>\nNakvasite temeljno dlaku psa mlakom vodom. Rukama nanesite \u0161ampon na krzno. O\u0161trim pokretima utrljajte \u0161ampon u dlaku psa po\u010dev od grla, dok ne po\u010dne da se stvara dobra pena. Temeljno isperite dlaku mlakom vodom. Prosu\u0161ite dlaku pe\u0161kirom ili fenom. I\u0161\u010detkajte krzno dok je jo\u0161 vla\u017eno. Potpuno osu\u0161ite dlaku i ponovo je o\u010detkajte.<\/p>\n<p>Proizvo\u0111a\u010d: Greenfields<br \/>\nZemlja porekla: Holandija<\/p>\n\n    <div class=\"xs_social_share_widget xs_share_url after_content \t\tmain_content  wslu-style-1 wslu-share-box-shaped wslu-fill-colored wslu-none wslu-share-horizontal wslu-theme-font-no wslu-main_content\">\n\n\t\t\n        <ul>\n\t\t\t        <\/ul>\n    <\/div>","protected":false},"excerpt":{"rendered":"<p>Greenfields Aloe Vera Shampoo je \u0161ampon koji obnavlja suvu i o\u0161te\u0107enu dlaku i poma\u017ee o\u010duvanju prirodnog balansa vla\u017enosti ko\u017ee.<\/p>","protected":false},"featured_media":14261,"comment_status":"open","ping_status":"closed","template":"","meta":{"_acf_changed":false},"pwb-brand":[407],"product_cat":[47,104,369],"product_tag":[],"class_list":{"0":"post-13951","1":"product","2":"type-product","3":"status-publish","4":"has-post-thumbnail","6":"pwb-brand-greenfields","7":"product_cat-psi","8":"product_cat-higijena-i-nega-pasa","9":"product_cat-samponi-za-pse","11":"first","12":"instock","13":"taxable","14":"shipping-taxable","15":"purchasable","16":"product-type-simple"},"acf":[],"brands":[{"id":407,"name":"Greenfields","slug":"greenfields"}],"_links":{"self":[{"href":"https:\/\/pawz.rs\/en\/wp-json\/wp\/v2\/product\/13951","targetHints":{"allow":["GET"]}}],"collection":[{"href":"https:\/\/pawz.rs\/en\/wp-json\/wp\/v2\/product"}],"about":[{"href":"https:\/\/pawz.rs\/en\/wp-json\/wp\/v2\/types\/product"}],"replies":[{"embeddable":true,"href":"https:\/\/pawz.rs\/en\/wp-json\/wp\/v2\/comments?post=13951"}],"wp:featuredmedia":[{"embeddable":true,"href":"https:\/\/pawz.rs\/en\/wp-json\/wp\/v2\/media\/14261"}],"wp:attachment":[{"href":"https:\/\/pawz.rs\/en\/wp-json\/wp\/v2\/media?parent=13951"}],"wp:term":[{"taxonomy":"pwb-brand","embeddable":true,"href":"https:\/\/pawz.rs\/en\/wp-json\/wp\/v2\/pwb-brand?post=13951"},{"taxonomy":"product_cat","embeddable":true,"href":"https:\/\/pawz.rs\/en\/wp-json\/wp\/v2\/product_cat?post=13951"},{"taxonomy":"product_tag","embeddable":true,"href":"https:\/\/pawz.rs\/en\/wp-json\/wp\/v2\/product_tag?post=13951"}],"curies":[{"name":"wp","href":"https:\/\/api.w.org\/{rel}","templated":true}]}}