{"id":13982,"date":"2023-03-27T19:02:37","date_gmt":"2023-03-27T17:02:37","guid":{"rendered":"https:\/\/pawz.rs\/?post_type=product&#038;p=13982"},"modified":"2026-02-01T14:07:43","modified_gmt":"2026-02-01T13:07:43","slug":"greenfields-detangler-spray","status":"publish","type":"product","link":"https:\/\/pawz.rs\/en\/greenfields-detangler-spray\/","title":{"rendered":"Greenfields Detangler Spray 270 ml"},"content":{"rendered":"<p><strong>Greenfields <\/strong><strong>Detangler Spray 250 ml<\/strong><\/p>\n<p>Ovaj sprej je savr\u0161en za dugodlake pse i pse sa\u00a0 kovrd\u017eavom dlakom. Omek\u0161ava ko\u017eu a dlaci daje sjaj. Detangler sprej poma\u017ee da se dlaka\u00a0 lak\u0161e ra\u0161\u010de\u0161lja i na njoj nema \u010dvori\u0107a i u\u0107ebanih delova.<\/p>\n<ul>\n<li>Sprej za ra\u0161\u010de\u0161ljavanje dlake<\/li>\n<li>Sadr\u017ei ekstrakte kamilice i aloe vere<\/li>\n<li>Idealan za pse sa dugom dlakom<\/li>\n<li>Ne sad\u017ei parabene<\/li>\n<li>PH izbalansiran<\/li>\n<li>Parfemske komponente ne izazivaju alergije<\/li>\n<\/ul>\n<p><strong>Uputstvo za upotrebu:<\/strong><br \/>\nIsprskati sprej na suvo krzno ili posle kupanja odgovaraju\u0107im Greenfields \u0161amonom\u00a0 i umasirati ga u dlaku.Ostaviti da deluje 1 minut. Ra\u0161\u010de\u0161ljati dlaku\u00a0 \u010de\u0161ljem ili \u010detkom. Nije potrebno ispiranje.<\/p>\n<p>Proizvo\u0111a\u010d: Greenfields<br \/>\nZemlja porekla: Holandija<\/p>\n<p>&nbsp;<\/p>\n\n    <div class=\"xs_social_share_widget xs_share_url after_content \t\tmain_content  wslu-style-1 wslu-share-box-shaped wslu-fill-colored wslu-none wslu-share-horizontal wslu-theme-font-no wslu-main_content\">\n\n\t\t\n        <ul>\n\t\t\t        <\/ul>\n    <\/div>","protected":false},"excerpt":{"rendered":"<p>Greenfields Detangler Spray je savr\u0161en sprej za dugodlake pse i pse sa kovrd\u017eavom dlakom.<\/p>","protected":false},"featured_media":13957,"comment_status":"open","ping_status":"closed","template":"","meta":{"_acf_changed":false},"pwb-brand":[407],"product_cat":[47,104],"product_tag":[],"class_list":{"0":"post-13982","1":"product","2":"type-product","3":"status-publish","4":"has-post-thumbnail","6":"pwb-brand-greenfields","7":"product_cat-psi","8":"product_cat-higijena-i-nega-pasa","10":"first","11":"instock","12":"taxable","13":"shipping-taxable","14":"purchasable","15":"product-type-simple"},"acf":[],"brands":[{"id":407,"name":"Greenfields","slug":"greenfields"}],"_links":{"self":[{"href":"https:\/\/pawz.rs\/en\/wp-json\/wp\/v2\/product\/13982","targetHints":{"allow":["GET"]}}],"collection":[{"href":"https:\/\/pawz.rs\/en\/wp-json\/wp\/v2\/product"}],"about":[{"href":"https:\/\/pawz.rs\/en\/wp-json\/wp\/v2\/types\/product"}],"replies":[{"embeddable":true,"href":"https:\/\/pawz.rs\/en\/wp-json\/wp\/v2\/comments?post=13982"}],"wp:featuredmedia":[{"embeddable":true,"href":"https:\/\/pawz.rs\/en\/wp-json\/wp\/v2\/media\/13957"}],"wp:attachment":[{"href":"https:\/\/pawz.rs\/en\/wp-json\/wp\/v2\/media?parent=13982"}],"wp:term":[{"taxonomy":"pwb-brand","embeddable":true,"href":"https:\/\/pawz.rs\/en\/wp-json\/wp\/v2\/pwb-brand?post=13982"},{"taxonomy":"product_cat","embeddable":true,"href":"https:\/\/pawz.rs\/en\/wp-json\/wp\/v2\/product_cat?post=13982"},{"taxonomy":"product_tag","embeddable":true,"href":"https:\/\/pawz.rs\/en\/wp-json\/wp\/v2\/product_tag?post=13982"}],"curies":[{"name":"wp","href":"https:\/\/api.w.org\/{rel}","templated":true}]}}