{"id":13983,"date":"2023-03-27T19:12:54","date_gmt":"2023-03-27T17:12:54","guid":{"rendered":"https:\/\/pawz.rs\/?post_type=product&#038;p=13983"},"modified":"2026-02-01T14:07:43","modified_gmt":"2026-02-01T13:07:43","slug":"greenfields-spraygo-dog-shampoo","status":"publish","type":"product","link":"https:\/\/pawz.rs\/en\/greenfields-spraygo-dog-shampoo\/","title":{"rendered":"Greenfields Spray&amp;Go Dog shampoo 250 ml"},"content":{"rendered":"<p><strong>Greenfields <\/strong><strong>Spray&amp;Go Dog shampoo 250 ml<\/strong><\/p>\n<p>Spray &amp; Go\u00a0nudi brz i zgodan na\u010din da o\u010distite dlaku va\u0161eg psa bez klasi\u010dnog kupanja I ispiranja. \u0160ampon za suvo pranje je savr\u0161en za putovanja ili osvezavanje dlake psa izme\u0111u dva kupanja. Osve\u017eavaju\u0107i miris ovog \u0161ampona za suvo pranje pru\u017ea prijatan miris dlaci va\u0161eg psa bez kupanja.<\/p>\n<ul>\n<li>Koncentrovan suvi \u0161ampon<\/li>\n<li>Proteini svile za meku dlaku<\/li>\n<li>Nakon upotrebe dlaka je sve\u017ea, sjajna i prijatnog mirisa<\/li>\n<li>Idealan za kori\u0161\u0107enje tokom \u0161etnje iIi putovanja<\/li>\n<li>Pogodan za sve rase pasa<\/li>\n<li>Ne sad\u017ei parabene<\/li>\n<li>PH izbalansiran<\/li>\n<li>Parfemske komponente ne izazivaju alergije<\/li>\n<\/ul>\n<p><strong>Uputstvo za upotrebu:<\/strong><br \/>\nSamo poprskajte dlaku va\u0161eg psa i utrljajte sprej pe\u0161kirom. Nakon toga, za dodatni sjaj i jo\u0161 prijatniji miris mo\u017eete iskoristiti Greenfields losion za pse.<\/p>\n<p>Proizvo\u0111a\u010d: Greenfields<br \/>\nZemlja porekla: Holandija<\/p>\n<p>&nbsp;<\/p>\n\n    <div class=\"xs_social_share_widget xs_share_url after_content \t\tmain_content  wslu-style-1 wslu-share-box-shaped wslu-fill-colored wslu-none wslu-share-horizontal wslu-theme-font-no wslu-main_content\">\n\n\t\t\n        <ul>\n\t\t\t        <\/ul>\n    <\/div>","protected":false},"excerpt":{"rendered":"<p>Greenfields Spray&amp;Go Dog shampoo je \u0161ampon za suvo pranje, savr\u0161en za putovanja ili osvezavanje dlake psa izme\u0111u dva kupanja.<\/p>","protected":false},"featured_media":13953,"comment_status":"open","ping_status":"closed","template":"","meta":{"_acf_changed":false},"pwb-brand":[407],"product_cat":[47,104,369],"product_tag":[],"class_list":{"0":"post-13983","1":"product","2":"type-product","3":"status-publish","4":"has-post-thumbnail","6":"pwb-brand-greenfields","7":"product_cat-psi","8":"product_cat-higijena-i-nega-pasa","9":"product_cat-samponi-za-pse","11":"first","12":"instock","13":"taxable","14":"shipping-taxable","15":"purchasable","16":"product-type-simple"},"acf":[],"brands":[{"id":407,"name":"Greenfields","slug":"greenfields"}],"_links":{"self":[{"href":"https:\/\/pawz.rs\/en\/wp-json\/wp\/v2\/product\/13983","targetHints":{"allow":["GET"]}}],"collection":[{"href":"https:\/\/pawz.rs\/en\/wp-json\/wp\/v2\/product"}],"about":[{"href":"https:\/\/pawz.rs\/en\/wp-json\/wp\/v2\/types\/product"}],"replies":[{"embeddable":true,"href":"https:\/\/pawz.rs\/en\/wp-json\/wp\/v2\/comments?post=13983"}],"wp:featuredmedia":[{"embeddable":true,"href":"https:\/\/pawz.rs\/en\/wp-json\/wp\/v2\/media\/13953"}],"wp:attachment":[{"href":"https:\/\/pawz.rs\/en\/wp-json\/wp\/v2\/media?parent=13983"}],"wp:term":[{"taxonomy":"pwb-brand","embeddable":true,"href":"https:\/\/pawz.rs\/en\/wp-json\/wp\/v2\/pwb-brand?post=13983"},{"taxonomy":"product_cat","embeddable":true,"href":"https:\/\/pawz.rs\/en\/wp-json\/wp\/v2\/product_cat?post=13983"},{"taxonomy":"product_tag","embeddable":true,"href":"https:\/\/pawz.rs\/en\/wp-json\/wp\/v2\/product_tag?post=13983"}],"curies":[{"name":"wp","href":"https:\/\/api.w.org\/{rel}","templated":true}]}}