{"id":14043,"date":"2023-03-28T14:47:35","date_gmt":"2023-03-28T12:47:35","guid":{"rendered":"https:\/\/pawz.rs\/?post_type=product&#038;p=14043"},"modified":"2026-02-01T14:07:51","modified_gmt":"2026-02-01T13:07:51","slug":"greenfields-wire-coat-shampoo","status":"publish","type":"product","link":"https:\/\/pawz.rs\/en\/greenfields-wire-coat-shampoo\/","title":{"rendered":"Greenfields Wire Coat Shampoo 270 ml"},"content":{"rendered":"<p><strong>Greenfields <\/strong><strong>Wire Coat Shampoo 250 ml<\/strong><\/p>\n<p>Ovaj jedinstveni \u0161ampon \u010duva teksturu dlake o\u0161trodlakih i pasa sa grubljom dlakom. On ne\u0107e skinuti sa dlake prirodnu za\u0161titu,niti\u00a0 omek\u0161ati ili o\u0161tetiti strukturu o\u0161tre dlake.<\/p>\n<ul>\n<li>Specijalno formulisan za pse sa o\u0161trom dlakom<\/li>\n<li>Hrani krzno i odr\u017eava ga u dobroj kondiciji<\/li>\n<li>\u010cini dlaku zdravom i sjajnom<\/li>\n<li>Poma\u017ee lak\u0161em ra\u0161\u010de\u0161ljavanju dlake<\/li>\n<li>Ne sad\u017ei parabene<\/li>\n<li>PH izbalansiran<\/li>\n<li>Parfemske komponente ne izazivaju alergije<\/li>\n<\/ul>\n<p><strong>Uputstvo za upotrebu:<\/strong><br \/>\nNakvasite temeljno dlaku psa mlakom vodom. Rukama nanesite \u0161ampon na krzno. O\u0161trim pokretima utrljajte \u0161ampon u dlaku psa po\u010dev od grla, dok ne po\u010dne da se stvara dobra pena. Temeljno isperite dlaku mlakom vodom. Prosu\u0161ite dlaku pe\u0161kirom ili fenom. I\u0161\u010detkajte krzno dok je jo\u0161 vla\u017eno. Potpuno osu\u0161ite dlaku i ponovo je o\u010detkajte.<\/p>\n<p>Proizvo\u0111a\u010d: Greenfields<br \/>\nZemlja porekla: Holandija<\/p>\n<p>&nbsp;<\/p>\n\n    <div class=\"xs_social_share_widget xs_share_url after_content \t\tmain_content  wslu-style-1 wslu-share-box-shaped wslu-fill-colored wslu-none wslu-share-horizontal wslu-theme-font-no wslu-main_content\">\n\n\t\t\n        <ul>\n\t\t\t        <\/ul>\n    <\/div>","protected":false},"excerpt":{"rendered":"<p>Greenfields Wire Coat Shampoo je jedinstveni \u0161ampon koji \u010duva teksturu dlake o\u0161trodlakih pasa i pasa sa grubljom dlakom.<\/p>","protected":false},"featured_media":13968,"comment_status":"open","ping_status":"closed","template":"","meta":{"_acf_changed":false},"pwb-brand":[407],"product_cat":[47,104,369],"product_tag":[],"class_list":{"0":"post-14043","1":"product","2":"type-product","3":"status-publish","4":"has-post-thumbnail","6":"pwb-brand-greenfields","7":"product_cat-psi","8":"product_cat-higijena-i-nega-pasa","9":"product_cat-samponi-za-pse","11":"first","12":"instock","13":"taxable","14":"shipping-taxable","15":"purchasable","16":"product-type-simple"},"acf":[],"brands":[{"id":407,"name":"Greenfields","slug":"greenfields"}],"_links":{"self":[{"href":"https:\/\/pawz.rs\/en\/wp-json\/wp\/v2\/product\/14043","targetHints":{"allow":["GET"]}}],"collection":[{"href":"https:\/\/pawz.rs\/en\/wp-json\/wp\/v2\/product"}],"about":[{"href":"https:\/\/pawz.rs\/en\/wp-json\/wp\/v2\/types\/product"}],"replies":[{"embeddable":true,"href":"https:\/\/pawz.rs\/en\/wp-json\/wp\/v2\/comments?post=14043"}],"wp:featuredmedia":[{"embeddable":true,"href":"https:\/\/pawz.rs\/en\/wp-json\/wp\/v2\/media\/13968"}],"wp:attachment":[{"href":"https:\/\/pawz.rs\/en\/wp-json\/wp\/v2\/media?parent=14043"}],"wp:term":[{"taxonomy":"pwb-brand","embeddable":true,"href":"https:\/\/pawz.rs\/en\/wp-json\/wp\/v2\/pwb-brand?post=14043"},{"taxonomy":"product_cat","embeddable":true,"href":"https:\/\/pawz.rs\/en\/wp-json\/wp\/v2\/product_cat?post=14043"},{"taxonomy":"product_tag","embeddable":true,"href":"https:\/\/pawz.rs\/en\/wp-json\/wp\/v2\/product_tag?post=14043"}],"curies":[{"name":"wp","href":"https:\/\/api.w.org\/{rel}","templated":true}]}}