{"id":14057,"date":"2023-03-28T15:39:54","date_gmt":"2023-03-28T13:39:54","guid":{"rendered":"https:\/\/pawz.rs\/?post_type=product&#038;p=14057"},"modified":"2026-02-01T14:07:52","modified_gmt":"2026-02-01T13:07:52","slug":"greenfields-sensitive-shampoo-bar","status":"publish","type":"product","link":"https:\/\/pawz.rs\/en\/greenfields-sensitive-shampoo-bar\/","title":{"rendered":"Greenfields Sensitive Shampoo Bar 70 g"},"content":{"rendered":"<p class=\"my-3 tamnozelena2\"><strong>Greenfields <\/strong><strong>Sensitive Shampoo Bar 70 g<\/strong><\/p>\n<div class=\"col-md-12 text-center\">\n<p>\u0160ampon i kondicioner koji je napravljen na bazi prirodnih sastojaka: kinoa i maslinovo ulje.<\/p>\n<p>Greenfields Sensitive Shampoo Bar je namenjen odraslim psima osetljive ko\u017ee i dlake. Aloja Vera smiruje iritiranu ko\u017eu a arganovo ulje sadr\u017ei vitamineminerale i kiseline koje poma\u017eu oporavak o\u0161te\u0107ene ili osetljive dlake.<\/p>\n<p>1 Shampoo bar je jednak pakovanju od 3 plasti\u010dne fla\u0161e i dovoljan je za 60 kupanja. Smanjuje kori\u0161\u0107enje plastike u svakom doma\u0107instvu, poma\u017ee o\u010duvanju \u017eivotne sredine i ima pristupa\u010dnu cenu.<\/p>\n<ul>\n<li>Ph balansiran, ne sadr\u017ei konzervanse i 100% vegan<\/li>\n<li>100% vegan; ne sadr\u017ei plastiku u bilo kakvom obliku<\/li>\n<li>Ne sadr\u017ei parfemske komponente koji izazivaju alergije, silikon, parabene<\/li>\n<li>Omogu\u0107ava da je dlaka Va\u0161eg psa lako \u010de\u0161lja<\/li>\n<li>Ru\u010dno izra\u0111en u Holandiji<\/li>\n<\/ul>\n<\/div>\n<p><strong>Sastav:<br \/>\n<\/strong>Natrijum KoKoil Izetionat, Hidrogenatidovana bljna ulja, Voda, Polligriceril-4 Laurat, Glicerin, Parfem, Ilit, Gluicin ulje soje, Argania Spinosa Kernel ulje, Tetrasodijum Glutamat Diacetat, ekstrakt li\u0161\u0107a Aloe Barbadensis<\/p>\n<p><strong>Uputstvo za upotrebu:<\/strong><br \/>\nPre kupanja temeljno o\u010detkajte Va\u0161eg psa. Pokvasite dlaku Va\u0161eg psa i utrljavajte Shampoo bar dok se ne pojavi sapunica. Potom sapunicom dobro operite dlaku psa. Pazite da sapunica ne do\u0111e u kontakt sa o\u010dima i u\u0161ima. Isperite mlakom vodom.<\/p>\n<p>Proizvo\u0111a\u010d: Greenfields<br \/>\nZemlja porekla: Holandija<\/p>\n\n    <div class=\"xs_social_share_widget xs_share_url after_content \t\tmain_content  wslu-style-1 wslu-share-box-shaped wslu-fill-colored wslu-none wslu-share-horizontal wslu-theme-font-no wslu-main_content\">\n\n\t\t\n        <ul>\n\t\t\t        <\/ul>\n    <\/div>","protected":false},"excerpt":{"rendered":"<p>Greenfields Sensitive Shampoo Bar je \u0161ampon namenjen psima osetljive ko\u017ee i dlake na bazi aloja vere i arganovog ulja u obliku sapuna.<\/p>","protected":false},"featured_media":14091,"comment_status":"open","ping_status":"closed","template":"","meta":{"_acf_changed":false},"pwb-brand":[407],"product_cat":[47,104,369,368],"product_tag":[],"class_list":{"0":"post-14057","1":"product","2":"type-product","3":"status-publish","4":"has-post-thumbnail","6":"pwb-brand-greenfields","7":"product_cat-psi","8":"product_cat-higijena-i-nega-pasa","9":"product_cat-samponi-za-pse","10":"product_cat-regeneratori-za-pse","12":"first","13":"instock","14":"taxable","15":"shipping-taxable","16":"purchasable","17":"product-type-simple"},"acf":[],"brands":[{"id":407,"name":"Greenfields","slug":"greenfields"}],"_links":{"self":[{"href":"https:\/\/pawz.rs\/en\/wp-json\/wp\/v2\/product\/14057","targetHints":{"allow":["GET"]}}],"collection":[{"href":"https:\/\/pawz.rs\/en\/wp-json\/wp\/v2\/product"}],"about":[{"href":"https:\/\/pawz.rs\/en\/wp-json\/wp\/v2\/types\/product"}],"replies":[{"embeddable":true,"href":"https:\/\/pawz.rs\/en\/wp-json\/wp\/v2\/comments?post=14057"}],"wp:featuredmedia":[{"embeddable":true,"href":"https:\/\/pawz.rs\/en\/wp-json\/wp\/v2\/media\/14091"}],"wp:attachment":[{"href":"https:\/\/pawz.rs\/en\/wp-json\/wp\/v2\/media?parent=14057"}],"wp:term":[{"taxonomy":"pwb-brand","embeddable":true,"href":"https:\/\/pawz.rs\/en\/wp-json\/wp\/v2\/pwb-brand?post=14057"},{"taxonomy":"product_cat","embeddable":true,"href":"https:\/\/pawz.rs\/en\/wp-json\/wp\/v2\/product_cat?post=14057"},{"taxonomy":"product_tag","embeddable":true,"href":"https:\/\/pawz.rs\/en\/wp-json\/wp\/v2\/product_tag?post=14057"}],"curies":[{"name":"wp","href":"https:\/\/api.w.org\/{rel}","templated":true}]}}