{"id":14081,"date":"2023-03-28T17:19:07","date_gmt":"2023-03-28T15:19:07","guid":{"rendered":"https:\/\/pawz.rs\/?post_type=product&#038;p=14081"},"modified":"2025-03-03T10:45:11","modified_gmt":"2025-03-03T09:45:11","slug":"greenfields-stain-and-odour-spray","status":"publish","type":"product","link":"https:\/\/pawz.rs\/en\/greenfields-stain-and-odour-spray\/","title":{"rendered":"Greenfields Stain And Odour Spray 400 ml"},"content":{"rendered":"<div class=\"col-md-12 text-center\">\n<div class=\"col-md-12 text-center\">\n<div class=\"col-md-12 text-center\">\n<p class=\"my-3 tamnozelena2\"><strong>Greenfields Stain And Odour Spray 400 ml<\/strong><\/p>\n<p>Sprej sadr\u017ei bio-kulture koje ukljanjaju sve fleke nastale od urina, fecesa, povra\u0107ke ili naslaga hrane. Ovaj sprej se zahvaljuju\u0107i organskim komponentama bori protiv neprijatnih mirisa i mo\u017ee se koristiti na gotovo svim povr\u0161inama i name\u0161taju poput drveta, tepiha, tkanina, plo\u010dica i plastike.<\/p>\n<ul>\n<li>Elimini\u0161e naslage nastale talo\u017eenjem urina, fecesa, povra\u0107ke ili hrane<\/li>\n<li>Bori se protiv\u00a0 neprijatnih mirisa<\/li>\n<li>Ne ostavlja tragove kori\u0161\u0107enja<\/li>\n<li>Ne nanosi \u0161tetu tepisima<\/li>\n<li>Pogodan za kori\u0161\u0107enje na name\u0161taju, posteljini, tepisima i drugim povr\u0161inama<\/li>\n<\/ul>\n<div><strong>Uputstvo za upotrebu:<\/strong><\/div>\n<div>Prvo uklonite naslage bilo kojih navedenih materija. Potom nanesite sprej. Ukoliko je potrebno utrljajte ga krpom ili \u010detkom. Potom ga uklonite krpom. Ponovite proces ukoliko je neophodno dok god se fleka ne ukloni. Za svaki slu\u010daj, sprej prvo testirajte na malom delu tkanine koju treba o\u010distiti zbog eventualnog uklanjanja boje sa nje.<\/div>\n<div><\/div>\n<div>Dostupno u pakovanju od 400ml<\/div>\n<\/div>\n<\/div>\n<\/div>\n<p>Proizvo\u0111a\u010d: Greenfields<br \/>\nZemlja porekla: Holandija<\/p>\n\n    <div class=\"xs_social_share_widget xs_share_url after_content \t\tmain_content  wslu-style-1 wslu-share-box-shaped wslu-fill-colored wslu-none wslu-share-horizontal wslu-theme-font-no wslu-main_content\">\n\n\t\t\n        <ul>\n\t\t\t        <\/ul>\n    <\/div>","protected":false},"excerpt":{"rendered":"<p>Greenfields Stain And Odour Spray je sprej koji sadr\u017ei bio-kulture koje ukljanjaju sve fleke nastale od urina, fecesa, povra\u0107ke ili naslaga hrane.<\/p>","protected":false},"featured_media":13949,"comment_status":"open","ping_status":"closed","template":"","meta":{"_acf_changed":false},"pwb-brand":[407],"product_cat":[23,80,388,47,104,389],"product_tag":[],"class_list":{"0":"post-14081","1":"product","2":"type-product","3":"status-publish","4":"has-post-thumbnail","6":"pwb-brand-greenfields","7":"product_cat-macke","8":"product_cat-higijena-nega-macaka","9":"product_cat-higijenski-proizvodi","10":"product_cat-psi","11":"product_cat-higijena-i-nega-pasa","12":"product_cat-higijenski-proizvodi-higijena-i-nega-pasa","14":"first","15":"instock","16":"taxable","17":"shipping-taxable","18":"purchasable","19":"product-type-simple"},"acf":[],"brands":[{"id":407,"name":"Greenfields","slug":"greenfields"}],"_links":{"self":[{"href":"https:\/\/pawz.rs\/en\/wp-json\/wp\/v2\/product\/14081","targetHints":{"allow":["GET"]}}],"collection":[{"href":"https:\/\/pawz.rs\/en\/wp-json\/wp\/v2\/product"}],"about":[{"href":"https:\/\/pawz.rs\/en\/wp-json\/wp\/v2\/types\/product"}],"replies":[{"embeddable":true,"href":"https:\/\/pawz.rs\/en\/wp-json\/wp\/v2\/comments?post=14081"}],"wp:featuredmedia":[{"embeddable":true,"href":"https:\/\/pawz.rs\/en\/wp-json\/wp\/v2\/media\/13949"}],"wp:attachment":[{"href":"https:\/\/pawz.rs\/en\/wp-json\/wp\/v2\/media?parent=14081"}],"wp:term":[{"taxonomy":"pwb-brand","embeddable":true,"href":"https:\/\/pawz.rs\/en\/wp-json\/wp\/v2\/pwb-brand?post=14081"},{"taxonomy":"product_cat","embeddable":true,"href":"https:\/\/pawz.rs\/en\/wp-json\/wp\/v2\/product_cat?post=14081"},{"taxonomy":"product_tag","embeddable":true,"href":"https:\/\/pawz.rs\/en\/wp-json\/wp\/v2\/product_tag?post=14081"}],"curies":[{"name":"wp","href":"https:\/\/api.w.org\/{rel}","templated":true}]}}