{"id":14083,"date":"2023-03-28T17:24:56","date_gmt":"2023-03-28T15:24:56","guid":{"rendered":"https:\/\/pawz.rs\/?post_type=product&#038;p=14083"},"modified":"2025-03-03T10:45:11","modified_gmt":"2025-03-03T09:45:11","slug":"greenfields-urine-destroy-spray","status":"publish","type":"product","link":"https:\/\/pawz.rs\/en\/greenfields-urine-destroy-spray\/","title":{"rendered":"Greenfields Urine Destroy Spray 400 ml"},"content":{"rendered":"<div class=\"col-md-12 text-center\">\n<div class=\"col-md-12 text-center\">\n<div class=\"col-md-12 text-center\">\n<p class=\"my-3 tamnozelena2\"><strong>Greenfields Urine Destroy Spray 400 ml<\/strong><\/p>\n<p>Ovaj sprej poma\u017ee da se uklone fleke i mirisi urina ljubimaca. Zahvaljuju\u0107i bio-kulturama ove fleke se uklanjaju na prirodan na\u010din. Sprej se mo\u017ee koristiti na svim vrstama podnih povr\u0161ina od drveta, tkanine, plo\u010dica, plastike do svih ostalih materijala. Sprej ne ostavlja tragove i namenjen je svakodnevnoj upotrebi.<\/p>\n<ul>\n<li>Uklanja mrlje od urina<\/li>\n<li>Neutrali\u0161e neprijatne mirise urina<\/li>\n<li>Lak za upotrebu<\/li>\n<li>Pogodan za kori\u0161\u0107enje na svim povr\u0161inama<\/li>\n<li>Pogodan za svakodnevno kori\u0161\u0107enje<\/li>\n<\/ul>\n<div><strong>Uputstvo za upotrebu:<\/strong><br \/>\nNanesite sprej na fleku od urina a onda ga \u010detkom ili suvom krpom utrljavajte dok fleka ne nestane. Ponovite postupak ukoliko je neophodno. Testirajte ga na maloj povr\u0161ini radi provere postojanosti boja.<\/div>\n<\/div>\n<\/div>\n<\/div>\n<p>Proizvo\u0111a\u010d: Greenfields<br \/>\nZemlja porekla: Holandija<\/p>\n\n    <div class=\"xs_social_share_widget xs_share_url after_content \t\tmain_content  wslu-style-1 wslu-share-box-shaped wslu-fill-colored wslu-none wslu-share-horizontal wslu-theme-font-no wslu-main_content\">\n\n\t\t\n        <ul>\n\t\t\t        <\/ul>\n    <\/div>","protected":false},"excerpt":{"rendered":"<p class=\"my-3 tamnozelena2\">Greenfields Urine Destroy Spray je sprej koji poma\u017ee da se uklone fleke i mirisi urina ljubimaca.<\/p>","protected":false},"featured_media":13977,"comment_status":"open","ping_status":"closed","template":"","meta":{"_acf_changed":false},"pwb-brand":[407],"product_cat":[80,104,388,389,23,47],"product_tag":[],"class_list":{"0":"post-14083","1":"product","2":"type-product","3":"status-publish","4":"has-post-thumbnail","6":"pwb-brand-greenfields","7":"product_cat-higijena-nega-macaka","8":"product_cat-higijena-i-nega-pasa","9":"product_cat-higijenski-proizvodi","10":"product_cat-higijenski-proizvodi-higijena-i-nega-pasa","11":"product_cat-macke","12":"product_cat-psi","14":"first","15":"instock","16":"taxable","17":"shipping-taxable","18":"purchasable","19":"product-type-simple"},"acf":[],"brands":[{"id":407,"name":"Greenfields","slug":"greenfields"}],"_links":{"self":[{"href":"https:\/\/pawz.rs\/en\/wp-json\/wp\/v2\/product\/14083","targetHints":{"allow":["GET"]}}],"collection":[{"href":"https:\/\/pawz.rs\/en\/wp-json\/wp\/v2\/product"}],"about":[{"href":"https:\/\/pawz.rs\/en\/wp-json\/wp\/v2\/types\/product"}],"replies":[{"embeddable":true,"href":"https:\/\/pawz.rs\/en\/wp-json\/wp\/v2\/comments?post=14083"}],"wp:featuredmedia":[{"embeddable":true,"href":"https:\/\/pawz.rs\/en\/wp-json\/wp\/v2\/media\/13977"}],"wp:attachment":[{"href":"https:\/\/pawz.rs\/en\/wp-json\/wp\/v2\/media?parent=14083"}],"wp:term":[{"taxonomy":"pwb-brand","embeddable":true,"href":"https:\/\/pawz.rs\/en\/wp-json\/wp\/v2\/pwb-brand?post=14083"},{"taxonomy":"product_cat","embeddable":true,"href":"https:\/\/pawz.rs\/en\/wp-json\/wp\/v2\/product_cat?post=14083"},{"taxonomy":"product_tag","embeddable":true,"href":"https:\/\/pawz.rs\/en\/wp-json\/wp\/v2\/product_tag?post=14083"}],"curies":[{"name":"wp","href":"https:\/\/api.w.org\/{rel}","templated":true}]}}