{"id":14085,"date":"2023-03-28T17:29:56","date_gmt":"2023-03-28T15:29:56","guid":{"rendered":"https:\/\/pawz.rs\/?post_type=product&#038;p=14085"},"modified":"2026-02-01T14:04:09","modified_gmt":"2026-02-01T13:04:09","slug":"greenfields-training-spray","status":"publish","type":"product","link":"https:\/\/pawz.rs\/en\/greenfields-training-spray\/","title":{"rendered":"Greenfields Training Spray 400 ml"},"content":{"rendered":"<div class=\"col-md-12 text-center\">\n<div class=\"col-md-12 text-center\">\n<div class=\"col-md-12 text-center\">\n<p class=\"my-3 tamnozelena2\"><strong>Greenfields Training Spray 400 ml<\/strong><\/p>\n<p>Ovaj sprej je namenjen dresuri Va\u0161eg ljubimca i spre\u010davanju da on uni\u0161tava i \u017eva\u0107e predmete i povr\u0161ine koje Vi \u017eelite da za\u0161titite. Mo\u017ee se koristiti i spolja i unutra.<\/p>\n<ul>\n<li>Poma\u017ee spre\u010davanju ne\u017eeljenog pona\u0161anja<\/li>\n<li>Poma\u017ee u dresuri Va\u0161eg psa ili ma\u010dke<\/li>\n<li>Lak za upotrebu<\/li>\n<li>Idealan za dresuru \u0161tenaca<\/li>\n<li>Nije toksi\u010dan za ljubimce<\/li>\n<\/ul>\n<div><strong>Uputstvo za upotrebu:<\/strong><\/div>\n<div>Poprskajte sprej na staru tkaninu i stavite je na name\u0161taj. Prethodno o\u010distite zaprljanu povr\u0161inu kao i povr\u0161ine oko nje\u00a0 Stain &amp; Odour sprejom i pustite da se osu\u0161i. Nakon toga nanesite Training spray na povr\u0161inu koju \u017eelite da za\u0161titite. Ukoliko postoji sumnja da \u0107e se boja sa name\u0161taja ili tepiha isprati, testirajte sprej na maloj skrivenoj povr\u0161ini pre nano\u0161enja na ve\u0107u.<\/div>\n<div><\/div>\n<div>Dostupno u pakovanju od 400ml<\/div>\n<\/div>\n<\/div>\n<\/div>\n<p>Proizvo\u0111a\u010d: Greenfields<br \/>\nZemlja porekla: Holandija<\/p>\n\n    <div class=\"xs_social_share_widget xs_share_url after_content \t\tmain_content  wslu-style-1 wslu-share-box-shaped wslu-fill-colored wslu-none wslu-share-horizontal wslu-theme-font-no wslu-main_content\">\n\n\t\t\n        <ul>\n\t\t\t        <\/ul>\n    <\/div>","protected":false},"excerpt":{"rendered":"<p class=\"my-3 tamnozelena2\">Greenfields Training Spray je sprej koji je namenjen dresuri Va\u0161eg ljubimca i spre\u010davanju da on uni\u0161tava i \u017eva\u0107e predmete i povr\u0161ine koje Vi \u017eelite da za\u0161titite.<\/p>","protected":false},"featured_media":13980,"comment_status":"open","ping_status":"closed","template":"","meta":{"_acf_changed":false},"pwb-brand":[407],"product_cat":[23,80,388,47,104,389],"product_tag":[],"class_list":{"0":"post-14085","1":"product","2":"type-product","3":"status-publish","4":"has-post-thumbnail","6":"pwb-brand-greenfields","7":"product_cat-macke","8":"product_cat-higijena-nega-macaka","9":"product_cat-higijenski-proizvodi","10":"product_cat-psi","11":"product_cat-higijena-i-nega-pasa","12":"product_cat-higijenski-proizvodi-higijena-i-nega-pasa","14":"first","15":"instock","16":"taxable","17":"shipping-taxable","18":"purchasable","19":"product-type-simple"},"acf":[],"brands":[{"id":407,"name":"Greenfields","slug":"greenfields"}],"_links":{"self":[{"href":"https:\/\/pawz.rs\/en\/wp-json\/wp\/v2\/product\/14085","targetHints":{"allow":["GET"]}}],"collection":[{"href":"https:\/\/pawz.rs\/en\/wp-json\/wp\/v2\/product"}],"about":[{"href":"https:\/\/pawz.rs\/en\/wp-json\/wp\/v2\/types\/product"}],"replies":[{"embeddable":true,"href":"https:\/\/pawz.rs\/en\/wp-json\/wp\/v2\/comments?post=14085"}],"wp:featuredmedia":[{"embeddable":true,"href":"https:\/\/pawz.rs\/en\/wp-json\/wp\/v2\/media\/13980"}],"wp:attachment":[{"href":"https:\/\/pawz.rs\/en\/wp-json\/wp\/v2\/media?parent=14085"}],"wp:term":[{"taxonomy":"pwb-brand","embeddable":true,"href":"https:\/\/pawz.rs\/en\/wp-json\/wp\/v2\/pwb-brand?post=14085"},{"taxonomy":"product_cat","embeddable":true,"href":"https:\/\/pawz.rs\/en\/wp-json\/wp\/v2\/product_cat?post=14085"},{"taxonomy":"product_tag","embeddable":true,"href":"https:\/\/pawz.rs\/en\/wp-json\/wp\/v2\/product_tag?post=14085"}],"curies":[{"name":"wp","href":"https:\/\/api.w.org\/{rel}","templated":true}]}}