{"id":14087,"date":"2023-03-28T17:34:59","date_gmt":"2023-03-28T15:34:59","guid":{"rendered":"https:\/\/pawz.rs\/?post_type=product&#038;p=14087"},"modified":"2026-02-01T14:04:17","modified_gmt":"2026-02-01T13:04:17","slug":"greenfields-stay-away-spray","status":"publish","type":"product","link":"https:\/\/pawz.rs\/en\/greenfields-stay-away-spray\/","title":{"rendered":"Greenfields Stay Away Spray 400 ml"},"content":{"rendered":"<div class=\"col-md-12 text-center\">\n<div class=\"col-md-12 text-center\">\n<div class=\"col-md-12 text-center\">\n<p class=\"my-3 tamnozelena2\"><strong>Greenfields Stay Away Spray 400 ml<\/strong><\/p>\n<p>Ovaj sprej spre\u010dava da Va\u0161i ljubimci vr\u0161e nu\u017edu na povr\u0161inama na kojima Vi ne \u017eelite da oni to rade bilo to negde u Va\u0161em dvori\u0161tu ili u stanu.<\/p>\n<ul>\n<li>Spre\u010dava Va\u0161e ljubimce i druge \u017eivotinje da obavljaju nu\u017edu na povr\u0161inama gde Vi to ne \u017eelite<\/li>\n<li>Svojim sastavom ne ugro\u017eava zdravlje ljubimca<\/li>\n<li>Pogodan za kori\u0161\u0107enje kako napolju tako i unutra<\/li>\n<li>Pogodan za kori\u0161\u0107enje na svim povr\u0161inama<\/li>\n<li>Pogodan za svakodnevno kori\u0161\u0107enje<\/li>\n<\/ul>\n<div><strong>Uputstvo za upotrebu:<\/strong><\/div>\n<div>Prvo uklonite ostatke vr\u0161enja nu\u017ede sa povr\u0161ine na koju \u017eelite da nanesete sprej. Ukoliko je neophodno povr\u0161inu prethodno o\u010distite \u010distom vodom. Promu\u0107kajte bocu spreja pre kori\u0161\u0107enja. Isprskajte \u017eeljene povr\u0161ine. Ponovite postupak ukoliko je neophodno ( na primer ukoliko imate ba\u0161 uporne i tvdoglave ljubimce ).<br \/>\nPonovite postupak na spoljnim povr\u0161inama nakon ki\u0161e.<\/div>\n<div><\/div>\n<div>Dostupno u pakovanju od 400ml<\/div>\n<\/div>\n<\/div>\n<\/div>\n<p>Proizvo\u0111a\u010d: Greenfields<br \/>\nZemlja porekla: Holandija<\/p>\n\n    <div class=\"xs_social_share_widget xs_share_url after_content \t\tmain_content  wslu-style-1 wslu-share-box-shaped wslu-fill-colored wslu-none wslu-share-horizontal wslu-theme-font-no wslu-main_content\">\n\n\t\t\n        <ul>\n\t\t\t        <\/ul>\n    <\/div>","protected":false},"excerpt":{"rendered":"<p class=\"my-3 tamnozelena2\">Greenfields Stay Away Spray je sprej koji spre\u010dava da Va\u0161i ljubimci vr\u0161e nu\u017edu na povr\u0161inama na kojima Vi ne \u017eelite da oni to rade bilo to negde u Va\u0161em dvori\u0161tu ili u stanu.<\/p>","protected":false},"featured_media":13978,"comment_status":"open","ping_status":"closed","template":"","meta":{"_acf_changed":false},"pwb-brand":[407],"product_cat":[23,80,388,47,104,389],"product_tag":[],"class_list":{"0":"post-14087","1":"product","2":"type-product","3":"status-publish","4":"has-post-thumbnail","6":"pwb-brand-greenfields","7":"product_cat-macke","8":"product_cat-higijena-nega-macaka","9":"product_cat-higijenski-proizvodi","10":"product_cat-psi","11":"product_cat-higijena-i-nega-pasa","12":"product_cat-higijenski-proizvodi-higijena-i-nega-pasa","14":"first","15":"instock","16":"taxable","17":"shipping-taxable","18":"purchasable","19":"product-type-simple"},"acf":[],"brands":[{"id":407,"name":"Greenfields","slug":"greenfields"}],"_links":{"self":[{"href":"https:\/\/pawz.rs\/en\/wp-json\/wp\/v2\/product\/14087","targetHints":{"allow":["GET"]}}],"collection":[{"href":"https:\/\/pawz.rs\/en\/wp-json\/wp\/v2\/product"}],"about":[{"href":"https:\/\/pawz.rs\/en\/wp-json\/wp\/v2\/types\/product"}],"replies":[{"embeddable":true,"href":"https:\/\/pawz.rs\/en\/wp-json\/wp\/v2\/comments?post=14087"}],"wp:featuredmedia":[{"embeddable":true,"href":"https:\/\/pawz.rs\/en\/wp-json\/wp\/v2\/media\/13978"}],"wp:attachment":[{"href":"https:\/\/pawz.rs\/en\/wp-json\/wp\/v2\/media?parent=14087"}],"wp:term":[{"taxonomy":"pwb-brand","embeddable":true,"href":"https:\/\/pawz.rs\/en\/wp-json\/wp\/v2\/pwb-brand?post=14087"},{"taxonomy":"product_cat","embeddable":true,"href":"https:\/\/pawz.rs\/en\/wp-json\/wp\/v2\/product_cat?post=14087"},{"taxonomy":"product_tag","embeddable":true,"href":"https:\/\/pawz.rs\/en\/wp-json\/wp\/v2\/product_tag?post=14087"}],"curies":[{"name":"wp","href":"https:\/\/api.w.org\/{rel}","templated":true}]}}