{"id":14104,"date":"2023-03-28T18:26:43","date_gmt":"2023-03-28T16:26:43","guid":{"rendered":"https:\/\/pawz.rs\/?post_type=product&#038;p=14104"},"modified":"2025-10-15T14:28:11","modified_gmt":"2025-10-15T12:28:11","slug":"platinum-oral-cleancare-gel-forte","status":"publish","type":"product","link":"https:\/\/pawz.rs\/en\/platinum-oral-cleancare-gel-forte\/","title":{"rendered":"Platinum Oral Clean+Care Gel Forte 120 ml"},"content":{"rendered":"<div class=\"col-md-12 text-center\">\n<div class=\"col-md-12 text-center\">\n<div class=\"col-md-12 text-center\">\n<p class=\"my-3 tamnozelena2\"><strong>Platinum Oral Clean+Care Gel Forte 120 ml<\/strong><\/p>\n<p>Isti sastav, ja\u010de dejstvo &#8211; za ma\u010dke i pse: uklanja kamenac, le\u010di infekcije desni, bori se protiv halitozisa (neprijatan zadah)<\/p>\n<ul>\n<li>Za ma\u010dke i pse<\/li>\n<li>Uklanja kamenac<\/li>\n<li>Le\u010di infekcije desni<\/li>\n<li>Bori se protiv halitozisa (neprijatan zadah)<\/li>\n<\/ul>\n<div class=\"clearfloat\">\n<div>\n<p><strong>Kori\u0161\u0107enje:<br \/>\n<\/strong>U zavisnosti od te\u017eine ljubimca iscedite odgovaraju\u0107u koli\u010dinu gela na prst, podignite ljubimcu usne na gore i nanesite gel na zube.<br \/>\nNa primer ujutru od napred ka pozadi, a uve\u010de u suprotnom pravcu. Ljubimci ne bi trebalo da jedu i piju 30 minuta pre i 30 minuta posle tretmana.<br \/>\nNakon uspe\u0161no sprovedenog tretmana trebalo bi da nanosite Oral Clean+Care jednom na svaka 3 dana kako bi spre\u010dili talo\u017eenje novog kamenca, za\u0161titili desni od upale i eliminisali neprijatan zadah.<\/p>\n<p>Preporu\u010dujemo prvo kori\u0161\u0107enje Classic linije proizvoda pa tek onda Forte proizvoda.<\/p>\n<p>Prvi deo tretmana zapo\u010dnite sa Oral Clean+Care Classic. Ukoliko Va\u0161 ljubimac dobro reaguje na sam tretman, a ako je neophodno posle prve bo\u010dice pre\u0111ite na Oral Clean+Care Forte.<\/p>\n<p>Bo\u010dica sadr\u017ei 120ml gela<\/p>\n<p>Proizvo\u0111a\u010d: PLATINUM GmbH &amp; Co<br \/>\nCountry of origin: Germany<\/p>\n<\/div>\n<\/div>\n<\/div>\n<\/div>\n<\/div>\n<p>&nbsp;<\/p>\n\n    <div class=\"xs_social_share_widget xs_share_url after_content \t\tmain_content  wslu-style-1 wslu-share-box-shaped wslu-fill-colored wslu-none wslu-share-horizontal wslu-theme-font-no wslu-main_content\">\n\n\t\t\n        <ul>\n\t\t\t        <\/ul>\n    <\/div>","protected":false},"excerpt":{"rendered":"<div class=\"col-md-12 text-center\">\n<p>Oral Clean+Care Gel Forte &#8211; isti sastav, ja\u010de dejstvo &#8211; za ma\u010dke i pse: uklanja kamenac, le\u010di infekcije desni, bori se protiv halitozisa (neprijatan zadah).<\/p>\n<\/div>","protected":false},"featured_media":13525,"comment_status":"open","ping_status":"closed","template":"","meta":{"_acf_changed":false},"pwb-brand":[321],"product_cat":[23,80,445,47,104,444],"product_tag":[],"class_list":{"0":"post-14104","1":"product","2":"type-product","3":"status-publish","4":"has-post-thumbnail","6":"pwb-brand-platinum","7":"product_cat-macke","8":"product_cat-higijena-nega-macaka","9":"product_cat-dentalna-higijena-higijena-nega-macaka","10":"product_cat-psi","11":"product_cat-higijena-i-nega-pasa","12":"product_cat-dentalna-higijena","14":"first","15":"outofstock","16":"taxable","17":"shipping-taxable","18":"purchasable","19":"product-type-simple"},"acf":[],"brands":[{"id":321,"name":"Platinum","slug":"platinum"}],"_links":{"self":[{"href":"https:\/\/pawz.rs\/en\/wp-json\/wp\/v2\/product\/14104","targetHints":{"allow":["GET"]}}],"collection":[{"href":"https:\/\/pawz.rs\/en\/wp-json\/wp\/v2\/product"}],"about":[{"href":"https:\/\/pawz.rs\/en\/wp-json\/wp\/v2\/types\/product"}],"replies":[{"embeddable":true,"href":"https:\/\/pawz.rs\/en\/wp-json\/wp\/v2\/comments?post=14104"}],"wp:featuredmedia":[{"embeddable":true,"href":"https:\/\/pawz.rs\/en\/wp-json\/wp\/v2\/media\/13525"}],"wp:attachment":[{"href":"https:\/\/pawz.rs\/en\/wp-json\/wp\/v2\/media?parent=14104"}],"wp:term":[{"taxonomy":"pwb-brand","embeddable":true,"href":"https:\/\/pawz.rs\/en\/wp-json\/wp\/v2\/pwb-brand?post=14104"},{"taxonomy":"product_cat","embeddable":true,"href":"https:\/\/pawz.rs\/en\/wp-json\/wp\/v2\/product_cat?post=14104"},{"taxonomy":"product_tag","embeddable":true,"href":"https:\/\/pawz.rs\/en\/wp-json\/wp\/v2\/product_tag?post=14104"}],"curies":[{"name":"wp","href":"https:\/\/api.w.org\/{rel}","templated":true}]}}