{"id":14243,"date":"2023-03-29T18:04:32","date_gmt":"2023-03-29T16:04:32","guid":{"rendered":"https:\/\/pawz.rs\/?post_type=product&#038;p=14243"},"modified":"2023-03-30T08:49:08","modified_gmt":"2023-03-30T06:49:08","slug":"gills-sampon-za-suvo-pranje","status":"publish","type":"product","link":"https:\/\/pawz.rs\/en\/gills-sampon-za-suvo-pranje\/","title":{"rendered":"Gills \u0160ampon za suvo pranje"},"content":{"rendered":"<p><strong>Gills \u0160ampon za suvo pranje<\/strong><\/p>\n<p>Gills suvi \u0161ampon za Va\u0161e ku\u0107ne ljubimce u prahu ima posebna svojstva omek\u0161avanja. Ne\u017eno \u010disti i dubinski odma\u0161\u0107uje dlaku \u010dine\u0107i je \u010distom i sjajnom.<br \/>\nNjegove komponente uklanjaju neprijatne mirise sa Va\u0161eg ljubimca.<\/p>\n<p>Proizvo\u0111a\u010d: Croci S.p.a.<br \/>\nZemlja porekla: Kina<\/p>\n<p>&nbsp;<\/p>\n\n    <div class=\"xs_social_share_widget xs_share_url after_content \t\tmain_content  wslu-style-1 wslu-share-box-shaped wslu-fill-colored wslu-none wslu-share-horizontal wslu-theme-font-no wslu-main_content\">\n\n\t\t\n        <ul>\n\t\t\t        <\/ul>\n    <\/div>","protected":false},"excerpt":{"rendered":"<p>Gills \u0160ampon za suvo pranje uklanja neprijatan miris sa dlake Va\u0161eg ljubimca<\/p>","protected":false},"featured_media":14375,"comment_status":"open","ping_status":"closed","template":"","meta":{"_acf_changed":false,"_aa_vp_cena":"","_aa_online_cena":""},"pwb-brand":[415],"product_cat":[80,104,23,47,343,369],"product_tag":[],"class_list":{"0":"post-14243","1":"product","2":"type-product","3":"status-publish","4":"has-post-thumbnail","6":"pwb-brand-croci","7":"product_cat-higijena-nega-macaka","8":"product_cat-higijena-i-nega-pasa","9":"product_cat-macke","10":"product_cat-psi","11":"product_cat-samponi-za-macke","12":"product_cat-samponi-za-pse","14":"first","15":"instock","16":"taxable","17":"shipping-taxable","18":"purchasable","19":"product-type-simple"},"acf":[],"brands":[{"id":415,"name":"Croci","slug":"croci"}],"_links":{"self":[{"href":"https:\/\/pawz.rs\/en\/wp-json\/wp\/v2\/product\/14243","targetHints":{"allow":["GET"]}}],"collection":[{"href":"https:\/\/pawz.rs\/en\/wp-json\/wp\/v2\/product"}],"about":[{"href":"https:\/\/pawz.rs\/en\/wp-json\/wp\/v2\/types\/product"}],"replies":[{"embeddable":true,"href":"https:\/\/pawz.rs\/en\/wp-json\/wp\/v2\/comments?post=14243"}],"wp:featuredmedia":[{"embeddable":true,"href":"https:\/\/pawz.rs\/en\/wp-json\/wp\/v2\/media\/14375"}],"wp:attachment":[{"href":"https:\/\/pawz.rs\/en\/wp-json\/wp\/v2\/media?parent=14243"}],"wp:term":[{"taxonomy":"pwb-brand","embeddable":true,"href":"https:\/\/pawz.rs\/en\/wp-json\/wp\/v2\/pwb-brand?post=14243"},{"taxonomy":"product_cat","embeddable":true,"href":"https:\/\/pawz.rs\/en\/wp-json\/wp\/v2\/product_cat?post=14243"},{"taxonomy":"product_tag","embeddable":true,"href":"https:\/\/pawz.rs\/en\/wp-json\/wp\/v2\/product_tag?post=14243"}],"curies":[{"name":"wp","href":"https:\/\/api.w.org\/{rel}","templated":true}]}}