{"id":14244,"date":"2023-03-29T18:12:07","date_gmt":"2023-03-29T16:12:07","guid":{"rendered":"https:\/\/pawz.rs\/?post_type=product&#038;p=14244"},"modified":"2024-08-12T16:56:23","modified_gmt":"2024-08-12T14:56:23","slug":"bio-groom-groomn-fresh","status":"publish","type":"product","link":"https:\/\/pawz.rs\/en\/bio-groom-groomn-fresh\/","title":{"rendered":"BIO GROOM &#8211; Groom&#8217;n Fresh 355 ml"},"content":{"rendered":"<p><strong>BIO GROOM &#8211; Groom&#8217;n Fresh 355 ml<\/strong><\/p>\n<p>\u0160ampon za prijatan i dugotrajan miris psa.<\/p>\n<p>\u0160ampon napravljen da elimini\u0161e neprijatne mirise, da daje Va\u0161em ljubimcu prijatan miris. Jedinstven miris, dobijen od najboljih probranih svetskih mirisnih ulja. Ovaj ne\u017ean, bez sapunjanja, prirodni \u0161ampon, pere temeljno i bez ispiranja za\u0161titnog sloja na ko\u017ei i krznu. Daje krznu sjaj, a ko\u017ei potrebnu vlagu. Izrazito penu\u0161av, pH neutralan i lako se ispira. Siguran za \u0161tence i ma\u010di\u0107e. Sadr\u017ei pro\u010de\u0161\u0107ena ulja kokosa, semenki palme i kukuruza dobijenih iz obnovljivih i biorazgradivih izvora.<\/p>\n<p><strong>Primena:<\/strong><br \/>\nNakvasite dlaku toplom vodom i nanesite proizvoljnu koli\u010dinu \u0161ampona, izbegavaju\u0107i o\u010di. Napravite penu, ljubimca temeljno isperite i osu\u0161ite pe\u0161kirom. Za bolji rezultat &#8211; ponovite postupak. Rezultat je divno i negovano krzno. Mo\u017ee se razbla\u017eiti vodom.<\/p>\n<p>Biorazgradiv.<\/p>\n<p>\u010cuvati na tamnom i hladnom mestu.<br \/>\nRok upotrebe neograni\u010den.<\/p>\n<p>Proizvo\u0111a\u010d:BIO-DERM laboratories, INC P.O.BOX 8070, USA<br \/>\nZemlja porekla: SAD<\/p>\n<p>&nbsp;<\/p>\n\n    <div class=\"xs_social_share_widget xs_share_url after_content \t\tmain_content  wslu-style-1 wslu-share-box-shaped wslu-fill-colored wslu-none wslu-share-horizontal wslu-theme-font-no wslu-main_content\">\n\n\t\t\n        <ul>\n\t\t\t        <\/ul>\n    <\/div>","protected":false},"excerpt":{"rendered":"<p>BIO GROOM &#8211; Groom&#8217;n Fresh-\u0160ampon za prijatan i dugotrajan miris psa<\/p>","protected":false},"featured_media":14701,"comment_status":"open","ping_status":"closed","template":"","meta":{"_acf_changed":false},"pwb-brand":[446],"product_cat":[47,104,369],"product_tag":[],"class_list":{"0":"post-14244","1":"product","2":"type-product","3":"status-publish","4":"has-post-thumbnail","6":"pwb-brand-bio-groom","7":"product_cat-psi","8":"product_cat-higijena-i-nega-pasa","9":"product_cat-samponi-za-pse","11":"first","12":"instock","13":"taxable","14":"shipping-taxable","15":"purchasable","16":"product-type-simple"},"acf":[],"brands":[{"id":446,"name":"Bio Groom","slug":"bio-groom"}],"_links":{"self":[{"href":"https:\/\/pawz.rs\/en\/wp-json\/wp\/v2\/product\/14244","targetHints":{"allow":["GET"]}}],"collection":[{"href":"https:\/\/pawz.rs\/en\/wp-json\/wp\/v2\/product"}],"about":[{"href":"https:\/\/pawz.rs\/en\/wp-json\/wp\/v2\/types\/product"}],"replies":[{"embeddable":true,"href":"https:\/\/pawz.rs\/en\/wp-json\/wp\/v2\/comments?post=14244"}],"wp:featuredmedia":[{"embeddable":true,"href":"https:\/\/pawz.rs\/en\/wp-json\/wp\/v2\/media\/14701"}],"wp:attachment":[{"href":"https:\/\/pawz.rs\/en\/wp-json\/wp\/v2\/media?parent=14244"}],"wp:term":[{"taxonomy":"pwb-brand","embeddable":true,"href":"https:\/\/pawz.rs\/en\/wp-json\/wp\/v2\/pwb-brand?post=14244"},{"taxonomy":"product_cat","embeddable":true,"href":"https:\/\/pawz.rs\/en\/wp-json\/wp\/v2\/product_cat?post=14244"},{"taxonomy":"product_tag","embeddable":true,"href":"https:\/\/pawz.rs\/en\/wp-json\/wp\/v2\/product_tag?post=14244"}],"curies":[{"name":"wp","href":"https:\/\/api.w.org\/{rel}","templated":true}]}}