{"id":14247,"date":"2023-03-29T18:30:43","date_gmt":"2023-03-29T16:30:43","guid":{"rendered":"https:\/\/pawz.rs\/?post_type=product&#038;p=14247"},"modified":"2024-08-12T16:55:54","modified_gmt":"2024-08-12T14:55:54","slug":"bio-groom-regenerator-dlake-groomn-fresh-creme-rinse","status":"publish","type":"product","link":"https:\/\/pawz.rs\/en\/bio-groom-regenerator-dlake-groomn-fresh-creme-rinse\/","title":{"rendered":"Bio Groom Regenerator dlake Groom\u2019n Fresh Creme Rinse 355 ml"},"content":{"rendered":"<p class=\"product_title entry-title\"><strong>Bio Groom Regenerator dlake Groom\u2019n Fresh Creme Rinse 355 ml<\/strong><\/p>\n<p>Regenerator dlake. Ukalnja neugodne mirise, osve\u017eava ko\u017eu i dlaku.<\/p>\n<p>Vla\u017ei ko\u017eu i olak\u0161ava \u010de\u0161ljanje. Odr\u017eava PH vrednost ko\u017ee, a dlaku \u010dinu mekom i sjajnom.<br \/>\nNamenjen za sve boje i tipove dlake.<\/p>\n<p>\u010cuvati na tamnom i hladnom mestu.<\/p>\n<p>Proizvo\u0111a\u010d:BIO-DERM laboratories, INC P.O.BOX 8070, USA<br \/>\nZemlja porekla: SAD<\/p>\n<p>&nbsp;<\/p>\n\n    <div class=\"xs_social_share_widget xs_share_url after_content \t\tmain_content  wslu-style-1 wslu-share-box-shaped wslu-fill-colored wslu-none wslu-share-horizontal wslu-theme-font-no wslu-main_content\">\n\n\t\t\n        <ul>\n\t\t\t        <\/ul>\n    <\/div>","protected":false},"excerpt":{"rendered":"<p>Bio Groom- Groom\u2019n Fresh Creme Rinse je regenerator dlake<\/p>","protected":false},"featured_media":14698,"comment_status":"open","ping_status":"closed","template":"","meta":{"_acf_changed":false},"pwb-brand":[446],"product_cat":[47,104,368],"product_tag":[],"class_list":{"0":"post-14247","1":"product","2":"type-product","3":"status-publish","4":"has-post-thumbnail","6":"pwb-brand-bio-groom","7":"product_cat-psi","8":"product_cat-higijena-i-nega-pasa","9":"product_cat-regeneratori-za-pse","11":"first","12":"instock","13":"taxable","14":"shipping-taxable","15":"purchasable","16":"product-type-simple"},"acf":[],"brands":[{"id":446,"name":"Bio Groom","slug":"bio-groom"}],"_links":{"self":[{"href":"https:\/\/pawz.rs\/en\/wp-json\/wp\/v2\/product\/14247","targetHints":{"allow":["GET"]}}],"collection":[{"href":"https:\/\/pawz.rs\/en\/wp-json\/wp\/v2\/product"}],"about":[{"href":"https:\/\/pawz.rs\/en\/wp-json\/wp\/v2\/types\/product"}],"replies":[{"embeddable":true,"href":"https:\/\/pawz.rs\/en\/wp-json\/wp\/v2\/comments?post=14247"}],"wp:featuredmedia":[{"embeddable":true,"href":"https:\/\/pawz.rs\/en\/wp-json\/wp\/v2\/media\/14698"}],"wp:attachment":[{"href":"https:\/\/pawz.rs\/en\/wp-json\/wp\/v2\/media?parent=14247"}],"wp:term":[{"taxonomy":"pwb-brand","embeddable":true,"href":"https:\/\/pawz.rs\/en\/wp-json\/wp\/v2\/pwb-brand?post=14247"},{"taxonomy":"product_cat","embeddable":true,"href":"https:\/\/pawz.rs\/en\/wp-json\/wp\/v2\/product_cat?post=14247"},{"taxonomy":"product_tag","embeddable":true,"href":"https:\/\/pawz.rs\/en\/wp-json\/wp\/v2\/product_tag?post=14247"}],"curies":[{"name":"wp","href":"https:\/\/api.w.org\/{rel}","templated":true}]}}