{"id":14248,"date":"2023-03-29T18:50:24","date_gmt":"2023-03-29T16:50:24","guid":{"rendered":"https:\/\/pawz.rs\/?post_type=product&#038;p=14248"},"modified":"2024-08-12T16:59:42","modified_gmt":"2024-08-12T14:59:42","slug":"bio-magic-dry-shampoo-powder-for-cats","status":"publish","type":"product","link":"https:\/\/pawz.rs\/en\/bio-magic-dry-shampoo-powder-for-cats\/","title":{"rendered":"BIO MAGIC Dry Shampoo Powder for Cats 150 g"},"content":{"rendered":"<p class=\"product_title entry-title wd-entities-title\"><strong>BIO MAGIC Dry Shampoo Powder for Cats 150 g<\/strong><\/p>\n<p>Zahvaljuju\u0107i jednostavnoj upotrebi, \u0161ampon u prahu koji sadr\u017ei ekstrakt lavande i ruzmarina za ma\u010dke, daje vitalnost krznu i spre\u010dava neprijatne mirise.<\/p>\n<p>Sastavljen je od 100% prirodnih sastojaka.<br \/>\nBio Magic suvi \u0161ampon u prahu ne sadr\u017ei boje, parabene, sinteti\u010dke parfeme i talk.<\/p>\n<p>Dajevolumen krznu i upija masno\u0107u<br \/>\nEkstrakti lavande i rumarina poma\u017eu tako\u0111e i da dlaka zdravo raste, elimini\u0161u\u0107i probleme ko\u017ee i krzna.<\/p>\n<p><strong>Sastav:<\/strong><br \/>\nLavanda u prahu, ruzmarin u prahu, natrijum bikarbonat i skrob iz tapioke.<\/p>\n<p class=\"product_title entry-title wd-entities-title\"><strong>Upotreba:<br \/>\n<\/strong>Uverite se da je dlaka Va\u0161e ma\u010dke potpuno suva. Lagano posipajte suvi prah \u0161ampona po telu ma\u010dke i masirajte da se prah razma\u017ee po celom telu. Ne\u017eno o\u010detkajte svog ljubimca da biste uklonili vi\u0161ak praha. Prekinite upotrebu ukoliko do\u0111e do iritacije tela.<\/p>\n<p><strong>Upozirenja:<\/strong><br \/>\nNe koristiti na ma\u010di\u0107ima mla\u0111im od 6 nedelja.<br \/>\nIzbegavajte kontakt sa o\u010dima, licem i u\u0161ima.<br \/>\nDr\u017eite van doma\u0161aja dece.<br \/>\n\u010cuvati na sobnoj temperaturi.<\/p>\n<p>Proizvo\u0111a\u010d:BioPetActive<br \/>\nZemlja porekla: Turska<\/p>\n\n    <div class=\"xs_social_share_widget xs_share_url after_content \t\tmain_content  wslu-style-1 wslu-share-box-shaped wslu-fill-colored wslu-none wslu-share-horizontal wslu-theme-font-no wslu-main_content\">\n\n\t\t\n        <ul>\n\t\t\t        <\/ul>\n    <\/div>","protected":false},"excerpt":{"rendered":"<p>Bio Magic suvi \u0161ampon u prahu za ma\u010dke.<\/p>","protected":false},"featured_media":14919,"comment_status":"open","ping_status":"closed","template":"","meta":{"_acf_changed":false},"pwb-brand":[461],"product_cat":[23,80,343],"product_tag":[],"class_list":{"0":"post-14248","1":"product","2":"type-product","3":"status-publish","4":"has-post-thumbnail","6":"pwb-brand-bio-pet-active","7":"product_cat-macke","8":"product_cat-higijena-nega-macaka","9":"product_cat-samponi-za-macke","11":"first","12":"instock","13":"taxable","14":"shipping-taxable","15":"purchasable","16":"product-type-simple"},"acf":[],"brands":[{"id":461,"name":"BIO Pet Active","slug":"bio-pet-active"}],"_links":{"self":[{"href":"https:\/\/pawz.rs\/en\/wp-json\/wp\/v2\/product\/14248","targetHints":{"allow":["GET"]}}],"collection":[{"href":"https:\/\/pawz.rs\/en\/wp-json\/wp\/v2\/product"}],"about":[{"href":"https:\/\/pawz.rs\/en\/wp-json\/wp\/v2\/types\/product"}],"replies":[{"embeddable":true,"href":"https:\/\/pawz.rs\/en\/wp-json\/wp\/v2\/comments?post=14248"}],"wp:featuredmedia":[{"embeddable":true,"href":"https:\/\/pawz.rs\/en\/wp-json\/wp\/v2\/media\/14919"}],"wp:attachment":[{"href":"https:\/\/pawz.rs\/en\/wp-json\/wp\/v2\/media?parent=14248"}],"wp:term":[{"taxonomy":"pwb-brand","embeddable":true,"href":"https:\/\/pawz.rs\/en\/wp-json\/wp\/v2\/pwb-brand?post=14248"},{"taxonomy":"product_cat","embeddable":true,"href":"https:\/\/pawz.rs\/en\/wp-json\/wp\/v2\/product_cat?post=14248"},{"taxonomy":"product_tag","embeddable":true,"href":"https:\/\/pawz.rs\/en\/wp-json\/wp\/v2\/product_tag?post=14248"}],"curies":[{"name":"wp","href":"https:\/\/api.w.org\/{rel}","templated":true}]}}