{"id":14416,"date":"2023-03-30T17:09:04","date_gmt":"2023-03-30T15:09:04","guid":{"rendered":"https:\/\/pawz.rs\/?post_type=product&#038;p=14416"},"modified":"2024-03-01T11:10:53","modified_gmt":"2024-03-01T10:10:53","slug":"oropharma-opti-coat","status":"publish","type":"product","link":"https:\/\/pawz.rs\/en\/oropharma-opti-coat\/","title":{"rendered":"OROPHARMA Opti Coat"},"content":{"rendered":"<p><strong>OROPHARMA Opti Coat<\/strong><\/p>\n<p>Dijetetski suplement koji poma\u017ee da dlaka pasa bude zdrava i sjajna<\/p>\n<p>Opti Coat je 100% prirodni dijetetski suplement na bazi lososovog ulja. Spre\u010dava pojavu poja\u010danog linjanja, suve ko\u017ee i peruti.<\/p>\n<ul>\n<li>Omega 3 masne kiseline DHA i EPA poma\u017eu da dlaka bude zdrava i sjajna<\/li>\n<li>B-karoten intenzivira boju dlake<\/li>\n<\/ul>\n<p><strong>Sastav:<br \/>\n<\/strong>Lososovo ulje 99%, suncokretovo ulje<\/p>\n<p><strong>Analytical composition:<\/strong><br \/>\nProteini 0%, masti 100%, sirova vlakna 0%, sirovi pepeo 0%, EPA 5%, DHA 7%<\/p>\n<p><strong>Dodaci po kilogramu proizvoda:<br \/>\nNutritivni dodaci:<\/strong> Beta-karoten 1000mg;<br \/>\n<strong>Tehnolo\u0161ki dodaci:<\/strong> Antioksidansi, konzervansi<\/p>\n<p><strong>Doziranje:\u00a0<\/strong><\/p>\n<ul>\n<li>Psi do 5kg telesne te\u017eine: 2,5ml dnevno<\/li>\n<li>Psi od 5 do 15 kg telesne te\u017eine: 5ml dnevno<\/li>\n<li>Psi od 15 do 30kg telesne te\u017eine: 10ml dnevno<\/li>\n<li>Psi preko 30kg telesne te\u017eine: 15ml dnevno<\/li>\n<\/ul>\n<p>Sipati u hranu. Promu\u0107kati pre upotrebe<\/p>\n<p>Proizvo\u0111a\u010d: Versle-Laga, Belgium<br \/>\nCountry of origin: EU<\/p>\n\n    <div class=\"xs_social_share_widget xs_share_url after_content \t\tmain_content  wslu-style-1 wslu-share-box-shaped wslu-fill-colored wslu-none wslu-share-horizontal wslu-theme-font-no wslu-main_content\">\n\n\t\t\n        <ul>\n\t\t\t        <\/ul>\n    <\/div>","protected":false},"excerpt":{"rendered":"<p>OROPHARMA Opti Coat-Dijetetski suplement koji poma\u017ee da dlaka pasa bude zdrava i sjajna.<\/p>","protected":false},"featured_media":14406,"comment_status":"open","ping_status":"closed","template":"","meta":{"_acf_changed":false},"pwb-brand":[318],"product_cat":[47,391],"product_tag":[],"class_list":{"0":"post-14416","1":"product","2":"type-product","3":"status-publish","4":"has-post-thumbnail","6":"pwb-brand-versele-laga","7":"product_cat-psi","8":"product_cat-vitamini-suplementi-i-preparati-za-pse","10":"first","11":"instock","12":"taxable","13":"shipping-taxable","14":"purchasable","15":"product-type-variable","16":"has-default-attributes"},"acf":[],"brands":[{"id":318,"name":"Versele-Laga","slug":"versele-laga"}],"_links":{"self":[{"href":"https:\/\/pawz.rs\/en\/wp-json\/wp\/v2\/product\/14416","targetHints":{"allow":["GET"]}}],"collection":[{"href":"https:\/\/pawz.rs\/en\/wp-json\/wp\/v2\/product"}],"about":[{"href":"https:\/\/pawz.rs\/en\/wp-json\/wp\/v2\/types\/product"}],"replies":[{"embeddable":true,"href":"https:\/\/pawz.rs\/en\/wp-json\/wp\/v2\/comments?post=14416"}],"wp:featuredmedia":[{"embeddable":true,"href":"https:\/\/pawz.rs\/en\/wp-json\/wp\/v2\/media\/14406"}],"wp:attachment":[{"href":"https:\/\/pawz.rs\/en\/wp-json\/wp\/v2\/media?parent=14416"}],"wp:term":[{"taxonomy":"pwb-brand","embeddable":true,"href":"https:\/\/pawz.rs\/en\/wp-json\/wp\/v2\/pwb-brand?post=14416"},{"taxonomy":"product_cat","embeddable":true,"href":"https:\/\/pawz.rs\/en\/wp-json\/wp\/v2\/product_cat?post=14416"},{"taxonomy":"product_tag","embeddable":true,"href":"https:\/\/pawz.rs\/en\/wp-json\/wp\/v2\/product_tag?post=14416"}],"curies":[{"name":"wp","href":"https:\/\/api.w.org\/{rel}","templated":true}]}}