{"id":14423,"date":"2023-03-30T17:27:53","date_gmt":"2023-03-30T15:27:53","guid":{"rendered":"https:\/\/pawz.rs\/?post_type=product&#038;p=14423"},"modified":"2026-02-01T13:03:47","modified_gmt":"2026-02-01T12:03:47","slug":"oropharma-opti-hair-za-macke","status":"publish","type":"product","link":"https:\/\/pawz.rs\/en\/oropharma-opti-hair-za-macke\/","title":{"rendered":"OROPHARMA Opti Hair za Ma\u010dke 130g"},"content":{"rendered":"<p><strong>OROPHARMA Opti Hair za ma\u010dke<\/strong><\/p>\n<div class=\"container\">\n<div class=\"row\">\n<div class=\"col-sm-5\">\n<div id=\"opis\" class=\"collapse show\">\n<div class=\"row\">\n<div class=\"col-sm-12\">\n<p>Dijetetski suplement koji poma\u017ee u spre\u010davanju opadanja dlake kod ma\u010daka.<\/p>\n<p>Opti Hair je proizvod na bazi pivskog kvasca, borovnice i algi. Koristi se kod velikog gubitka dlake i svraba ko\u017ee<\/p>\n<ul>\n<li>Dodate alge sadr\u017ee minerale neophodne kako bi ko\u017ea bila zdrava<\/li>\n<li>Borovnica bogata gvo\u017e\u0111em koje spre\u010dava probleme sa pigmentacijom<\/li>\n<li>Proizvod je u obliku granula koje se lako me\u0161aju sa hranom<\/li>\n<\/ul>\n<p><strong>Sastav:<br \/>\n<\/strong>\u0160e\u0107eri ( FOS ) 2,5%, pivski kvasac, pekarski proizvodi, alge, vo\u0107e ( borovnica u prahu 2% ), meso i derivati mesa<\/p>\n<p><strong>Analytical composition:<br \/>\n<\/strong>Proteini 5,5%, masti 0,1%, sirova vlakna 1%, sirovi pepeo 1%<\/p>\n<p><strong>Dodaci po kilogramu proizvoda:<\/strong><br \/>\nNutritivni dodaci: Vitamin C 5000mg<\/p>\n<p><strong>Doziranje:<br \/>\n<\/strong>1 kafena ka\u0161ika dnevno u hranu<\/p>\n<\/div>\n<\/div>\n<\/div>\n<\/div>\n<\/div>\n<\/div>\n<p>Proizvo\u0111a\u010d: Versle-Laga, Belgium<br \/>\nCountry of origin: EU<\/p>\n\n    <div class=\"xs_social_share_widget xs_share_url after_content \t\tmain_content  wslu-style-1 wslu-share-box-shaped wslu-fill-colored wslu-none wslu-share-horizontal wslu-theme-font-no wslu-main_content\">\n\n\t\t\n        <ul>\n\t\t\t        <\/ul>\n    <\/div>","protected":false},"excerpt":{"rendered":"<p>OROPHARMA Opti Hair-Dijetetski suplement koji poma\u017ee u spre\u010davanju opadanja dlake kod ma\u010daka.<\/p>","protected":false},"featured_media":14410,"comment_status":"open","ping_status":"closed","template":"","meta":{"_acf_changed":false},"pwb-brand":[318],"product_cat":[23,414],"product_tag":[],"class_list":{"0":"post-14423","1":"product","2":"type-product","3":"status-publish","4":"has-post-thumbnail","6":"pwb-brand-versele-laga","7":"product_cat-macke","8":"product_cat-vitamini-suplementi-i-preparati-za-macke","10":"first","11":"instock","12":"taxable","13":"shipping-taxable","14":"purchasable","15":"product-type-simple"},"acf":[],"brands":[{"id":318,"name":"Versele-Laga","slug":"versele-laga"}],"_links":{"self":[{"href":"https:\/\/pawz.rs\/en\/wp-json\/wp\/v2\/product\/14423","targetHints":{"allow":["GET"]}}],"collection":[{"href":"https:\/\/pawz.rs\/en\/wp-json\/wp\/v2\/product"}],"about":[{"href":"https:\/\/pawz.rs\/en\/wp-json\/wp\/v2\/types\/product"}],"replies":[{"embeddable":true,"href":"https:\/\/pawz.rs\/en\/wp-json\/wp\/v2\/comments?post=14423"}],"wp:featuredmedia":[{"embeddable":true,"href":"https:\/\/pawz.rs\/en\/wp-json\/wp\/v2\/media\/14410"}],"wp:attachment":[{"href":"https:\/\/pawz.rs\/en\/wp-json\/wp\/v2\/media?parent=14423"}],"wp:term":[{"taxonomy":"pwb-brand","embeddable":true,"href":"https:\/\/pawz.rs\/en\/wp-json\/wp\/v2\/pwb-brand?post=14423"},{"taxonomy":"product_cat","embeddable":true,"href":"https:\/\/pawz.rs\/en\/wp-json\/wp\/v2\/product_cat?post=14423"},{"taxonomy":"product_tag","embeddable":true,"href":"https:\/\/pawz.rs\/en\/wp-json\/wp\/v2\/product_tag?post=14423"}],"curies":[{"name":"wp","href":"https:\/\/api.w.org\/{rel}","templated":true}]}}