{"id":14424,"date":"2023-03-30T17:31:52","date_gmt":"2023-03-30T15:31:52","guid":{"rendered":"https:\/\/pawz.rs\/?post_type=product&#038;p=14424"},"modified":"2026-02-01T13:03:47","modified_gmt":"2026-02-01T12:03:47","slug":"oropharma-anti-hairball","status":"publish","type":"product","link":"https:\/\/pawz.rs\/en\/oropharma-anti-hairball\/","title":{"rendered":"OROPHARMA Anti Hairball 100g"},"content":{"rendered":"<p><strong>OROPHARMA Anti Hairball<\/strong><\/p>\n<div class=\"container\">\n<div class=\"row\">\n<div class=\"col-sm-5\">\n<div id=\"opis\" class=\"collapse show\">\n<div class=\"row\">\n<div class=\"col-sm-12\">\n<p>Dijetetski suplement namenjen ma\u010dkama koji poma\u017ee u spre\u010davanju nastanka loptica dlaka<\/p>\n<p>Anti Hairball je pasta koja spre\u010dava formiranje loptica dlaka i njihovo lak\u0161e izbacivanje iz organizma zahvaljuju\u0107i sladu i duga\u010dkim vlaknima celuloze<\/p>\n<ul>\n<li>Poma\u017ee u izbacivanju loptica dlaka<\/li>\n<li>Poma\u017ee u smanjivanju nastanka loptica dlaka<\/li>\n<li>Spre\u010dava la\u0161alj, gu\u0161enje i povra\u0107anje<\/li>\n<\/ul>\n<p><strong>Sastav:<br \/>\n<\/strong>Derivati biljnog porekla ( slad 55%, celuloza 7% ), ulja i masti, mleko i derivati mleka<\/p>\n<p><strong>Analytical composition:<br \/>\n<\/strong>Proteini 5%, masti 18%, sirova vlakna 5%, sirovi pepeo 1,5%, vlaga 28%<\/p>\n<p><strong>Dodaci po kilogramu proizvoda:<br \/>\n<\/strong>Tehnolo\u0161ki dodaci: konzervansi;<br \/>\nSenzorni dodaci: Boje za hranu &#8211; karamel<\/p>\n<p><strong>Doziranje:<br \/>\n<\/strong>1 do 3g ( 2 do 3cm ) paste dnevno<\/p>\n<\/div>\n<\/div>\n<\/div>\n<\/div>\n<\/div>\n<\/div>\n<p>Proizvo\u0111a\u010d: Versle-Laga, Belgium<br \/>\nCountry of origin: EU<\/p>\n\n    <div class=\"xs_social_share_widget xs_share_url after_content \t\tmain_content  wslu-style-1 wslu-share-box-shaped wslu-fill-colored wslu-none wslu-share-horizontal wslu-theme-font-no wslu-main_content\">\n\n\t\t\n        <ul>\n\t\t\t        <\/ul>\n    <\/div>","protected":false},"excerpt":{"rendered":"<p>OROPHARMA Anti Hairball-Dijetetski suplement namenjen ma\u010dkama koji poma\u017ee u spre\u010davanju nastanka loptica dlaka.<\/p>","protected":false},"featured_media":14411,"comment_status":"open","ping_status":"closed","template":"","meta":{"_acf_changed":false},"pwb-brand":[318],"product_cat":[23,414],"product_tag":[],"class_list":{"0":"post-14424","1":"product","2":"type-product","3":"status-publish","4":"has-post-thumbnail","6":"pwb-brand-versele-laga","7":"product_cat-macke","8":"product_cat-vitamini-suplementi-i-preparati-za-macke","10":"first","11":"instock","12":"taxable","13":"shipping-taxable","14":"purchasable","15":"product-type-simple"},"acf":[],"brands":[{"id":318,"name":"Versele-Laga","slug":"versele-laga"}],"_links":{"self":[{"href":"https:\/\/pawz.rs\/en\/wp-json\/wp\/v2\/product\/14424","targetHints":{"allow":["GET"]}}],"collection":[{"href":"https:\/\/pawz.rs\/en\/wp-json\/wp\/v2\/product"}],"about":[{"href":"https:\/\/pawz.rs\/en\/wp-json\/wp\/v2\/types\/product"}],"replies":[{"embeddable":true,"href":"https:\/\/pawz.rs\/en\/wp-json\/wp\/v2\/comments?post=14424"}],"wp:featuredmedia":[{"embeddable":true,"href":"https:\/\/pawz.rs\/en\/wp-json\/wp\/v2\/media\/14411"}],"wp:attachment":[{"href":"https:\/\/pawz.rs\/en\/wp-json\/wp\/v2\/media?parent=14424"}],"wp:term":[{"taxonomy":"pwb-brand","embeddable":true,"href":"https:\/\/pawz.rs\/en\/wp-json\/wp\/v2\/pwb-brand?post=14424"},{"taxonomy":"product_cat","embeddable":true,"href":"https:\/\/pawz.rs\/en\/wp-json\/wp\/v2\/product_cat?post=14424"},{"taxonomy":"product_tag","embeddable":true,"href":"https:\/\/pawz.rs\/en\/wp-json\/wp\/v2\/product_tag?post=14424"}],"curies":[{"name":"wp","href":"https:\/\/api.w.org\/{rel}","templated":true}]}}