{"id":14428,"date":"2023-03-30T17:44:40","date_gmt":"2023-03-30T15:44:40","guid":{"rendered":"https:\/\/pawz.rs\/?post_type=product&#038;p=14428"},"modified":"2026-02-01T12:57:27","modified_gmt":"2026-02-01T11:57:27","slug":"oropharma-ear-care-150ml","status":"publish","type":"product","link":"https:\/\/pawz.rs\/en\/oropharma-ear-care-150ml\/","title":{"rendered":"OROPHARMA Ear Care &#8211; 150ml"},"content":{"rendered":"<p><strong>OROPHARMA <\/strong><strong>Ear Care &#8211; 150ml<\/strong><\/p>\n<p>Umiruju\u0107i losion za \u010di\u0161\u0107enje u\u0161iju sa ekstraktom ljubi\u010dice namenjen psima i ma\u010dkama.<\/p>\n<p>Namenjen je \u010di\u0161\u0107enju spoljnog dela uha i slu\u0161nog kanala<\/p>\n<ul>\n<li>Uklanja prljav\u0161tinu i vi\u0161ak cerumena<\/li>\n<li>Na bazi prirodnog biljnog ekstrakta<\/li>\n<li>Upakovan u fla\u0161icu sa pumpicom \u0161to ga \u010dini lakim za upotrebu<\/li>\n<\/ul>\n<p><strong>Sastav:<br \/>\n<\/strong>Voda, ulje klica tritikum vulgare, glicerin stearat, ekstrakt viola trikolor, izopropil miristat, ulje lavande angustifolia, ulje cveta pelargonium graveolens, natrijum pentilparaben, dipropilen glikol, kalijum sorbat, citronelol, geranilol, linalol, citral, D-citral<\/p>\n<p><strong>Uputstvo za upotrebu:<br \/>\n<\/strong>Naneti losion na vatu ili \u0161tapi\u0107e za u\u0161i i o\u010distiti spoljni deo uha i u\u0161nog kanala<\/p>\n<p>Proizvo\u0111a\u010d: Versle-Laga, Belgium<br \/>\nCountry of origin: EU<\/p>\n\n    <div class=\"xs_social_share_widget xs_share_url after_content \t\tmain_content  wslu-style-1 wslu-share-box-shaped wslu-fill-colored wslu-none wslu-share-horizontal wslu-theme-font-no wslu-main_content\">\n\n\t\t\n        <ul>\n\t\t\t        <\/ul>\n    <\/div>","protected":false},"excerpt":{"rendered":"<p>OROPHARMA Ear Care-Umiruju\u0107i losion za \u010di\u0161\u0107enje u\u0161iju sa ekstraktom ljubi\u010dice namenjen psima i ma\u010dkama.<\/p>","protected":false},"featured_media":13591,"comment_status":"open","ping_status":"closed","template":"","meta":{"_acf_changed":false},"pwb-brand":[318],"product_cat":[80,104,388,389,23,47],"product_tag":[],"class_list":{"0":"post-14428","1":"product","2":"type-product","3":"status-publish","4":"has-post-thumbnail","6":"pwb-brand-versele-laga","7":"product_cat-higijena-nega-macaka","8":"product_cat-higijena-i-nega-pasa","9":"product_cat-higijenski-proizvodi","10":"product_cat-higijenski-proizvodi-higijena-i-nega-pasa","11":"product_cat-macke","12":"product_cat-psi","14":"first","15":"instock","16":"taxable","17":"shipping-taxable","18":"purchasable","19":"product-type-simple"},"acf":[],"brands":[{"id":318,"name":"Versele-Laga","slug":"versele-laga"}],"_links":{"self":[{"href":"https:\/\/pawz.rs\/en\/wp-json\/wp\/v2\/product\/14428","targetHints":{"allow":["GET"]}}],"collection":[{"href":"https:\/\/pawz.rs\/en\/wp-json\/wp\/v2\/product"}],"about":[{"href":"https:\/\/pawz.rs\/en\/wp-json\/wp\/v2\/types\/product"}],"replies":[{"embeddable":true,"href":"https:\/\/pawz.rs\/en\/wp-json\/wp\/v2\/comments?post=14428"}],"wp:featuredmedia":[{"embeddable":true,"href":"https:\/\/pawz.rs\/en\/wp-json\/wp\/v2\/media\/13591"}],"wp:attachment":[{"href":"https:\/\/pawz.rs\/en\/wp-json\/wp\/v2\/media?parent=14428"}],"wp:term":[{"taxonomy":"pwb-brand","embeddable":true,"href":"https:\/\/pawz.rs\/en\/wp-json\/wp\/v2\/pwb-brand?post=14428"},{"taxonomy":"product_cat","embeddable":true,"href":"https:\/\/pawz.rs\/en\/wp-json\/wp\/v2\/product_cat?post=14428"},{"taxonomy":"product_tag","embeddable":true,"href":"https:\/\/pawz.rs\/en\/wp-json\/wp\/v2\/product_tag?post=14428"}],"curies":[{"name":"wp","href":"https:\/\/api.w.org\/{rel}","templated":true}]}}