{"id":14429,"date":"2023-03-30T17:50:53","date_gmt":"2023-03-30T15:50:53","guid":{"rendered":"https:\/\/pawz.rs\/?post_type=product&#038;p=14429"},"modified":"2026-02-01T12:57:27","modified_gmt":"2026-02-01T11:57:27","slug":"oropharma-eye-care-universal-lotion-150ml","status":"publish","type":"product","link":"https:\/\/pawz.rs\/en\/oropharma-eye-care-universal-lotion-150ml\/","title":{"rendered":"OROPHARMA Eye Care Universal Lotion &#8211; 150ml"},"content":{"rendered":"<p><strong>OROPHARMA <\/strong><strong>Eye Care Universal Lotion &#8211; 150ml<\/strong><\/p>\n<p>Blagi losion za negu predela oko o\u010diju sa ekstraktom kukuruza namenjen psima i ma\u010dkama.<\/p>\n<p>Umiruju\u0107i losion za negu predela oko o\u010diju<\/p>\n<ul>\n<li>Uklanjaju fleke od suza i sasu\u0161ene suze<\/li>\n<li>Na bazi prirodnih sastojaka<\/li>\n<li>Pumpica za lako doziranje<\/li>\n<\/ul>\n<p><strong>Sastav:<br \/>\n<\/strong>Voda, kentaurea cianis cvetna vodica, borna kiselina, natrijum borat, natrijum lauret sulfat, natrijum lauret-8 sulfat, magnezijum lauret sulfat, magnezijum lauret-8 sulfat, natrijum olet sulfat, magnezijum olet sulfat, aroma, natrijum metil-paraben, cirtonelol, geraniol<\/p>\n<p><strong>Uputstvo za upotrebu:<br \/>\n<\/strong>Naneti losion na pamu\u010dnu vatu i o\u010distiti podru\u010dje oko o\u010diju. Ne nanositi direktno na o\u010di<\/p>\n<p>Proizvo\u0111a\u010d: Versle-Laga, Belgium<br \/>\nCountry of origin: EU<\/p>\n\n    <div class=\"xs_social_share_widget xs_share_url after_content \t\tmain_content  wslu-style-1 wslu-share-box-shaped wslu-fill-colored wslu-none wslu-share-horizontal wslu-theme-font-no wslu-main_content\">\n\n\t\t\n        <ul>\n\t\t\t        <\/ul>\n    <\/div>","protected":false},"excerpt":{"rendered":"<p>OROPHARMA Eye Care Universal Lotion- Blagi losion za negu predela oko o\u010diju sa ekstraktom kukuruza namenjen psima i ma\u010dkama.<\/p>","protected":false},"featured_media":13517,"comment_status":"open","ping_status":"closed","template":"","meta":{"_acf_changed":false},"pwb-brand":[318],"product_cat":[23,80,388,47,104,389],"product_tag":[],"class_list":{"0":"post-14429","1":"product","2":"type-product","3":"status-publish","4":"has-post-thumbnail","6":"pwb-brand-versele-laga","7":"product_cat-macke","8":"product_cat-higijena-nega-macaka","9":"product_cat-higijenski-proizvodi","10":"product_cat-psi","11":"product_cat-higijena-i-nega-pasa","12":"product_cat-higijenski-proizvodi-higijena-i-nega-pasa","14":"first","15":"instock","16":"taxable","17":"shipping-taxable","18":"purchasable","19":"product-type-simple"},"acf":[],"brands":[{"id":318,"name":"Versele-Laga","slug":"versele-laga"}],"_links":{"self":[{"href":"https:\/\/pawz.rs\/en\/wp-json\/wp\/v2\/product\/14429","targetHints":{"allow":["GET"]}}],"collection":[{"href":"https:\/\/pawz.rs\/en\/wp-json\/wp\/v2\/product"}],"about":[{"href":"https:\/\/pawz.rs\/en\/wp-json\/wp\/v2\/types\/product"}],"replies":[{"embeddable":true,"href":"https:\/\/pawz.rs\/en\/wp-json\/wp\/v2\/comments?post=14429"}],"wp:featuredmedia":[{"embeddable":true,"href":"https:\/\/pawz.rs\/en\/wp-json\/wp\/v2\/media\/13517"}],"wp:attachment":[{"href":"https:\/\/pawz.rs\/en\/wp-json\/wp\/v2\/media?parent=14429"}],"wp:term":[{"taxonomy":"pwb-brand","embeddable":true,"href":"https:\/\/pawz.rs\/en\/wp-json\/wp\/v2\/pwb-brand?post=14429"},{"taxonomy":"product_cat","embeddable":true,"href":"https:\/\/pawz.rs\/en\/wp-json\/wp\/v2\/product_cat?post=14429"},{"taxonomy":"product_tag","embeddable":true,"href":"https:\/\/pawz.rs\/en\/wp-json\/wp\/v2\/product_tag?post=14429"}],"curies":[{"name":"wp","href":"https:\/\/api.w.org\/{rel}","templated":true}]}}