{"id":14432,"date":"2023-03-30T18:04:26","date_gmt":"2023-03-30T16:04:26","guid":{"rendered":"https:\/\/pawz.rs\/?post_type=product&#038;p=14432"},"modified":"2026-02-01T13:03:48","modified_gmt":"2026-02-01T12:03:48","slug":"oropharma-deodo-green-tea-750g","status":"publish","type":"product","link":"https:\/\/pawz.rs\/en\/oropharma-deodo-green-tea-750g\/","title":{"rendered":"OROPHARMA Deodo Green Tea &#8211; 750g"},"content":{"rendered":"<p><strong>OROPHARMA <\/strong><strong>Deodo <\/strong><strong>Green Tea &#8211; 750g<\/strong><\/p>\n<div class=\"container\">\n<div class=\"row\">\n<div class=\"col-sm-5\">\n<div id=\"opis\" class=\"collapse show\">\n<div class=\"row\">\n<div class=\"col-sm-12\">\n<p>Osve\u017eiva\u010d posipa sa mirisom zelenog \u010daja.<\/p>\n<p>Osve\u017eiva\u010d posipa koji neutrali\u0161e neprijatne mirise i produ\u017eava trajanje higijenskih posipa<\/p>\n<ul>\n<li>Neutali\u0161e, apsorbuje, daje prijatan miris<\/li>\n<li>Prakti\u010dno pakovanje<\/li>\n<li>Dovoljno za 20kg higijenskog posipa<\/li>\n<\/ul>\n<p><strong>Sastav:<\/strong><br \/>\nParfemi i apsorbenti neprijatnih mirisa<\/p>\n<p><strong>Uputstvo za upotrebu:<br \/>\n<\/strong>Posuti ravnomerno po dnu posude za posip pre sipanja samog posipa<\/p>\n<p>Proizvo\u0111a\u010d: Versle-Laga, Belgium<br \/>\nCountry of origin: EU<\/p>\n<\/div>\n<\/div>\n<\/div>\n<h4><\/h4>\n<\/div>\n<\/div>\n<\/div>\n\n    <div class=\"xs_social_share_widget xs_share_url after_content \t\tmain_content  wslu-style-1 wslu-share-box-shaped wslu-fill-colored wslu-none wslu-share-horizontal wslu-theme-font-no wslu-main_content\">\n\n\t\t\n        <ul>\n\t\t\t        <\/ul>\n    <\/div>","protected":false},"excerpt":{"rendered":"<p>OROPHARMA Deodo Green Tea-Osve\u017eiva\u010d posipa sa mirisom zelenog \u010daja.<\/p>","protected":false},"featured_media":13587,"comment_status":"open","ping_status":"closed","template":"","meta":{"_acf_changed":false},"pwb-brand":[318],"product_cat":[80,388,23],"product_tag":[],"class_list":{"0":"post-14432","1":"product","2":"type-product","3":"status-publish","4":"has-post-thumbnail","6":"pwb-brand-versele-laga","7":"product_cat-higijena-nega-macaka","8":"product_cat-higijenski-proizvodi","9":"product_cat-macke","11":"first","12":"instock","13":"taxable","14":"shipping-taxable","15":"purchasable","16":"product-type-simple"},"acf":[],"brands":[{"id":318,"name":"Versele-Laga","slug":"versele-laga"}],"_links":{"self":[{"href":"https:\/\/pawz.rs\/en\/wp-json\/wp\/v2\/product\/14432","targetHints":{"allow":["GET"]}}],"collection":[{"href":"https:\/\/pawz.rs\/en\/wp-json\/wp\/v2\/product"}],"about":[{"href":"https:\/\/pawz.rs\/en\/wp-json\/wp\/v2\/types\/product"}],"replies":[{"embeddable":true,"href":"https:\/\/pawz.rs\/en\/wp-json\/wp\/v2\/comments?post=14432"}],"wp:featuredmedia":[{"embeddable":true,"href":"https:\/\/pawz.rs\/en\/wp-json\/wp\/v2\/media\/13587"}],"wp:attachment":[{"href":"https:\/\/pawz.rs\/en\/wp-json\/wp\/v2\/media?parent=14432"}],"wp:term":[{"taxonomy":"pwb-brand","embeddable":true,"href":"https:\/\/pawz.rs\/en\/wp-json\/wp\/v2\/pwb-brand?post=14432"},{"taxonomy":"product_cat","embeddable":true,"href":"https:\/\/pawz.rs\/en\/wp-json\/wp\/v2\/product_cat?post=14432"},{"taxonomy":"product_tag","embeddable":true,"href":"https:\/\/pawz.rs\/en\/wp-json\/wp\/v2\/product_tag?post=14432"}],"curies":[{"name":"wp","href":"https:\/\/api.w.org\/{rel}","templated":true}]}}