{"id":14434,"date":"2023-03-30T18:30:26","date_gmt":"2023-03-30T16:30:26","guid":{"rendered":"https:\/\/pawz.rs\/?post_type=product&#038;p=14434"},"modified":"2026-03-04T08:10:24","modified_gmt":"2026-03-04T07:10:24","slug":"oropharma-stop-indoor-500ml","status":"publish","type":"product","link":"https:\/\/pawz.rs\/en\/oropharma-stop-indoor-500ml\/","title":{"rendered":"OROPHARMA Stop Indoor &#8211; 500ml"},"content":{"rendered":"<p><strong>OROPHARMA Stop Indoor &#8211; 500 ml<\/strong><\/p>\n<p>Sprej za dresuru koji spre\u010dava Va\u0161e pse i ma\u010dke da se pribli\u017eavaju mestima i predmetima kojima Vi ne \u017eelite u zatvorenim prostorima<\/p>\n<ul>\n<li>Sprej idealan za dresiranje pasa i ma\u010daka u zatvorenim prostorima<\/li>\n<li>Efikasan i lak za kori\u0161\u0107enje<\/li>\n<\/ul>\n<p><strong>Uputsvto za upotrebu:<br \/>\n<\/strong>Poprskajte unutra\u0161nje predmete i prostorije svakih 4 do 5 dana<\/p>\n<div class=\"container\">\n<div class=\"row\">\n<div class=\"col-sm-5\">\n<div id=\"opis\" class=\"collapse show\">\n<div class=\"row\">\n<div class=\"col-sm-12\">\n<p>Proizvo\u0111a\u010d: Versle-Laga, Belgium<br \/>\nCountry of origin: EU<\/p>\n<\/div>\n<\/div>\n<\/div>\n<h4><\/h4>\n<\/div>\n<\/div>\n<\/div>\n\n    <div class=\"xs_social_share_widget xs_share_url after_content \t\tmain_content  wslu-style-1 wslu-share-box-shaped wslu-fill-colored wslu-none wslu-share-horizontal wslu-theme-font-no wslu-main_content\">\n\n\t\t\n        <ul>\n\t\t\t        <\/ul>\n    <\/div>","protected":false},"excerpt":{"rendered":"<p>OROPHARMA Stop Indoor-Sprej koji spre\u010dava Va\u0161e pse i ma\u010dke da se pribli\u017eavaju mestima i predmetima kojima Vi ne \u017eelite u zatvorenim prostorima<\/p>","protected":false},"featured_media":13514,"comment_status":"open","ping_status":"closed","template":"","meta":{"_acf_changed":false},"pwb-brand":[318],"product_cat":[80,104,388,389,23,47],"product_tag":[],"class_list":{"0":"post-14434","1":"product","2":"type-product","3":"status-publish","4":"has-post-thumbnail","6":"pwb-brand-versele-laga","7":"product_cat-higijena-nega-macaka","8":"product_cat-higijena-i-nega-pasa","9":"product_cat-higijenski-proizvodi","10":"product_cat-higijenski-proizvodi-higijena-i-nega-pasa","11":"product_cat-macke","12":"product_cat-psi","14":"first","15":"instock","16":"taxable","17":"shipping-taxable","18":"purchasable","19":"product-type-simple"},"acf":[],"brands":[{"id":318,"name":"Versele-Laga","slug":"versele-laga"}],"_links":{"self":[{"href":"https:\/\/pawz.rs\/en\/wp-json\/wp\/v2\/product\/14434","targetHints":{"allow":["GET"]}}],"collection":[{"href":"https:\/\/pawz.rs\/en\/wp-json\/wp\/v2\/product"}],"about":[{"href":"https:\/\/pawz.rs\/en\/wp-json\/wp\/v2\/types\/product"}],"replies":[{"embeddable":true,"href":"https:\/\/pawz.rs\/en\/wp-json\/wp\/v2\/comments?post=14434"}],"wp:featuredmedia":[{"embeddable":true,"href":"https:\/\/pawz.rs\/en\/wp-json\/wp\/v2\/media\/13514"}],"wp:attachment":[{"href":"https:\/\/pawz.rs\/en\/wp-json\/wp\/v2\/media?parent=14434"}],"wp:term":[{"taxonomy":"pwb-brand","embeddable":true,"href":"https:\/\/pawz.rs\/en\/wp-json\/wp\/v2\/pwb-brand?post=14434"},{"taxonomy":"product_cat","embeddable":true,"href":"https:\/\/pawz.rs\/en\/wp-json\/wp\/v2\/product_cat?post=14434"},{"taxonomy":"product_tag","embeddable":true,"href":"https:\/\/pawz.rs\/en\/wp-json\/wp\/v2\/product_tag?post=14434"}],"curies":[{"name":"wp","href":"https:\/\/api.w.org\/{rel}","templated":true}]}}