{"id":14435,"date":"2023-03-30T18:34:23","date_gmt":"2023-03-30T16:34:23","guid":{"rendered":"https:\/\/pawz.rs\/?post_type=product&#038;p=14435"},"modified":"2026-02-01T13:03:48","modified_gmt":"2026-02-01T12:03:48","slug":"oropharma-stop-outdoor-500ml","status":"publish","type":"product","link":"https:\/\/pawz.rs\/en\/oropharma-stop-outdoor-500ml\/","title":{"rendered":"OROPHARMA Stop Outdoor &#8211; 500ml"},"content":{"rendered":"<p><strong>OROPHARMA Stop Outdoor &#8211; 500 ml<\/strong><\/p>\n<div class=\"container\">\n<div class=\"row\">\n<div class=\"col-sm-5\">\n<div id=\"opis\" class=\"collapse show\">\n<div class=\"row\">\n<div class=\"col-sm-12\">\n<p>Sprej za dresuru koji spre\u010dava Va\u0161e pse i ma\u010dke da se pribli\u017eavaju mestima i predmetima kojima Vi ne \u017eeilte u spoljnom prostoru<\/p>\n<ul>\n<li>Sprej idealan za dresiranje pasa i ma\u010daka u spoljnom prostoru<\/li>\n<li>Efikasan i lak za kori\u0161\u0107enje<\/li>\n<\/ul>\n<p><strong>Uputsvto za upotrebu:<br \/>\n<\/strong>Poprskajte spoljne predmete i prostorije svakih 4 do 5 dana<\/p>\n<\/div>\n<\/div>\n<\/div>\n<\/div>\n<\/div>\n<\/div>\n<footer class=\"page-footer font-small pt-4\">\n<div class=\"footer-copyright text-center py-3\">Proizvo\u0111a\u010d: Versle-Laga, Belgium<br \/>\nCountry of origin: EU<\/div>\n<\/footer>\n<div class=\"container\">\n<div class=\"row\">\n<div class=\"col-sm-5\">\n<h4><\/h4>\n<\/div>\n<\/div>\n<\/div>\n\n    <div class=\"xs_social_share_widget xs_share_url after_content \t\tmain_content  wslu-style-1 wslu-share-box-shaped wslu-fill-colored wslu-none wslu-share-horizontal wslu-theme-font-no wslu-main_content\">\n\n\t\t\n        <ul>\n\t\t\t        <\/ul>\n    <\/div>","protected":false},"excerpt":{"rendered":"<p>OROPHARMA Stop Indoor-Sprej koji spre\u010dava Va\u0161e pse i ma\u010dke da se pribli\u017eavaju mestima i predmetima kojima Vi ne \u017eelite u spoljnom prostoru<\/p>","protected":false},"featured_media":13515,"comment_status":"open","ping_status":"closed","template":"","meta":{"_acf_changed":false},"pwb-brand":[318],"product_cat":[23,80,388,47,104,389],"product_tag":[],"class_list":{"0":"post-14435","1":"product","2":"type-product","3":"status-publish","4":"has-post-thumbnail","6":"pwb-brand-versele-laga","7":"product_cat-macke","8":"product_cat-higijena-nega-macaka","9":"product_cat-higijenski-proizvodi","10":"product_cat-psi","11":"product_cat-higijena-i-nega-pasa","12":"product_cat-higijenski-proizvodi-higijena-i-nega-pasa","14":"first","15":"instock","16":"taxable","17":"shipping-taxable","18":"purchasable","19":"product-type-simple"},"acf":[],"brands":[{"id":318,"name":"Versele-Laga","slug":"versele-laga"}],"_links":{"self":[{"href":"https:\/\/pawz.rs\/en\/wp-json\/wp\/v2\/product\/14435","targetHints":{"allow":["GET"]}}],"collection":[{"href":"https:\/\/pawz.rs\/en\/wp-json\/wp\/v2\/product"}],"about":[{"href":"https:\/\/pawz.rs\/en\/wp-json\/wp\/v2\/types\/product"}],"replies":[{"embeddable":true,"href":"https:\/\/pawz.rs\/en\/wp-json\/wp\/v2\/comments?post=14435"}],"wp:featuredmedia":[{"embeddable":true,"href":"https:\/\/pawz.rs\/en\/wp-json\/wp\/v2\/media\/13515"}],"wp:attachment":[{"href":"https:\/\/pawz.rs\/en\/wp-json\/wp\/v2\/media?parent=14435"}],"wp:term":[{"taxonomy":"pwb-brand","embeddable":true,"href":"https:\/\/pawz.rs\/en\/wp-json\/wp\/v2\/pwb-brand?post=14435"},{"taxonomy":"product_cat","embeddable":true,"href":"https:\/\/pawz.rs\/en\/wp-json\/wp\/v2\/product_cat?post=14435"},{"taxonomy":"product_tag","embeddable":true,"href":"https:\/\/pawz.rs\/en\/wp-json\/wp\/v2\/product_tag?post=14435"}],"curies":[{"name":"wp","href":"https:\/\/api.w.org\/{rel}","templated":true}]}}