{"id":14439,"date":"2023-03-30T18:57:14","date_gmt":"2023-03-30T16:57:14","guid":{"rendered":"https:\/\/pawz.rs\/?post_type=product&#038;p=14439"},"modified":"2026-02-01T12:57:37","modified_gmt":"2026-02-01T11:57:37","slug":"oropharma-white-hair-shampoo","status":"publish","type":"product","link":"https:\/\/pawz.rs\/en\/oropharma-white-hair-shampoo\/","title":{"rendered":"OROPHARMA White Hair Shampoo 250ml"},"content":{"rendered":"<p><strong>OROPHARMA <\/strong><strong>White Hair Shampoo<\/strong><\/p>\n<p>\u0160ampon za pse bele i svetle dlake<\/p>\n<p>Specijalni \u0161ampon sa ekstraktom kamilice namenjen psima bele i svetle dlake<\/p>\n<ul>\n<li>Daje dodatnu belinu dlaci<\/li>\n<li>Posvetljava i o\u010duvava svetlu boju dlake<\/li>\n<li>Sastavljen od prirodnih ekstrakata<\/li>\n<li>Ne sadr\u017ei parabene<\/li>\n<\/ul>\n<p><strong>Sastav:<br \/>\n<\/strong>Voda, natrijum lauret sulfat, koko-glukozid, kokadomipropil betain, glikol distreat, lauret-4, akrilat kopolimer, gliceril oleat, natrijum hlorid, ekstrakt avena-sativa, hidrolizovani protein p\u0161enice, dikapril eter, lauril alkohol, parfem, ekstrakt kamilice,\u00a0 polikvartenium-7, metilohlorozotiazolin, metilsotiazolin, dipropilen glikol, kalijum sorbat, natrijum hidroksid<\/p>\n<p><strong>Uputstvo za upotrebu:<br \/>\n<\/strong>Pokvasite dlaku mlakom vodom. dobro utrljajte \u0161ampon. Isperite mlakom vodom. Ukoliko \u017eelite ponovite postupak vi\u0161e puta.<\/p>\n<p>Proizvo\u0111a\u010d: Versle-Laga, Belgium<br \/>\nCountry of origin: EU<\/p>\n\n    <div class=\"xs_social_share_widget xs_share_url after_content \t\tmain_content  wslu-style-1 wslu-share-box-shaped wslu-fill-colored wslu-none wslu-share-horizontal wslu-theme-font-no wslu-main_content\">\n\n\t\t\n        <ul>\n\t\t\t        <\/ul>\n    <\/div>","protected":false},"excerpt":{"rendered":"<p>OROPHARMA White Hair Shampoo-\u0160ampon za pse bele i svetle dlake<\/p>","protected":false},"featured_media":13511,"comment_status":"open","ping_status":"closed","template":"","meta":{"_acf_changed":false},"pwb-brand":[318],"product_cat":[47,104,369],"product_tag":[],"class_list":{"0":"post-14439","1":"product","2":"type-product","3":"status-publish","4":"has-post-thumbnail","6":"pwb-brand-versele-laga","7":"product_cat-psi","8":"product_cat-higijena-i-nega-pasa","9":"product_cat-samponi-za-pse","11":"first","12":"instock","13":"taxable","14":"shipping-taxable","15":"purchasable","16":"product-type-simple"},"acf":[],"brands":[{"id":318,"name":"Versele-Laga","slug":"versele-laga"}],"_links":{"self":[{"href":"https:\/\/pawz.rs\/en\/wp-json\/wp\/v2\/product\/14439","targetHints":{"allow":["GET"]}}],"collection":[{"href":"https:\/\/pawz.rs\/en\/wp-json\/wp\/v2\/product"}],"about":[{"href":"https:\/\/pawz.rs\/en\/wp-json\/wp\/v2\/types\/product"}],"replies":[{"embeddable":true,"href":"https:\/\/pawz.rs\/en\/wp-json\/wp\/v2\/comments?post=14439"}],"wp:featuredmedia":[{"embeddable":true,"href":"https:\/\/pawz.rs\/en\/wp-json\/wp\/v2\/media\/13511"}],"wp:attachment":[{"href":"https:\/\/pawz.rs\/en\/wp-json\/wp\/v2\/media?parent=14439"}],"wp:term":[{"taxonomy":"pwb-brand","embeddable":true,"href":"https:\/\/pawz.rs\/en\/wp-json\/wp\/v2\/pwb-brand?post=14439"},{"taxonomy":"product_cat","embeddable":true,"href":"https:\/\/pawz.rs\/en\/wp-json\/wp\/v2\/product_cat?post=14439"},{"taxonomy":"product_tag","embeddable":true,"href":"https:\/\/pawz.rs\/en\/wp-json\/wp\/v2\/product_tag?post=14439"}],"curies":[{"name":"wp","href":"https:\/\/api.w.org\/{rel}","templated":true}]}}