{"id":14506,"date":"2023-03-31T15:59:47","date_gmt":"2023-03-31T13:59:47","guid":{"rendered":"https:\/\/pawz.rs\/?post_type=product&#038;p=14506"},"modified":"2025-08-17T09:10:04","modified_gmt":"2025-08-17T07:10:04","slug":"plaisir-pasteta-za-macice-piletina","status":"publish","type":"product","link":"https:\/\/pawz.rs\/en\/plaisir-pasteta-za-macice-piletina\/","title":{"rendered":"Plaisir pa\u0161teta za ma\u010di\u0107e-piletina"},"content":{"rendered":"<p><strong>Plaisir pa\u0161teta za ma\u010di\u0107e &#8211; piletina 100g ili kutija od 32x100gr<\/strong><\/p>\n<p>Plaisir pa\u0161teta od piletine i mleka-kompletna hrana za ma\u010dke.<\/p>\n<p><strong>Sastav: <\/strong><br \/>\nMeso i derivati \u017eivotinjskog porekla (pile\u0107e meso 4%), mleko i mle\u010dni derivati (mleko 4% od obranog mleka u prahu).<\/p>\n<p><strong>Dodaci: <\/strong><br \/>\nKoloranti, stabilizatori (biljna smola kasije 5412 mg\/kg)<br \/>\nHranljivi dodaci (vit.) D3 162 IJ\/kg, vit., E 92 mg\/kg, vit., B1 20,86 mg\/kg, biotin 0,01 mg\/kg, taurin 0,19g\/kg, magnezijum 1,12 mg\/kg, bakar 0,08 mg\/kg, jod 0,20 mg\/kg, cink 14,81 mg\/kg).<\/p>\n<p><strong>Analytical composition:<\/strong><br \/>\nSirovi protein 11%, sirova vlakna 0,8%, masti 6%, sirovi pepeo 2,5%, vla\u017enost 79%.<\/p>\n<p><strong>Uputstvo za upotrebu:<\/strong><br \/>\nSlu\u017eiti na sobnoj temperaturi.<br \/>\nOtvoreno \u010duvati u fri\u017eideru (+4\u00b0C), najdu\u017ee 48 h.<br \/>\nNije za ljudsku upotrebu.<\/p>\n<p>Proizvo\u0111a\u010d: LA NORMANDISE S.A.-VIRE CEDEX France<br \/>\nZemlja porekla: Francuska<\/p>\n\n    <div class=\"xs_social_share_widget xs_share_url after_content \t\tmain_content  wslu-style-1 wslu-share-box-shaped wslu-fill-colored wslu-none wslu-share-horizontal wslu-theme-font-no wslu-main_content\">\n\n\t\t\n        <ul>\n\t\t\t        <\/ul>\n    <\/div>","protected":false},"excerpt":{"rendered":"<p>Plaisir pa\u0161teta od piletine i mleka-kompletna hrana za ma\u010dke.<\/p>","protected":false},"featured_media":14938,"comment_status":"open","ping_status":"closed","template":"","meta":{"_acf_changed":false},"pwb-brand":[434],"product_cat":[23,21,150],"product_tag":[],"class_list":{"0":"post-14506","1":"product","2":"type-product","3":"status-publish","4":"has-post-thumbnail","6":"pwb-brand-plaisir","7":"product_cat-macke","8":"product_cat-hrana-za-macke","9":"product_cat-vlazna-hrana-za-macke","11":"first","12":"instock","13":"taxable","14":"shipping-taxable","15":"purchasable","16":"product-type-variable","17":"has-default-attributes"},"acf":[],"brands":[{"id":434,"name":"Plaisir","slug":"plaisir"}],"_links":{"self":[{"href":"https:\/\/pawz.rs\/en\/wp-json\/wp\/v2\/product\/14506","targetHints":{"allow":["GET"]}}],"collection":[{"href":"https:\/\/pawz.rs\/en\/wp-json\/wp\/v2\/product"}],"about":[{"href":"https:\/\/pawz.rs\/en\/wp-json\/wp\/v2\/types\/product"}],"replies":[{"embeddable":true,"href":"https:\/\/pawz.rs\/en\/wp-json\/wp\/v2\/comments?post=14506"}],"wp:featuredmedia":[{"embeddable":true,"href":"https:\/\/pawz.rs\/en\/wp-json\/wp\/v2\/media\/14938"}],"wp:attachment":[{"href":"https:\/\/pawz.rs\/en\/wp-json\/wp\/v2\/media?parent=14506"}],"wp:term":[{"taxonomy":"pwb-brand","embeddable":true,"href":"https:\/\/pawz.rs\/en\/wp-json\/wp\/v2\/pwb-brand?post=14506"},{"taxonomy":"product_cat","embeddable":true,"href":"https:\/\/pawz.rs\/en\/wp-json\/wp\/v2\/product_cat?post=14506"},{"taxonomy":"product_tag","embeddable":true,"href":"https:\/\/pawz.rs\/en\/wp-json\/wp\/v2\/product_tag?post=14506"}],"curies":[{"name":"wp","href":"https:\/\/api.w.org\/{rel}","templated":true}]}}