{"id":14556,"date":"2023-03-31T17:19:50","date_gmt":"2023-03-31T15:19:50","guid":{"rendered":"https:\/\/pawz.rs\/?post_type=product&#038;p=14556"},"modified":"2025-08-17T09:08:43","modified_gmt":"2025-08-17T07:08:43","slug":"plaisir-sos-za-macice-piletina","status":"publish","type":"product","link":"https:\/\/pawz.rs\/en\/plaisir-sos-za-macice-piletina\/","title":{"rendered":"Plaisir Sos za ma\u010di\u0107e-piletina"},"content":{"rendered":"<p><strong>Plaisir Sos za ma\u010di\u0107e-piletina 100g ili 22x100gr pakovanje<\/strong><\/p>\n<p>Plaisir sos za ma\u010di\u0107e-kompletna hrana za ma\u010di\u0107e.<br \/>\nKomadi\u0107i piletine u sosu.<\/p>\n<p><strong>Sastav:<br \/>\n<\/strong>Meso i derivati od mesa (piletina 4%), ekstrakt biljnih proteina, derivati biljnog porekla, minerali, razli\u010diti \u0161e\u0107eri.<\/p>\n<p><strong>Dodaci:<\/strong><br \/>\nEmulgatori (biljna smola kasije 558 mg), hranljivi dodaci (vitamin D3 163 IJ, vitamin E: 32 mg, vitamin B1: 2.50 mg, taurin 236 mg, bakar: 0.62 mg, mangan: 1.93 mg, cink 16.31 mg, jod 0.16 mg), boje.<\/p>\n<p><strong>Analytical composition:<\/strong><br \/>\nSirovi proteini 9.5%, sirova vlakna 1.0%, masti 5.0%, pepeo 2.5%, vlaga 82.0%.<\/p>\n<p><strong>Uputstvo za upotrebu:<br \/>\n<\/strong>Servirati na sobnoj temperaturi.<br \/>\nZa ma\u010di\u0107e sa normalnom aktivno\u0161\u0107u, obezbe\u0111eno je 1 do 2 obroka dnevno, u slede\u0107im koli\u010dinama: za te\u017einu od 1 kg do 2 kg (2.5 kesice), za te\u017einu od 2 kg do 3 kg (2.5 do 3 kesice).<br \/>\nPosle otvaranja, dr\u017eati u fri\u017eideru (+4 C) i potro\u0161iti u roku od 48 h.<br \/>\nNije za ljudsku upotrebu.<strong><br \/>\n<\/strong><\/p>\n<p>Proizvo\u0111a\u010d: LA NORMANDISE S.A.-VIRE CEDEX France<br \/>\nZemlja porekla: Francuska<\/p>\n\n    <div class=\"xs_social_share_widget xs_share_url after_content \t\tmain_content  wslu-style-1 wslu-share-box-shaped wslu-fill-colored wslu-none wslu-share-horizontal wslu-theme-font-no wslu-main_content\">\n\n\t\t\n        <ul>\n\t\t\t        <\/ul>\n    <\/div>","protected":false},"excerpt":{"rendered":"<p>Plaisir sos za ma\u010di\u0107e-kompletna hrana za ma\u010di\u0107e.<\/p>","protected":false},"featured_media":14944,"comment_status":"open","ping_status":"closed","template":"","meta":{"_acf_changed":false},"pwb-brand":[434],"product_cat":[21,23,150],"product_tag":[],"class_list":{"0":"post-14556","1":"product","2":"type-product","3":"status-publish","4":"has-post-thumbnail","6":"pwb-brand-plaisir","7":"product_cat-hrana-za-macke","8":"product_cat-macke","9":"product_cat-vlazna-hrana-za-macke","11":"first","12":"instock","13":"taxable","14":"shipping-taxable","15":"purchasable","16":"product-type-variable","17":"has-default-attributes"},"acf":[],"brands":[{"id":434,"name":"Plaisir","slug":"plaisir"}],"_links":{"self":[{"href":"https:\/\/pawz.rs\/en\/wp-json\/wp\/v2\/product\/14556","targetHints":{"allow":["GET"]}}],"collection":[{"href":"https:\/\/pawz.rs\/en\/wp-json\/wp\/v2\/product"}],"about":[{"href":"https:\/\/pawz.rs\/en\/wp-json\/wp\/v2\/types\/product"}],"replies":[{"embeddable":true,"href":"https:\/\/pawz.rs\/en\/wp-json\/wp\/v2\/comments?post=14556"}],"wp:featuredmedia":[{"embeddable":true,"href":"https:\/\/pawz.rs\/en\/wp-json\/wp\/v2\/media\/14944"}],"wp:attachment":[{"href":"https:\/\/pawz.rs\/en\/wp-json\/wp\/v2\/media?parent=14556"}],"wp:term":[{"taxonomy":"pwb-brand","embeddable":true,"href":"https:\/\/pawz.rs\/en\/wp-json\/wp\/v2\/pwb-brand?post=14556"},{"taxonomy":"product_cat","embeddable":true,"href":"https:\/\/pawz.rs\/en\/wp-json\/wp\/v2\/product_cat?post=14556"},{"taxonomy":"product_tag","embeddable":true,"href":"https:\/\/pawz.rs\/en\/wp-json\/wp\/v2\/product_tag?post=14556"}],"curies":[{"name":"wp","href":"https:\/\/api.w.org\/{rel}","templated":true}]}}