{"id":14562,"date":"2023-03-31T17:30:29","date_gmt":"2023-03-31T15:30:29","guid":{"rendered":"https:\/\/pawz.rs\/?post_type=product&#038;p=14562"},"modified":"2025-07-16T16:03:39","modified_gmt":"2025-07-16T14:03:39","slug":"plaisir-sos-za-macke-pastrmka-i-racici","status":"publish","type":"product","link":"https:\/\/pawz.rs\/en\/plaisir-sos-za-macke-pastrmka-i-racici\/","title":{"rendered":"Plaisir Sos za ma\u010dke-pastrmka i ra\u010di\u0107i"},"content":{"rendered":"<p><strong>Plaisir Sos za ma\u010dke-pastrmka i ra\u010di\u0107i 100g ili 22x100g pakovanje<\/strong><\/p>\n<p>Komadi\u0107i pastrmke i \u0161kampi u sosu-kompletna hrana za ma\u010dke<\/p>\n<p><strong>Sastav:<br \/>\n<\/strong>Meso i derivati \u017eivotinjskog porekla, meku\u0161ci i ostrige (\u0161kampi 4%), riba i riblji derivati (pastrmka 4%), derivati biljnog porekla, ekstrakt biljnih proteina, minerali, razli\u010diti \u0161e\u0107eri.<\/p>\n<p><strong>Dodaci:<\/strong><br \/>\nTehnolo\u0161ki dodaci (smola kasije: 600 mg); nutritivni dodaci (vitamin D3: 149 IJ, vitamin E: 29 mg, vitamin B1: 2.29 mg, taurin: 215.79 mg, bakar: 0.57 mg, mangan: 1.76 mg, cink 14.92 mg, jod: 0.14 mg), boje.<\/p>\n<p><strong>Analytical composition:<\/strong><br \/>\nSirovi proteini 9.0%, sirova vlakna 0.8%, sadr\u017eaj masti 5.0%, pepeo 2.0%, vlaga 82.0%.<\/p>\n<p><strong>Uputstvo za upotrebu:<br \/>\n<\/strong>Servirati na sobnoj temperaturi.<br \/>\nZa odrasle ma\u010dke te\u017eine od 3 do 5 kg normalne aktivnosti, davati 2 do 3 kesice u najmanje 2 obroka.<br \/>\nPosle otvaranja, dr\u017eati u fri\u017eideru (+4 C) i potro\u0161iti u roku od 48 h.<br \/>\nNije za ljudsku upotrebu.<strong><br \/>\n<\/strong><\/p>\n<p>Proizvo\u0111a\u010d: LA NORMANDISE S.A.-VIRE CEDEX France<br \/>\nZemlja porekla: Francuska<\/p>\n\n    <div class=\"xs_social_share_widget xs_share_url after_content \t\tmain_content  wslu-style-1 wslu-share-box-shaped wslu-fill-colored wslu-none wslu-share-horizontal wslu-theme-font-no wslu-main_content\">\n\n\t\t\n        <ul>\n\t\t\t        <\/ul>\n    <\/div>","protected":false},"excerpt":{"rendered":"<p>Plaisir sos za ma\u010dke-komadi\u0107i pastrmke i \u0161kampi u sosu<\/p>","protected":false},"featured_media":14519,"comment_status":"open","ping_status":"closed","template":"","meta":{"_acf_changed":false},"pwb-brand":[434],"product_cat":[21,23,150],"product_tag":[],"class_list":{"0":"post-14562","1":"product","2":"type-product","3":"status-publish","4":"has-post-thumbnail","6":"pwb-brand-plaisir","7":"product_cat-hrana-za-macke","8":"product_cat-macke","9":"product_cat-vlazna-hrana-za-macke","11":"first","12":"instock","13":"taxable","14":"shipping-taxable","15":"purchasable","16":"product-type-variable","17":"has-default-attributes"},"acf":[],"brands":[{"id":434,"name":"Plaisir","slug":"plaisir"}],"_links":{"self":[{"href":"https:\/\/pawz.rs\/en\/wp-json\/wp\/v2\/product\/14562","targetHints":{"allow":["GET"]}}],"collection":[{"href":"https:\/\/pawz.rs\/en\/wp-json\/wp\/v2\/product"}],"about":[{"href":"https:\/\/pawz.rs\/en\/wp-json\/wp\/v2\/types\/product"}],"replies":[{"embeddable":true,"href":"https:\/\/pawz.rs\/en\/wp-json\/wp\/v2\/comments?post=14562"}],"wp:featuredmedia":[{"embeddable":true,"href":"https:\/\/pawz.rs\/en\/wp-json\/wp\/v2\/media\/14519"}],"wp:attachment":[{"href":"https:\/\/pawz.rs\/en\/wp-json\/wp\/v2\/media?parent=14562"}],"wp:term":[{"taxonomy":"pwb-brand","embeddable":true,"href":"https:\/\/pawz.rs\/en\/wp-json\/wp\/v2\/pwb-brand?post=14562"},{"taxonomy":"product_cat","embeddable":true,"href":"https:\/\/pawz.rs\/en\/wp-json\/wp\/v2\/product_cat?post=14562"},{"taxonomy":"product_tag","embeddable":true,"href":"https:\/\/pawz.rs\/en\/wp-json\/wp\/v2\/product_tag?post=14562"}],"curies":[{"name":"wp","href":"https:\/\/api.w.org\/{rel}","templated":true}]}}