{"id":14571,"date":"2023-03-31T17:55:07","date_gmt":"2023-03-31T15:55:07","guid":{"rendered":"https:\/\/pawz.rs\/?post_type=product&#038;p=14571"},"modified":"2025-07-16T20:38:44","modified_gmt":"2025-07-16T18:38:44","slug":"plaisir-pasteta-za-stence-piletina","status":"publish","type":"product","link":"https:\/\/pawz.rs\/en\/plaisir-pasteta-za-stence-piletina\/","title":{"rendered":"Plaisir pa\u0161teta za \u0161tence &#8211; piletina"},"content":{"rendered":"<p><strong>Plaisir pa\u0161teta za \u0161tence-piletina 150g, 300g<\/strong><\/p>\n<p>Kompletna hrana za \u0161tence, sa ukusom piletine.<\/p>\n<p><strong>Sastav: <\/strong><br \/>\nMeso i prera\u0111evine \u017eivotinjskog porekla 57% (od \u010dega piletina 4%),mleko i mle\u010dni proizvodi, mineralne materije.<\/p>\n<p><strong>Dodaci: <\/strong><br \/>\nPrehrambeni dodaci: Vitamin E (3a700) 88 mg,taurin (3a370) 184,97 mg, Vitamin B1 (3a821) 19,82 mg, Vitamin B6 (3a831) 0,07 mg, bakar (3b405) 0,08 mg,mangan (3b503) 1,06 mg, cink (3b605) 14,07 mg, jod (3b202) 0,24 mg.<\/p>\n<p><strong>Analytical composition:<\/strong><br \/>\nSirovi proteini 10%,sirova celuloza 0,8%, sirove masti 6%, mineralne materije 2,5%, vla\u017enost 80%<\/p>\n<p><strong>Uputstvo za upotrebu:<\/strong><br \/>\nSlu\u017eiti na sobnoj temperaturi.<br \/>\nZa \u0161tence, normalne aktivnosti, nazna\u010dene koli\u010dine podelite u najmanje dva obroka dnevno.Preporu\u010duje se da koli\u010dinu hrane prilagodite aktivnostima, rasi i starosnom dobu psa.<br \/>\nOtvoreno \u010duvati u fri\u017eideru (+4\u00b0C), najdu\u017ee 48 h.<br \/>\nNije za ljudsku upotrebu.<\/p>\n<p>Proizvo\u0111a\u010d: LA NORMANDISE S.A.-VIRE CEDEX France<br \/>\nZemlja porekla: Francuska<\/p>\n\n    <div class=\"xs_social_share_widget xs_share_url after_content \t\tmain_content  wslu-style-1 wslu-share-box-shaped wslu-fill-colored wslu-none wslu-share-horizontal wslu-theme-font-no wslu-main_content\">\n\n\t\t\n        <ul>\n\t\t\t        <\/ul>\n    <\/div>","protected":false},"excerpt":{"rendered":"<p>Plaisir pa\u0161teta za \u0161tence-piletina-kompletna hrana za \u0161tence, sa ukusom piletine.<\/p>","protected":false},"featured_media":14530,"comment_status":"open","ping_status":"closed","template":"","meta":{"_acf_changed":false},"pwb-brand":[],"product_cat":[47,48,50],"product_tag":[],"class_list":{"0":"post-14571","1":"product","2":"type-product","3":"status-publish","4":"has-post-thumbnail","6":"product_cat-psi","7":"product_cat-hrana-za-pse","8":"product_cat-vlazna-hrana-za-pse","10":"first","11":"instock","12":"taxable","13":"shipping-taxable","14":"purchasable","15":"product-type-variable","16":"has-default-attributes"},"acf":[],"brands":[],"_links":{"self":[{"href":"https:\/\/pawz.rs\/en\/wp-json\/wp\/v2\/product\/14571","targetHints":{"allow":["GET"]}}],"collection":[{"href":"https:\/\/pawz.rs\/en\/wp-json\/wp\/v2\/product"}],"about":[{"href":"https:\/\/pawz.rs\/en\/wp-json\/wp\/v2\/types\/product"}],"replies":[{"embeddable":true,"href":"https:\/\/pawz.rs\/en\/wp-json\/wp\/v2\/comments?post=14571"}],"wp:featuredmedia":[{"embeddable":true,"href":"https:\/\/pawz.rs\/en\/wp-json\/wp\/v2\/media\/14530"}],"wp:attachment":[{"href":"https:\/\/pawz.rs\/en\/wp-json\/wp\/v2\/media?parent=14571"}],"wp:term":[{"taxonomy":"pwb-brand","embeddable":true,"href":"https:\/\/pawz.rs\/en\/wp-json\/wp\/v2\/pwb-brand?post=14571"},{"taxonomy":"product_cat","embeddable":true,"href":"https:\/\/pawz.rs\/en\/wp-json\/wp\/v2\/product_cat?post=14571"},{"taxonomy":"product_tag","embeddable":true,"href":"https:\/\/pawz.rs\/en\/wp-json\/wp\/v2\/product_tag?post=14571"}],"curies":[{"name":"wp","href":"https:\/\/api.w.org\/{rel}","templated":true}]}}