{"id":14593,"date":"2023-03-31T18:25:33","date_gmt":"2023-03-31T16:25:33","guid":{"rendered":"https:\/\/pawz.rs\/?post_type=product&#038;p=14593"},"modified":"2025-08-17T09:06:16","modified_gmt":"2025-08-17T07:06:16","slug":"plaisir-pasteta-za-pse-curetina","status":"publish","type":"product","link":"https:\/\/pawz.rs\/en\/plaisir-pasteta-za-pse-curetina\/","title":{"rendered":"Plaisir pa\u0161teta za pse-\u0107uretina"},"content":{"rendered":"<p><strong>Plaisir pa\u0161teta za pse-\u0107uretina 150g ili 22x150g pakovanje<\/strong><\/p>\n<p>Plaisir pa\u0161teta sa \u0107uretinom-kompletna hrana za pse<\/p>\n<p><strong>Sastav: <\/strong><br \/>\nMeso i prera\u0111evine \u017eivotinjskog porekla (od \u010dega \u0107uretina 4%), mineralne materije.<\/p>\n<p><strong>Dodaci: <\/strong><br \/>\nPrehrambeni dodaci: vitamin E (3a700) 88 mg, taurin (3a370) 185,21 mg, vitamin B1 (3a821) 19,85 mg, vitamin B6 (3a831) 0,07 mg, bakar (3b405) 0,08 mg, mangan (3b503) 1,06 mg, cink (3b605) 14,08 mg, jod (3b202) 0,24 mg.<\/p>\n<p><strong>Analytical composition:<br \/>\n<\/strong>Sirovi proteini 9,5%, sirova celuloza 0,8%, sirove masti 4,5%, mineralne materije 2,5%, vla\u017enost 81%.<\/p>\n<p><strong>Uputstvo za upotrebu:<\/strong><br \/>\nSlu\u017eiti na sobnoj temperaturi.<br \/>\nZa psa sa normalnom aktivno\u0161\u0107u nazna\u010dene koli\u010dine podelite u najmanje dva obroka dnevno.<br \/>\nPreporu\u010deno je da koli\u010dine prilagodite aktivnostima, rasi i starosnom dobu psa.<br \/>\nOtvoreno \u010duvati u fri\u017eideru (+4\u00b0C), najdu\u017ee 48 h.<br \/>\nNije za ljudsku upotrebu.<\/p>\n<p>Proizvo\u0111a\u010d: LA NORMANDISE S.A.-VIRE CEDEX France<br \/>\nZemlja porekla: Francuska<\/p>\n\n    <div class=\"xs_social_share_widget xs_share_url after_content \t\tmain_content  wslu-style-1 wslu-share-box-shaped wslu-fill-colored wslu-none wslu-share-horizontal wslu-theme-font-no wslu-main_content\">\n\n\t\t\n        <ul>\n\t\t\t        <\/ul>\n    <\/div>","protected":false},"excerpt":{"rendered":"<p>Plaisir pa\u0161teta za pse, sa ukusom \u0107uretine.<\/p>","protected":false},"featured_media":14518,"comment_status":"open","ping_status":"closed","template":"","meta":{"_acf_changed":false,"_aa_vp_cena":"","_aa_online_cena":""},"pwb-brand":[434],"product_cat":[48,47,50],"product_tag":[],"class_list":{"0":"post-14593","1":"product","2":"type-product","3":"status-publish","4":"has-post-thumbnail","6":"pwb-brand-plaisir","7":"product_cat-hrana-za-pse","8":"product_cat-psi","9":"product_cat-vlazna-hrana-za-pse","11":"first","12":"instock","13":"taxable","14":"shipping-taxable","15":"purchasable","16":"product-type-variable","17":"has-default-attributes"},"acf":[],"brands":[{"id":434,"name":"Plaisir","slug":"plaisir"}],"_links":{"self":[{"href":"https:\/\/pawz.rs\/en\/wp-json\/wp\/v2\/product\/14593","targetHints":{"allow":["GET"]}}],"collection":[{"href":"https:\/\/pawz.rs\/en\/wp-json\/wp\/v2\/product"}],"about":[{"href":"https:\/\/pawz.rs\/en\/wp-json\/wp\/v2\/types\/product"}],"replies":[{"embeddable":true,"href":"https:\/\/pawz.rs\/en\/wp-json\/wp\/v2\/comments?post=14593"}],"wp:featuredmedia":[{"embeddable":true,"href":"https:\/\/pawz.rs\/en\/wp-json\/wp\/v2\/media\/14518"}],"wp:attachment":[{"href":"https:\/\/pawz.rs\/en\/wp-json\/wp\/v2\/media?parent=14593"}],"wp:term":[{"taxonomy":"pwb-brand","embeddable":true,"href":"https:\/\/pawz.rs\/en\/wp-json\/wp\/v2\/pwb-brand?post=14593"},{"taxonomy":"product_cat","embeddable":true,"href":"https:\/\/pawz.rs\/en\/wp-json\/wp\/v2\/product_cat?post=14593"},{"taxonomy":"product_tag","embeddable":true,"href":"https:\/\/pawz.rs\/en\/wp-json\/wp\/v2\/product_tag?post=14593"}],"curies":[{"name":"wp","href":"https:\/\/api.w.org\/{rel}","templated":true}]}}