{"id":14599,"date":"2023-03-31T18:46:08","date_gmt":"2023-03-31T16:46:08","guid":{"rendered":"https:\/\/pawz.rs\/?post_type=product&#038;p=14599"},"modified":"2025-08-17T09:05:38","modified_gmt":"2025-08-17T07:05:38","slug":"plaisir-sos-za-pse-junior-piletina","status":"publish","type":"product","link":"https:\/\/pawz.rs\/en\/plaisir-sos-za-pse-junior-piletina\/","title":{"rendered":"Plaisir Sos za pse junior-piletina"},"content":{"rendered":"<p><strong>Plaisir Sos za pse junior-piletina 100g ili 22x100g pakovnje<\/strong><\/p>\n<p>Kompletna hrana za \u0161tence sa komadi\u0107ima piletine.<\/p>\n<p><strong>Sastav:<br \/>\n<\/strong>Meso i prera\u0111evine \u017eivotinjskog porekla (od \u010degapiletina 4%), prera\u0111evine biljnog porekla, \u017eitarice, mineralne materije, \u0161e\u0107eri.<\/p>\n<p><strong>Dodaci:<\/strong><br \/>\nPrehrambeni dodaci: vitamin E (3a700) 56 mg, vitamin B1 (3a821) 2,39 mg, vitamin B6 (3a831)0,2 mg, bakar (3b405) 0,54 mg, jod (3b201) 0,29 mg, mangan (3b503) 1,67 mg, cink (3b605)13,69 mg, gvo\u017e\u0111e (3b103) 2,97 mg.<\/p>\n<p><strong>Analytical composition:<\/strong><br \/>\nSirovi proteini 7,5%, sirova celuloza 0,8%,sirove masti 4,5%, mineralne materije 1,5%, vla\u017enost 82%.<\/p>\n<p><strong>Uputstvo za upotrebu:<br \/>\n<\/strong>Servirati na sobnoj temperaturi.<br \/>\nZa \u0161tence, normalne aktivnosti, navedene koli\u010dine podeliti u najmanje 2obroka dnevno.<br \/>\nPosle otvaranja, dr\u017eati u fri\u017eideru (+4 C) i potro\u0161iti u roku od 48 h.<br \/>\nNije za ljudsku upotrebu.<strong><br \/>\n<\/strong><\/p>\n<p>Proizvo\u0111a\u010d: LA NORMANDISE S.A.-VIRE CEDEX France<br \/>\nZemlja porekla: Francuska<\/p>\n\n    <div class=\"xs_social_share_widget xs_share_url after_content \t\tmain_content  wslu-style-1 wslu-share-box-shaped wslu-fill-colored wslu-none wslu-share-horizontal wslu-theme-font-no wslu-main_content\">\n\n\t\t\n        <ul>\n\t\t\t        <\/ul>\n    <\/div>","protected":false},"excerpt":{"rendered":"<p>Plaisir sos za \u0161tence-komadi\u0107i piletine u sosu.<\/p>","protected":false},"featured_media":14527,"comment_status":"open","ping_status":"closed","template":"","meta":{"_acf_changed":false,"_aa_vp_cena":"","_aa_online_cena":""},"pwb-brand":[434],"product_cat":[48,47,50],"product_tag":[],"class_list":{"0":"post-14599","1":"product","2":"type-product","3":"status-publish","4":"has-post-thumbnail","6":"pwb-brand-plaisir","7":"product_cat-hrana-za-pse","8":"product_cat-psi","9":"product_cat-vlazna-hrana-za-pse","11":"first","12":"instock","13":"taxable","14":"shipping-taxable","15":"purchasable","16":"product-type-variable","17":"has-default-attributes"},"acf":[],"brands":[{"id":434,"name":"Plaisir","slug":"plaisir"}],"_links":{"self":[{"href":"https:\/\/pawz.rs\/en\/wp-json\/wp\/v2\/product\/14599","targetHints":{"allow":["GET"]}}],"collection":[{"href":"https:\/\/pawz.rs\/en\/wp-json\/wp\/v2\/product"}],"about":[{"href":"https:\/\/pawz.rs\/en\/wp-json\/wp\/v2\/types\/product"}],"replies":[{"embeddable":true,"href":"https:\/\/pawz.rs\/en\/wp-json\/wp\/v2\/comments?post=14599"}],"wp:featuredmedia":[{"embeddable":true,"href":"https:\/\/pawz.rs\/en\/wp-json\/wp\/v2\/media\/14527"}],"wp:attachment":[{"href":"https:\/\/pawz.rs\/en\/wp-json\/wp\/v2\/media?parent=14599"}],"wp:term":[{"taxonomy":"pwb-brand","embeddable":true,"href":"https:\/\/pawz.rs\/en\/wp-json\/wp\/v2\/pwb-brand?post=14599"},{"taxonomy":"product_cat","embeddable":true,"href":"https:\/\/pawz.rs\/en\/wp-json\/wp\/v2\/product_cat?post=14599"},{"taxonomy":"product_tag","embeddable":true,"href":"https:\/\/pawz.rs\/en\/wp-json\/wp\/v2\/product_tag?post=14599"}],"curies":[{"name":"wp","href":"https:\/\/api.w.org\/{rel}","templated":true}]}}