{"id":14769,"date":"2024-03-11T20:56:16","date_gmt":"2024-03-11T19:56:16","guid":{"rendered":"https:\/\/pawz.rs\/?post_type=product&#038;p=14769"},"modified":"2026-02-01T15:01:25","modified_gmt":"2026-02-01T14:01:25","slug":"stuzzy-chunks-preliv-komadici-teletine-i-grasak","status":"publish","type":"product","link":"https:\/\/pawz.rs\/en\/stuzzy-chunks-preliv-komadici-teletine-i-grasak\/","title":{"rendered":"Stuzzy Chunks preliv &#8211; komadi\u0107i teletine i gra\u0161ak"},"content":{"rendered":"<p><strong>Stuzzy Chunks preliv &#8211; komadi\u0107i teletine i gra\u0161ak<\/strong><\/p>\n<p>Ukusni prelivi sa komadi\u0107ima teletine i gra\u0161kom kuvanim na pari namenjeni ishrani odraslih pasa.<\/p>\n<p>Kompletan obrok sa prirodnim sastojcima i visokim procentom mesa.<\/p>\n<p><strong>Ingredients:<\/strong><br \/>\n45% meso i derivati mesa ( 8% teletina ), derivati biljnog porekla ( inulin iz cikorije ), minerali.<\/p>\n<p><strong>Supplements per kg:<\/strong><br \/>\nVit. D3 80 I.U., vit. E 80 I.U., biotin 80 \u03bcg, Zn (cink sulfat monohidrat) 20 mg, Mn (mangan sulfat monohidrat) 3 mg.<\/p>\n<p><strong>Analytical composition:<\/strong><br \/>\nProteini 7%, sirova vlakna 0,3%, sirove masti 4%, sirovi pepeo 1,5%, vlaga 82%.<\/p>\n<p>Serve food in dry form with available fresh water.<br \/>\nFor your pet&#039;s health, consult a veterinarian regularly.<\/p>\n<p>Store the product in a dry, dark and cool place.<\/p>\n<p>Proizvo\u0111a\u010d: AGRAS DELIC S.P.A<br \/>\nZemlja porekla: Italija<\/p>\n\n    <div class=\"xs_social_share_widget xs_share_url after_content \t\tmain_content  wslu-style-1 wslu-share-box-shaped wslu-fill-colored wslu-none wslu-share-horizontal wslu-theme-font-no wslu-main_content\">\n\n\t\t\n        <ul>\n\t\t\t        <\/ul>\n    <\/div>","protected":false},"excerpt":{"rendered":"<p>Stuzzy Chunks preliv &#8211; komadi\u0107i teletine i gra\u0161ak<\/p>","protected":false},"featured_media":14770,"comment_status":"open","ping_status":"closed","template":"","meta":{"_acf_changed":false,"_aa_vp_cena":"","_aa_online_cena":""},"pwb-brand":[448,447],"product_cat":[48,47,50],"product_tag":[],"class_list":{"0":"post-14769","1":"product","2":"type-product","3":"status-publish","4":"has-post-thumbnail","6":"pwb-brand-stuzzy-hrana-za-pse","7":"pwb-brand-stuzzy","8":"product_cat-hrana-za-pse","9":"product_cat-psi","10":"product_cat-vlazna-hrana-za-pse","12":"first","13":"instock","14":"taxable","15":"shipping-taxable","16":"purchasable","17":"product-type-variable","18":"has-default-attributes"},"acf":[],"brands":[{"id":447,"name":"Stuzzy","slug":"stuzzy"},{"id":448,"name":"Stuzzy Dog Food","slug":"stuzzy-hrana-za-pse"}],"_links":{"self":[{"href":"https:\/\/pawz.rs\/en\/wp-json\/wp\/v2\/product\/14769","targetHints":{"allow":["GET"]}}],"collection":[{"href":"https:\/\/pawz.rs\/en\/wp-json\/wp\/v2\/product"}],"about":[{"href":"https:\/\/pawz.rs\/en\/wp-json\/wp\/v2\/types\/product"}],"replies":[{"embeddable":true,"href":"https:\/\/pawz.rs\/en\/wp-json\/wp\/v2\/comments?post=14769"}],"wp:featuredmedia":[{"embeddable":true,"href":"https:\/\/pawz.rs\/en\/wp-json\/wp\/v2\/media\/14770"}],"wp:attachment":[{"href":"https:\/\/pawz.rs\/en\/wp-json\/wp\/v2\/media?parent=14769"}],"wp:term":[{"taxonomy":"pwb-brand","embeddable":true,"href":"https:\/\/pawz.rs\/en\/wp-json\/wp\/v2\/pwb-brand?post=14769"},{"taxonomy":"product_cat","embeddable":true,"href":"https:\/\/pawz.rs\/en\/wp-json\/wp\/v2\/product_cat?post=14769"},{"taxonomy":"product_tag","embeddable":true,"href":"https:\/\/pawz.rs\/en\/wp-json\/wp\/v2\/product_tag?post=14769"}],"curies":[{"name":"wp","href":"https:\/\/api.w.org\/{rel}","templated":true}]}}