{"id":14831,"date":"2023-04-06T12:12:16","date_gmt":"2023-04-06T10:12:16","guid":{"rendered":"https:\/\/pawz.rs\/?post_type=product&#038;p=14831"},"modified":"2025-03-07T17:26:01","modified_gmt":"2025-03-07T16:26:01","slug":"platinum-menu-chicken","status":"publish","type":"product","link":"https:\/\/pawz.rs\/en\/platinum-menu-chicken\/","title":{"rendered":"Platinum Menu Chicken"},"content":{"rendered":"<p><strong>Platinum Menu Chicken<\/strong><\/p>\n<p>Kompletna vla\u017ena hrana sa piletinom namenjena ishrani odraslih pasa svih rasa sa minimum 83% sve\u017eeg mesa<\/p>\n<p>Complete food for adult dogs, suitable for dogs of all ages and breeds thanks to its natural, healthy ingredients and ease of digestion. It does not contain additives that harm and strain the body.<\/p>\n<p>PLATINUM MENU sadr\u017ei visokokvalitetne sastojke pogodne i za ljudsku ishranu::<\/p>\n<p>Minimum 83% \u017eivinskog mesa, celih sve\u017ei komadi<br \/>\nPirina\u010d i krompir (nisu genetski modifikovani) kao izvor visokokvalitetnih ugljenih hidrata<br \/>\nVegetables with natural antioxidants<br \/>\nOils (cold-pressed olive, linseed...) and fats from fresh fish meat for optimal fat balance<\/p>\n<p>Meso i riba kuvani samo u sopstvenim sokovima sa procentom vlage od 65% \u010dine PLATINUM MENU Chicken idealnom hranom za Va\u0161e pse. Miri\u0161e na meso i ima ukus mesa. Va\u0161 pas \u0107e ga obo\u017eavati. Ne sadr\u017ei genetski modifikovane sastojke.<\/p>\n<p><strong>Ingredients:<\/strong><br \/>\nSve\u017ee pile\u0107e meso 83%, lomljeni pirina\u010d, dehidrirani krompir, brokoli, \u0161argarepa, praziluk, lososovo ulje, hlano ce\u0111eno maslinovo ulje.<\/p>\n<p><strong>Supplements per kg:<\/strong><br \/>\nVitamini, provitamini i hemijski dobro definisane supstance koje imaju sli\u010dan efekat :(E &#8211; 672) vitamin A 4, 000 IU, (E &#8211; 671) vitamin D3 480 IU, (3a700) vitamin E (alfa &#8211; tocoferol acetate) 60 mg. Elementi u tragovima i jedninjenja elemenata u tragovima: (E &#8211; 1) gvo\u017e\u0111e sulfat, heptahidrat 60 mg, (E &#8211; 2) kalijum jodid 0. 45 mg, (E &#8211; 3) kobalt &#8211; (II) &#8211; karbonat, monohidrat 0. 3 mg, (E &#8211; 4) bakar &#8211; (ll) &#8211; sulfat, pentahidrat 6 mg, (E &#8211; 5) mangan &#8211; (ll) &#8211; sulfat, monohydrat 20 mg, (E &#8211; 6) cink oksid 65 mg, (E &#8211; 8) sodium selenite 0. 12 mg.<\/p>\n<p><strong>Analytical composition:<\/strong><br \/>\nSirovi proteini 15%, Sirove masti 9,95%, Sirovi pepeo 2,75%, Kalcijum 0,50%, Sirova vlakna 0,50%, Fosfor 0,35%. Vlaga (prirodna) 65%<\/p>\n<p>Serve food in dry form with available fresh water.<br \/>\nFor your pet&#039;s health, consult a veterinarian regularly.<\/p>\n<p>Store the product in a dry, dark and cool place.<\/p>\n<p>Manufacturer: Platinum GmbH &amp; Co<br \/>\nCountry of origin: Germany<\/p>\n\n    <div class=\"xs_social_share_widget xs_share_url after_content \t\tmain_content  wslu-style-1 wslu-share-box-shaped wslu-fill-colored wslu-none wslu-share-horizontal wslu-theme-font-no wslu-main_content\">\n\n\t\t\n        <ul>\n\t\t\t        <\/ul>\n    <\/div>","protected":false},"excerpt":{"rendered":"<p>Kompletna vla\u017ena hrana sa piletinom namenjena ishrani odraslih pasa svih rasa sa minimum 83% sve\u017eeg mesa<\/p>","protected":false},"featured_media":14835,"comment_status":"open","ping_status":"closed","template":"","meta":{"_acf_changed":false,"_aa_vp_cena":"","_aa_online_cena":""},"pwb-brand":[323,321],"product_cat":[48,47,50],"product_tag":[],"class_list":{"0":"post-14831","1":"product","2":"type-product","3":"status-publish","4":"has-post-thumbnail","6":"pwb-brand-platinum-hrana-za-pse","7":"pwb-brand-platinum","8":"product_cat-hrana-za-pse","9":"product_cat-psi","10":"product_cat-vlazna-hrana-za-pse","12":"first","13":"instock","14":"taxable","15":"shipping-taxable","16":"purchasable","17":"product-type-variable","18":"has-default-attributes"},"acf":[],"brands":[{"id":321,"name":"Platinum","slug":"platinum"},{"id":323,"name":"Platinum Dog Food","slug":"platinum-hrana-za-pse"}],"_links":{"self":[{"href":"https:\/\/pawz.rs\/en\/wp-json\/wp\/v2\/product\/14831","targetHints":{"allow":["GET"]}}],"collection":[{"href":"https:\/\/pawz.rs\/en\/wp-json\/wp\/v2\/product"}],"about":[{"href":"https:\/\/pawz.rs\/en\/wp-json\/wp\/v2\/types\/product"}],"replies":[{"embeddable":true,"href":"https:\/\/pawz.rs\/en\/wp-json\/wp\/v2\/comments?post=14831"}],"wp:featuredmedia":[{"embeddable":true,"href":"https:\/\/pawz.rs\/en\/wp-json\/wp\/v2\/media\/14835"}],"wp:attachment":[{"href":"https:\/\/pawz.rs\/en\/wp-json\/wp\/v2\/media?parent=14831"}],"wp:term":[{"taxonomy":"pwb-brand","embeddable":true,"href":"https:\/\/pawz.rs\/en\/wp-json\/wp\/v2\/pwb-brand?post=14831"},{"taxonomy":"product_cat","embeddable":true,"href":"https:\/\/pawz.rs\/en\/wp-json\/wp\/v2\/product_cat?post=14831"},{"taxonomy":"product_tag","embeddable":true,"href":"https:\/\/pawz.rs\/en\/wp-json\/wp\/v2\/product_tag?post=14831"}],"curies":[{"name":"wp","href":"https:\/\/api.w.org\/{rel}","templated":true}]}}