{"id":14836,"date":"2023-04-06T12:16:29","date_gmt":"2023-04-06T10:16:29","guid":{"rendered":"https:\/\/pawz.rs\/?post_type=product&#038;p=14836"},"modified":"2025-03-07T17:24:39","modified_gmt":"2025-03-07T16:24:39","slug":"platinum-menu-beef-chicken","status":"publish","type":"product","link":"https:\/\/pawz.rs\/en\/platinum-menu-beef-chicken\/","title":{"rendered":"Platinum Menu Beef &amp; Chicken"},"content":{"rendered":"<p><strong>Platinum Menu Beef &amp; Chicken<\/strong><\/p>\n<p>Kompletna vla\u017ena hrana sa govedinom i piletinom namenjena ishrani odraslih pasa svih rasa sa minimum 83% sve\u017eeg mesa<\/p>\n<p>Vla\u017ena hrana za pse bez glutena<br \/>\nSadr\u017ei 83% sve\u017eeg gove\u0111eg i pile\u0107eg mesa<br \/>\nNamenjena ishrani pasa svih rasa i starosti<br \/>\nSastojci kuvani na pari u sopstvenom soku<br \/>\nBez genetski modifikovanih sastojaka<\/p>\n<p>PLATINUM MENI Beef + Chicken sadr\u017ei samo vrhunske sastojke koji se mogu koristiti u ljudskoj ishrani<br \/>\n&#8211; Sadr\u017ei 48% sve\u017eeg pile\u0107eg i 35% sve\u017eeg gove\u0111eg mesa<br \/>\n&#8211; Krompir je sastojak koji pru\u017ea visoko-kvalitetan izvor ugljenih hidrata<br \/>\n&#8211; Povr\u0107e sa prirodnim anti-oksidansima<\/p>\n<p>Sastojci kuvani na pari u sopstvenom soku i vla\u017enost hrane od samo 69% \u010dine PLATINUM MENI Beef+Chicken savr\u0161enom hranom za Va\u0161eg psa. Va\u0161 pas \u0107e biti odu\u0161evljen!<\/p>\n<p><strong>Ingredients:<\/strong><br \/>\nSve\u017ee pile\u0107e meso 48%, sve\u017ee gove\u0111e meso 35%, dehidrirani krompir, brokoli, \u0161argarepa, praziluk, lososovo ulje, hlano ce\u0111eno maslinovo ulje, su\u0161eni pivski kvasac.<\/p>\n<p><strong>Supplements per kg:<\/strong><br \/>\nVitamin D3 ( 3a671 ) 480 IU, Vitami E ( 3a700 ) 60mg. Bakar ( E-4 bakar sulfat pentahidrat ) 1mg, Cink ( 3b603 cink oksid ) 15mg, Selenium ( E-8 sodium selenit ) 0,03mg<\/p>\n<p><strong>Analytical composition:<\/strong><br \/>\nSirovi proteini 14,5%, Sirova ulja I masti 9%, Sirovi pepeo 2,00,%, Kalcijum 0,65%,Sirova vlakna 0,65%,Fosfor0,35%,Vlaga(prirodna) 69%<\/p>\n<p>Serve food in dry form with available fresh water.<br \/>\nFor your pet&#039;s health, consult a veterinarian regularly.<\/p>\n<p>Store the product in a dry, dark and cool place.<\/p>\n<p>Manufacturer: Platinum GmbH &amp; Co<br \/>\nCountry of origin: Germany<\/p>\n\n    <div class=\"xs_social_share_widget xs_share_url after_content \t\tmain_content  wslu-style-1 wslu-share-box-shaped wslu-fill-colored wslu-none wslu-share-horizontal wslu-theme-font-no wslu-main_content\">\n\n\t\t\n        <ul>\n\t\t\t        <\/ul>\n    <\/div>","protected":false},"excerpt":{"rendered":"<p>Kompletna vla\u017ena hrana sa govedinom i piletinom namenjena ishrani odraslih pasa svih rasa sa minimum 83% sve\u017eeg mesa<\/p>","protected":false},"featured_media":14840,"comment_status":"open","ping_status":"closed","template":"","meta":{"_acf_changed":false},"pwb-brand":[323,321],"product_cat":[47,48,50],"product_tag":[],"class_list":{"0":"post-14836","1":"product","2":"type-product","3":"status-publish","4":"has-post-thumbnail","6":"pwb-brand-platinum-hrana-za-pse","7":"pwb-brand-platinum","8":"product_cat-psi","9":"product_cat-hrana-za-pse","10":"product_cat-vlazna-hrana-za-pse","12":"first","13":"instock","14":"taxable","15":"shipping-taxable","16":"purchasable","17":"product-type-variable","18":"has-default-attributes"},"acf":[],"brands":[{"id":321,"name":"Platinum","slug":"platinum"},{"id":323,"name":"Platinum Dog Food","slug":"platinum-hrana-za-pse"}],"_links":{"self":[{"href":"https:\/\/pawz.rs\/en\/wp-json\/wp\/v2\/product\/14836","targetHints":{"allow":["GET"]}}],"collection":[{"href":"https:\/\/pawz.rs\/en\/wp-json\/wp\/v2\/product"}],"about":[{"href":"https:\/\/pawz.rs\/en\/wp-json\/wp\/v2\/types\/product"}],"replies":[{"embeddable":true,"href":"https:\/\/pawz.rs\/en\/wp-json\/wp\/v2\/comments?post=14836"}],"wp:featuredmedia":[{"embeddable":true,"href":"https:\/\/pawz.rs\/en\/wp-json\/wp\/v2\/media\/14840"}],"wp:attachment":[{"href":"https:\/\/pawz.rs\/en\/wp-json\/wp\/v2\/media?parent=14836"}],"wp:term":[{"taxonomy":"pwb-brand","embeddable":true,"href":"https:\/\/pawz.rs\/en\/wp-json\/wp\/v2\/pwb-brand?post=14836"},{"taxonomy":"product_cat","embeddable":true,"href":"https:\/\/pawz.rs\/en\/wp-json\/wp\/v2\/product_cat?post=14836"},{"taxonomy":"product_tag","embeddable":true,"href":"https:\/\/pawz.rs\/en\/wp-json\/wp\/v2\/product_tag?post=14836"}],"curies":[{"name":"wp","href":"https:\/\/api.w.org\/{rel}","templated":true}]}}