{"id":14846,"date":"2023-04-06T12:24:58","date_gmt":"2023-04-06T10:24:58","guid":{"rendered":"https:\/\/pawz.rs\/?post_type=product&#038;p=14846"},"modified":"2025-03-07T17:22:19","modified_gmt":"2025-03-07T16:22:19","slug":"platinum-menu-duck-turkey","status":"publish","type":"product","link":"https:\/\/pawz.rs\/en\/platinum-menu-duck-turkey\/","title":{"rendered":"Platinum Menu Duck &amp; Turkey"},"content":{"rendered":"<p><strong>Platinum Menu Duck &amp; Turkey<\/strong><\/p>\n<p>Kompletna vla\u017ena hrana sa pa\u010detinom i \u0107uretinom namenjena ishrani odraslih pasa svih rasa sa minimum 83% sve\u017eeg mesa<\/p>\n<p>Complete food for adult dogs, suitable for dogs of all ages and breeds thanks to its natural, healthy ingredients and ease of digestion. It does not contain additives that harm and strain the body.<\/p>\n<p>PLATINUM MENU contains high-quality ingredients suitable for human consumption:<\/p>\n<p>Minimum 83% \u017eivinskog mesa, celih sve\u017ei komadi<br \/>\nGluten free<br \/>\nNamenjena psima svih rasa i starosti<br \/>\nMeso kuvano na pari u sopstvenom soku<br \/>\nMeso i riba kuvani samo u sopstvenim sokovima sa procentom vlage od 65% \u010dine PLATINUM MENU Duck&amp;Turkey idealnom hranom za Va\u0161e pse. Miri\u0161e na meso i ima ukus mesa. Va\u0161 pas \u0107e ga obo\u017eavati. Ne sadr\u017ei genetski modifikovane sastojke.<\/p>\n<p><strong>Ingredients:<\/strong><br \/>\nSve\u017ee pa\u010dije meso 42%, sve\u017ee \u0107ure\u0107e meso 42%, su\u0161eni pivski kvasac, su\u0161eno povr\u0107e ( brokoli, \u0161argarepa, poriluk ), gra\u0161ak, lososovo ulje, maslinovo ulje<\/p>\n<p><strong>Supplements per kg:<\/strong><br \/>\n3a671\/vitamin D3 480 IU, 3a700\/vitamin E 60 mg. Elementi u tragovima: 3b405\/bakar 1 mg, 3b603\/cink 15 mg, 3b801\/selenijum 0.03 mg.<\/p>\n<p><strong>Analytical composition:<\/strong><br \/>\nSirovi proteini 14,60%, Sirove masti 9,90%, Sirovi pepeo 2,90%, Kalcijum 0,95%, Sirova vlakna 0,48%, Fosfor 0,54%. Vlaga (prirodna) 67%<\/p>\n<p>Serve food in dry form with available fresh water.<br \/>\nFor your pet&#039;s health, consult a veterinarian regularly.<\/p>\n<p>Store the product in a dry, dark and cool place.<\/p>\n<p>Manufacturer: Platinum GmbH &amp; Co<br \/>\nCountry of origin: Germany<\/p>\n\n    <div class=\"xs_social_share_widget xs_share_url after_content \t\tmain_content  wslu-style-1 wslu-share-box-shaped wslu-fill-colored wslu-none wslu-share-horizontal wslu-theme-font-no wslu-main_content\">\n\n\t\t\n        <ul>\n\t\t\t        <\/ul>\n    <\/div>","protected":false},"excerpt":{"rendered":"<p>Kompletna vla\u017ena hrana sa pa\u010detinom i \u0107uretinom namenjena ishrani odraslih pasa svih rasa sa minimum 83% sve\u017eeg mesa<\/p>","protected":false},"featured_media":14850,"comment_status":"open","ping_status":"closed","template":"","meta":{"_acf_changed":false},"pwb-brand":[323,321],"product_cat":[47,48,50],"product_tag":[],"class_list":{"0":"post-14846","1":"product","2":"type-product","3":"status-publish","4":"has-post-thumbnail","6":"pwb-brand-platinum-hrana-za-pse","7":"pwb-brand-platinum","8":"product_cat-psi","9":"product_cat-hrana-za-pse","10":"product_cat-vlazna-hrana-za-pse","12":"first","13":"instock","14":"taxable","15":"shipping-taxable","16":"purchasable","17":"product-type-variable","18":"has-default-attributes"},"acf":[],"brands":[{"id":321,"name":"Platinum","slug":"platinum"},{"id":323,"name":"Platinum Dog Food","slug":"platinum-hrana-za-pse"}],"_links":{"self":[{"href":"https:\/\/pawz.rs\/en\/wp-json\/wp\/v2\/product\/14846","targetHints":{"allow":["GET"]}}],"collection":[{"href":"https:\/\/pawz.rs\/en\/wp-json\/wp\/v2\/product"}],"about":[{"href":"https:\/\/pawz.rs\/en\/wp-json\/wp\/v2\/types\/product"}],"replies":[{"embeddable":true,"href":"https:\/\/pawz.rs\/en\/wp-json\/wp\/v2\/comments?post=14846"}],"wp:featuredmedia":[{"embeddable":true,"href":"https:\/\/pawz.rs\/en\/wp-json\/wp\/v2\/media\/14850"}],"wp:attachment":[{"href":"https:\/\/pawz.rs\/en\/wp-json\/wp\/v2\/media?parent=14846"}],"wp:term":[{"taxonomy":"pwb-brand","embeddable":true,"href":"https:\/\/pawz.rs\/en\/wp-json\/wp\/v2\/pwb-brand?post=14846"},{"taxonomy":"product_cat","embeddable":true,"href":"https:\/\/pawz.rs\/en\/wp-json\/wp\/v2\/product_cat?post=14846"},{"taxonomy":"product_tag","embeddable":true,"href":"https:\/\/pawz.rs\/en\/wp-json\/wp\/v2\/product_tag?post=14846"}],"curies":[{"name":"wp","href":"https:\/\/api.w.org\/{rel}","templated":true}]}}