{"id":14861,"date":"2023-04-06T12:38:07","date_gmt":"2023-04-06T10:38:07","guid":{"rendered":"https:\/\/pawz.rs\/?post_type=product&#038;p=14861"},"modified":"2025-03-07T17:16:40","modified_gmt":"2025-03-07T16:16:40","slug":"platinum-menu-fish","status":"publish","type":"product","link":"https:\/\/pawz.rs\/en\/platinum-menu-fish\/","title":{"rendered":"Platinum Menu Fish"},"content":{"rendered":"<p><strong>Platinum Menu Fish<\/strong><\/p>\n<p>Kompletna vla\u017ena hrana sa ribom namenjena ishrani odraslih pasa svih rasa sa minimum 83% sve\u017ee ribe<\/p>\n<p>Complete food for adult dogs, suitable for dogs of all ages and breeds thanks to its natural, healthy ingredients and ease of digestion. It does not contain additives that harm and strain the body.<\/p>\n<p>PLATINUM MENU contains high-quality ingredients suitable for human consumption:<\/p>\n<p>83% sve\u017ee ribe (tuna i sardina i pastrmka)<br \/>\nPotatoes (not genetically modified) as a source of high-quality carbohydrates<br \/>\nVegetables with natural antioxidants<br \/>\nRiba kuvana samo u sopstvenom soku sa procentom vlage od 68% \u010dine PLATINUM MENU Fish idealnom hranom za Va\u0161e pse. Miri\u0161e na meso i ima ukus mesa. Va\u0161 pas \u0107e ga obo\u017eavati. Ne sadr\u017ei genetski modifikovane sastojke.<\/p>\n<p><strong>Ingredients:<\/strong><br \/>\nSve\u017ea sardina 40%, sve\u017ea tuna 25%, sve\u017ea pastrmka 18%, suncokretovo ulje, dehidrirani krompir, dehidrirano povr\u0107e ( brokoli, \u0161argarepa, praziluk ), maslinovo ulje.<\/p>\n<p><strong>Supplements per kg:<\/strong><br \/>\n3a700\/vitamin E 60 mg. Elementi u tragovima: 3b405\/bakar 1 mg, 3b603\/cink 15 mg.<\/p>\n<p><strong>Analytical composition:<\/strong><br \/>\nSirovi proteini 16,5%, Sirove masti 9%, Sirovi pepeo 2,4%, Kalcijum 0,52%, Sirova vlakna 0,2%, Fosfor 0,46%, Vlaga (prirodna) 68%<\/p>\n<p>Serve food in dry form with available fresh water.<br \/>\nFor your pet&#039;s health, consult a veterinarian regularly.<\/p>\n<p>Store the product in a dry, dark and cool place.<\/p>\n<p>Manufacturer: Platinum GmbH &amp; Co<br \/>\nCountry of origin: Germany<\/p>\n\n    <div class=\"xs_social_share_widget xs_share_url after_content \t\tmain_content  wslu-style-1 wslu-share-box-shaped wslu-fill-colored wslu-none wslu-share-horizontal wslu-theme-font-no wslu-main_content\">\n\n\t\t\n        <ul>\n\t\t\t        <\/ul>\n    <\/div>","protected":false},"excerpt":{"rendered":"<p>Kompletna vla\u017ena hrana sa ribom namenjena ishrani odraslih pasa svih rasa sa minimum 83% sve\u017ee ribe<\/p>","protected":false},"featured_media":14865,"comment_status":"open","ping_status":"closed","template":"","meta":{"_acf_changed":false},"pwb-brand":[323,321],"product_cat":[47,48,50],"product_tag":[],"class_list":{"0":"post-14861","1":"product","2":"type-product","3":"status-publish","4":"has-post-thumbnail","6":"pwb-brand-platinum-hrana-za-pse","7":"pwb-brand-platinum","8":"product_cat-psi","9":"product_cat-hrana-za-pse","10":"product_cat-vlazna-hrana-za-pse","12":"first","13":"instock","14":"taxable","15":"shipping-taxable","16":"purchasable","17":"product-type-variable","18":"has-default-attributes"},"acf":[],"brands":[{"id":321,"name":"Platinum","slug":"platinum"},{"id":323,"name":"Platinum Dog Food","slug":"platinum-hrana-za-pse"}],"_links":{"self":[{"href":"https:\/\/pawz.rs\/en\/wp-json\/wp\/v2\/product\/14861","targetHints":{"allow":["GET"]}}],"collection":[{"href":"https:\/\/pawz.rs\/en\/wp-json\/wp\/v2\/product"}],"about":[{"href":"https:\/\/pawz.rs\/en\/wp-json\/wp\/v2\/types\/product"}],"replies":[{"embeddable":true,"href":"https:\/\/pawz.rs\/en\/wp-json\/wp\/v2\/comments?post=14861"}],"wp:featuredmedia":[{"embeddable":true,"href":"https:\/\/pawz.rs\/en\/wp-json\/wp\/v2\/media\/14865"}],"wp:attachment":[{"href":"https:\/\/pawz.rs\/en\/wp-json\/wp\/v2\/media?parent=14861"}],"wp:term":[{"taxonomy":"pwb-brand","embeddable":true,"href":"https:\/\/pawz.rs\/en\/wp-json\/wp\/v2\/pwb-brand?post=14861"},{"taxonomy":"product_cat","embeddable":true,"href":"https:\/\/pawz.rs\/en\/wp-json\/wp\/v2\/product_cat?post=14861"},{"taxonomy":"product_tag","embeddable":true,"href":"https:\/\/pawz.rs\/en\/wp-json\/wp\/v2\/product_tag?post=14861"}],"curies":[{"name":"wp","href":"https:\/\/api.w.org\/{rel}","templated":true}]}}