{"id":14943,"date":"2023-04-07T11:47:22","date_gmt":"2023-04-07T09:47:22","guid":{"rendered":"https:\/\/pawz.rs\/?post_type=product&#038;p=14943"},"modified":"2024-01-18T08:08:41","modified_gmt":"2024-01-18T07:08:41","slug":"trixie-eye-care-tearstain-remover","status":"publish","type":"product","link":"https:\/\/pawz.rs\/en\/trixie-eye-care-tearstain-remover\/","title":{"rendered":"Trixie Eye Care Tearstain Remover"},"content":{"rendered":"<p><strong>Eye Care Tearstain Remover<\/strong><\/p>\n<div id=\"product.info.description\" class=\"data item content\" role=\"tabpanel\" data-role=\"content\" aria-labelledby=\"tab-label-product.info.description\" aria-hidden=\"false\">\n<div id=\"product.info.description\" class=\"data item content\" role=\"tabpanel\" data-role=\"content\" aria-labelledby=\"tab-label-product.info.description\" aria-hidden=\"false\">\n<p>Tearstain Remover slu\u017ei za ne\u017eno uklanjanje mrlja prouzrokovanih suzenjem o\u010diju.<br \/>\nNamenjeno za pse, ma\u010dke i ostale male \u017eivotinje spre\u010dava suzenje o\u010diju.<\/p>\n<ul>\n<li>Uklanja mrlje prouzrokovane suzenjem<\/li>\n<li>Spre\u010dava suzenje o\u010diju<\/li>\n<li>Uklanja krmelje<\/li>\n<li>Namenjeno za pse, ma\u010dke i male \u017eivotinje<\/li>\n<\/ul>\n<\/div>\n<div id=\"tab-label-deklaracija\" class=\"data item title\" role=\"tab\" data-role=\"collapsible\" data-collapsible=\"true\">Sastav:<br \/>\nVoda, izopropil, alkohol, borna kiselina, cink-sulfat, kamfor, benzalkonijum hlorid, sodium hlorid<\/div>\n<\/div>\n<p>Upotreba:<br \/>\nNaneti na vatu i utapkati na zatvorene kapke i oko njih. Za svako oko koristiti posebnu vatu.<\/p>\n<p>Pakovanje je od 50 ml.<\/p>\n<p>\u010cuvati na tamnom i suvom mestu.<\/p>\n<p>Proizvo\u0111a\u010d: TRIXIE Heimtierbedarf GmbH &amp; Co. KG, Germany<br \/>\nCountry of origin: Germany<\/p>\n\n    <div class=\"xs_social_share_widget xs_share_url after_content \t\tmain_content  wslu-style-1 wslu-share-box-shaped wslu-fill-colored wslu-none wslu-share-horizontal wslu-theme-font-no wslu-main_content\">\n\n\t\t\n        <ul>\n\t\t\t        <\/ul>\n    <\/div>","protected":false},"excerpt":{"rendered":"<p>Eye Care Tearstain Remover je proizvd koji slu\u017ei da ne\u017eno ukloni mrlje prouzrokovanih suzenjem o\u010diju.<\/p>","protected":false},"featured_media":15104,"comment_status":"open","ping_status":"closed","template":"","meta":{"_acf_changed":false},"pwb-brand":[465],"product_cat":[80,104,388,389,23,47],"product_tag":[],"class_list":{"0":"post-14943","1":"product","2":"type-product","3":"status-publish","4":"has-post-thumbnail","6":"pwb-brand-trixie","7":"product_cat-higijena-nega-macaka","8":"product_cat-higijena-i-nega-pasa","9":"product_cat-higijenski-proizvodi","10":"product_cat-higijenski-proizvodi-higijena-i-nega-pasa","11":"product_cat-macke","12":"product_cat-psi","14":"first","15":"instock","16":"taxable","17":"shipping-taxable","18":"purchasable","19":"product-type-simple"},"acf":[],"brands":[{"id":465,"name":"Trixie","slug":"trixie"}],"_links":{"self":[{"href":"https:\/\/pawz.rs\/en\/wp-json\/wp\/v2\/product\/14943","targetHints":{"allow":["GET"]}}],"collection":[{"href":"https:\/\/pawz.rs\/en\/wp-json\/wp\/v2\/product"}],"about":[{"href":"https:\/\/pawz.rs\/en\/wp-json\/wp\/v2\/types\/product"}],"replies":[{"embeddable":true,"href":"https:\/\/pawz.rs\/en\/wp-json\/wp\/v2\/comments?post=14943"}],"wp:featuredmedia":[{"embeddable":true,"href":"https:\/\/pawz.rs\/en\/wp-json\/wp\/v2\/media\/15104"}],"wp:attachment":[{"href":"https:\/\/pawz.rs\/en\/wp-json\/wp\/v2\/media?parent=14943"}],"wp:term":[{"taxonomy":"pwb-brand","embeddable":true,"href":"https:\/\/pawz.rs\/en\/wp-json\/wp\/v2\/pwb-brand?post=14943"},{"taxonomy":"product_cat","embeddable":true,"href":"https:\/\/pawz.rs\/en\/wp-json\/wp\/v2\/product_cat?post=14943"},{"taxonomy":"product_tag","embeddable":true,"href":"https:\/\/pawz.rs\/en\/wp-json\/wp\/v2\/product_tag?post=14943"}],"curies":[{"name":"wp","href":"https:\/\/api.w.org\/{rel}","templated":true}]}}