{"id":14947,"date":"2023-04-07T11:56:41","date_gmt":"2023-04-07T09:56:41","guid":{"rendered":"https:\/\/pawz.rs\/?post_type=product&#038;p=14947"},"modified":"2025-05-09T10:35:59","modified_gmt":"2025-05-09T08:35:59","slug":"trixie-ear-care","status":"publish","type":"product","link":"https:\/\/pawz.rs\/en\/trixie-ear-care\/","title":{"rendered":"Trixie Ear Care"},"content":{"rendered":"<p><strong>Trixie Ear Care\u00a0<\/strong><\/p>\n<div id=\"product.info.description\" class=\"data item content\" role=\"tabpanel\" data-role=\"content\" aria-labelledby=\"tab-label-product.info.description\" aria-hidden=\"false\">\n<div id=\"product.info.description\" class=\"data item content\" role=\"tabpanel\" data-role=\"content\" aria-labelledby=\"tab-label-product.info.description\" aria-hidden=\"false\">\n<div id=\"product.info.description\" class=\"data item content\" role=\"tabpanel\" data-role=\"content\" aria-labelledby=\"tab-label-product.info.description\" aria-hidden=\"false\">\n<p>Ear Care predstavlja proizvod namenjen za \u010di\u0161\u0107enje u\u0161ne duplje od prljav\u0161tine i pra\u0161ine.<br \/>\nJednostavan za primenu. Namenjen psima i ma\u010dkama i malim \u017eivotinjama.<\/p>\n<ul>\n<li>Namenjen za \u010di\u0161\u0107enje u\u0161ne duplje<\/li>\n<li>Otklanja ne\u010disto\u0107u i pra\u0161inu<\/li>\n<li>Namenjeno psima, ma\u010dkama i malim \u017eivotinjama<\/li>\n<\/ul>\n<\/div>\n<\/div>\n<div id=\"tab-label-deklaracija\" class=\"data item title\" role=\"tab\" data-role=\"collapsible\" data-collapsible=\"true\"><strong>Sastav:<\/strong><br \/>\nEsencijalna ulja, borna kielina, alkohol, voda<\/div>\n<\/div>\n<p><strong>Upotreba:<\/strong><br \/>\nNaneti 2-3 kapi u u\u0161nu \u0161koljku. Redovna primena garantuje \u010disto\u0107u.<\/p>\n<p>Pakovanje je od 50 ml.<\/p>\n<p>\u010cuvati na tamnom i suvom mestu.<\/p>\n<p>Proizvo\u0111a\u010d: TRIXIE Heimtierbedarf GmbH &amp; Co. KG, Germany<br \/>\nCountry of origin: Germany<\/p>\n\n    <div class=\"xs_social_share_widget xs_share_url after_content \t\tmain_content  wslu-style-1 wslu-share-box-shaped wslu-fill-colored wslu-none wslu-share-horizontal wslu-theme-font-no wslu-main_content\">\n\n\t\t\n        <ul>\n\t\t\t        <\/ul>\n    <\/div>","protected":false},"excerpt":{"rendered":"<p>Ear Care je proizvod namenjen za \u010di\u0161\u0107enje u\u0161ne duplje od prljav\u0161tine i pra\u0161ine.<\/p>","protected":false},"featured_media":15110,"comment_status":"open","ping_status":"closed","template":"","meta":{"_acf_changed":false},"pwb-brand":[465],"product_cat":[23,80,388,47,104,389],"product_tag":[],"class_list":{"0":"post-14947","1":"product","2":"type-product","3":"status-publish","4":"has-post-thumbnail","6":"pwb-brand-trixie","7":"product_cat-macke","8":"product_cat-higijena-nega-macaka","9":"product_cat-higijenski-proizvodi","10":"product_cat-psi","11":"product_cat-higijena-i-nega-pasa","12":"product_cat-higijenski-proizvodi-higijena-i-nega-pasa","14":"first","15":"instock","16":"taxable","17":"shipping-taxable","18":"purchasable","19":"product-type-simple"},"acf":[],"brands":[{"id":465,"name":"Trixie","slug":"trixie"}],"_links":{"self":[{"href":"https:\/\/pawz.rs\/en\/wp-json\/wp\/v2\/product\/14947","targetHints":{"allow":["GET"]}}],"collection":[{"href":"https:\/\/pawz.rs\/en\/wp-json\/wp\/v2\/product"}],"about":[{"href":"https:\/\/pawz.rs\/en\/wp-json\/wp\/v2\/types\/product"}],"replies":[{"embeddable":true,"href":"https:\/\/pawz.rs\/en\/wp-json\/wp\/v2\/comments?post=14947"}],"wp:featuredmedia":[{"embeddable":true,"href":"https:\/\/pawz.rs\/en\/wp-json\/wp\/v2\/media\/15110"}],"wp:attachment":[{"href":"https:\/\/pawz.rs\/en\/wp-json\/wp\/v2\/media?parent=14947"}],"wp:term":[{"taxonomy":"pwb-brand","embeddable":true,"href":"https:\/\/pawz.rs\/en\/wp-json\/wp\/v2\/pwb-brand?post=14947"},{"taxonomy":"product_cat","embeddable":true,"href":"https:\/\/pawz.rs\/en\/wp-json\/wp\/v2\/product_cat?post=14947"},{"taxonomy":"product_tag","embeddable":true,"href":"https:\/\/pawz.rs\/en\/wp-json\/wp\/v2\/product_tag?post=14947"}],"curies":[{"name":"wp","href":"https:\/\/api.w.org\/{rel}","templated":true}]}}