{"id":14948,"date":"2023-04-07T12:03:48","date_gmt":"2023-04-07T10:03:48","guid":{"rendered":"https:\/\/pawz.rs\/?post_type=product&#038;p=14948"},"modified":"2025-07-18T13:45:32","modified_gmt":"2025-07-18T11:45:32","slug":"trixie-paw-care","status":"publish","type":"product","link":"https:\/\/pawz.rs\/en\/trixie-paw-care\/","title":{"rendered":"Trixie Paw Care"},"content":{"rendered":"<p><strong>Paw Care<\/strong><\/p>\n<div id=\"product.info.description\" class=\"data item content\" role=\"tabpanel\" data-role=\"content\" aria-labelledby=\"tab-label-product.info.description\" aria-hidden=\"false\">\n<div class=\"woocommerce-tabs wc-tabs-wrapper\">\n<div id=\"tab-description\" class=\"woocommerce-Tabs-panel woocommerce-Tabs-panel--description panel entry-content wc-tab\" role=\"tabpanel\" aria-labelledby=\"tab-title-description\">\n<p>Krema sa p\u010delinjim voskom namenjena za za\u0161titu \u0161apa i jastu\u010di\u0107a Va\u0161eg ljubimca, posebno tokom zimskih meseci.<\/p>\n<p>Paw Care krema sa p\u010delinjim voskom namenjena je za za\u0161titu \u0161apa i jastu\u010di\u0107a Va\u0161eg ljubimca.<br \/>\nUpotreba Paw Care kreme posebno se preporu\u010duje tokom zimskih meseci kada postoji prisutnost leda, peska i soli na putu.<\/p>\n<p>Tako\u0111e, ovaj proizvod ima blagotvoran dejstvo upotrebom tokom cele godine.<br \/>\nPotrebno ga je primenjivati nakon dugih \u0161etnji po grubom terenu.<\/p>\n<p><strong>Sastav:<\/strong><br \/>\nDeionised wated, Petrolatum, Glycerin, Isopropyl Myristate, Mineral Oil, Beeswax, Polyglyceryl-2Dioleate Isodearte Glycerides, Hydrogenated Castor Oil PEG-40, Sorbiatan Monooleate, Dimethicone, Magnesium SUlfate, Fragrance, Sodium Borate, Methylchloroisothiazolinone.<\/p>\n<\/div>\n<\/div>\n<\/div>\n<p>Pakovanje je od 50 ml.<\/p>\n<p>Samo za spolja\u0161nju upotrebu.<br \/>\n\u010cuvati na tamnom i suvom mestu.<\/p>\n<p>Proizvo\u0111a\u010d: TRIXIE Heimtierbedarf GmbH &amp; Co. KG, Germany<br \/>\nCountry of origin: Germany<\/p>\n\n    <div class=\"xs_social_share_widget xs_share_url after_content \t\tmain_content  wslu-style-1 wslu-share-box-shaped wslu-fill-colored wslu-none wslu-share-horizontal wslu-theme-font-no wslu-main_content\">\n\n\t\t\n        <ul>\n\t\t\t        <\/ul>\n    <\/div>","protected":false},"excerpt":{"rendered":"<p>Paw Care je proizvod namenjen za negu \u0161apa kod pasa i ma\u010daka.<\/p>","protected":false},"featured_media":15113,"comment_status":"open","ping_status":"closed","template":"","meta":{"_acf_changed":false},"pwb-brand":[465],"product_cat":[23,80,388,47,104,389],"product_tag":[],"class_list":{"0":"post-14948","1":"product","2":"type-product","3":"status-publish","4":"has-post-thumbnail","6":"pwb-brand-trixie","7":"product_cat-macke","8":"product_cat-higijena-nega-macaka","9":"product_cat-higijenski-proizvodi","10":"product_cat-psi","11":"product_cat-higijena-i-nega-pasa","12":"product_cat-higijenski-proizvodi-higijena-i-nega-pasa","14":"first","15":"instock","16":"taxable","17":"shipping-taxable","18":"purchasable","19":"product-type-simple"},"acf":[],"brands":[{"id":465,"name":"Trixie","slug":"trixie"}],"_links":{"self":[{"href":"https:\/\/pawz.rs\/en\/wp-json\/wp\/v2\/product\/14948","targetHints":{"allow":["GET"]}}],"collection":[{"href":"https:\/\/pawz.rs\/en\/wp-json\/wp\/v2\/product"}],"about":[{"href":"https:\/\/pawz.rs\/en\/wp-json\/wp\/v2\/types\/product"}],"replies":[{"embeddable":true,"href":"https:\/\/pawz.rs\/en\/wp-json\/wp\/v2\/comments?post=14948"}],"wp:featuredmedia":[{"embeddable":true,"href":"https:\/\/pawz.rs\/en\/wp-json\/wp\/v2\/media\/15113"}],"wp:attachment":[{"href":"https:\/\/pawz.rs\/en\/wp-json\/wp\/v2\/media?parent=14948"}],"wp:term":[{"taxonomy":"pwb-brand","embeddable":true,"href":"https:\/\/pawz.rs\/en\/wp-json\/wp\/v2\/pwb-brand?post=14948"},{"taxonomy":"product_cat","embeddable":true,"href":"https:\/\/pawz.rs\/en\/wp-json\/wp\/v2\/product_cat?post=14948"},{"taxonomy":"product_tag","embeddable":true,"href":"https:\/\/pawz.rs\/en\/wp-json\/wp\/v2\/product_tag?post=14948"}],"curies":[{"name":"wp","href":"https:\/\/api.w.org\/{rel}","templated":true}]}}