{"id":14989,"date":"2023-04-07T13:00:33","date_gmt":"2023-04-07T11:00:33","guid":{"rendered":"https:\/\/pawz.rs\/?post_type=product&#038;p=14989"},"modified":"2023-04-07T18:01:18","modified_gmt":"2023-04-07T16:01:18","slug":"gills-paw-care","status":"publish","type":"product","link":"https:\/\/pawz.rs\/en\/gills-paw-care\/","title":{"rendered":"Gill&#8217;s Paw Care"},"content":{"rendered":"<p><strong>Gills Paw Care<\/strong><\/p>\n<div id=\"product.info.description\" class=\"data item content\" role=\"tabpanel\" data-role=\"content\" aria-labelledby=\"tab-label-product.info.description\" aria-hidden=\"false\">\n<div class=\"woocommerce-tabs wc-tabs-wrapper\">\n<div id=\"tab-description\" class=\"woocommerce-Tabs-panel woocommerce-Tabs-panel--description panel entry-content wc-tab\" role=\"tabpanel\" aria-labelledby=\"tab-title-description\">\n<p>Krema za stopala za pse i ma\u010dke.<br \/>\nZahvaljuju\u0107i p\u010delinjem, vosku, krema omek\u0161ava \u0161ape \u017eivotinje i \u0161titi ih od stresnih situacija poput dugih \u0161etnji.<\/p>\n<\/div>\n<\/div>\n<\/div>\n<p>Pakovanje je od 50 ml.<\/p>\n<p>Samo za spolja\u0161nju upotrebu.<br \/>\n\u010cuvati na tamnom i suvom mestu.<\/p>\n<p>Proizvo\u0111a\u010d: Croci<br \/>\nZemlja porekla: Kina<\/p>\n\n    <div class=\"xs_social_share_widget xs_share_url after_content \t\tmain_content  wslu-style-1 wslu-share-box-shaped wslu-fill-colored wslu-none wslu-share-horizontal wslu-theme-font-no wslu-main_content\">\n\n\t\t\n        <ul>\n\t\t\t        <\/ul>\n    <\/div>","protected":false},"excerpt":{"rendered":"<p>Gill&#8217;s Paw Care je proizvod namenjen za negu \u0161apa kod pasa i ma\u010daka.<\/p>","protected":false},"featured_media":15122,"comment_status":"open","ping_status":"closed","template":"","meta":{"_acf_changed":false},"pwb-brand":[415],"product_cat":[23,80,388,47,104,389],"product_tag":[],"class_list":{"0":"post-14989","1":"product","2":"type-product","3":"status-publish","4":"has-post-thumbnail","6":"pwb-brand-croci","7":"product_cat-macke","8":"product_cat-higijena-nega-macaka","9":"product_cat-higijenski-proizvodi","10":"product_cat-psi","11":"product_cat-higijena-i-nega-pasa","12":"product_cat-higijenski-proizvodi-higijena-i-nega-pasa","14":"first","15":"instock","16":"taxable","17":"shipping-taxable","18":"purchasable","19":"product-type-simple"},"acf":[],"brands":[{"id":415,"name":"Croci","slug":"croci"}],"_links":{"self":[{"href":"https:\/\/pawz.rs\/en\/wp-json\/wp\/v2\/product\/14989","targetHints":{"allow":["GET"]}}],"collection":[{"href":"https:\/\/pawz.rs\/en\/wp-json\/wp\/v2\/product"}],"about":[{"href":"https:\/\/pawz.rs\/en\/wp-json\/wp\/v2\/types\/product"}],"replies":[{"embeddable":true,"href":"https:\/\/pawz.rs\/en\/wp-json\/wp\/v2\/comments?post=14989"}],"wp:featuredmedia":[{"embeddable":true,"href":"https:\/\/pawz.rs\/en\/wp-json\/wp\/v2\/media\/15122"}],"wp:attachment":[{"href":"https:\/\/pawz.rs\/en\/wp-json\/wp\/v2\/media?parent=14989"}],"wp:term":[{"taxonomy":"pwb-brand","embeddable":true,"href":"https:\/\/pawz.rs\/en\/wp-json\/wp\/v2\/pwb-brand?post=14989"},{"taxonomy":"product_cat","embeddable":true,"href":"https:\/\/pawz.rs\/en\/wp-json\/wp\/v2\/product_cat?post=14989"},{"taxonomy":"product_tag","embeddable":true,"href":"https:\/\/pawz.rs\/en\/wp-json\/wp\/v2\/product_tag?post=14989"}],"curies":[{"name":"wp","href":"https:\/\/api.w.org\/{rel}","templated":true}]}}