{"id":15136,"date":"2023-04-08T09:37:22","date_gmt":"2023-04-08T07:37:22","guid":{"rendered":"https:\/\/pawz.rs\/?post_type=product&#038;p=15136"},"modified":"2023-04-09T17:05:17","modified_gmt":"2023-04-09T15:05:17","slug":"gn-kitty-m-bele-i-roze-navlake-za-macje-kandze","status":"publish","type":"product","link":"https:\/\/pawz.rs\/en\/gn-kitty-m-bele-i-roze-navlake-za-macje-kandze\/","title":{"rendered":"GN-Kitty M Bele i Roze navlake za ma\u010dje kand\u017ee"},"content":{"rendered":"<p><strong>GN-Kitty M Bele i Roze navlake za ma\u010dje kand\u017ee<\/strong><\/p>\n<p>Za\u0161titita od ma\u010dijih ogrebotina Vas, Va\u0161u porodicu i prijatelje sa ovim simpati\u010dnim raznobojnim navlakama.<br \/>\nBezbedan i netoksi\u010dni lepak ne\u0107e ometati normalnu funkciju uvla\u010denja i izvla\u010denja noktiju.<\/p>\n<p>Navlaka za nokte lako se nanosi i otpada\u0107e kako nokti ma\u010dki budu rasli.<br \/>\nOstaju na noktima 4-6 nedelja nakon primene.<\/p>\n<p>Pogodno i za odrasle ma\u010dke i za ma\u010di\u0107e.<br \/>\nSa\u010duvajte name\u0161taj od ma\u010dijih kand\u017ei pomo\u0107u \u0161arenih navlaka za ma\u010dije nokte.<\/p>\n<p>Kitti Caps za ma\u010dke pru\u017ea sigurnu i humanu alternativu hiru\u0161kom uklanjanju noktiju i poma\u017eu u spre\u010davanju o\u0161te\u0107enja name\u0161taja uzrokovanih prirodnom \u017eeljom va\u0161eg ljubimca da grebe.<\/p>\n<p>Kitti Caps su napravljene od sigurne i netoksi\u010dne prirodne vinil smole.<br \/>\nNavlake za nokte: sigurno, lako nanosivo re\u0161enje.<\/p>\n<p><strong>Sadr\u017eaj pakovanja:<\/strong><br \/>\nSvako pakovanje uklju\u010duje 40 navlaka za nokte, 2 pakovanja sa lepkom i dva upustva za postavljanje navlaka za nokte.<\/p>\n<p><strong>Dimenzije:<br \/>\n<\/strong> X-Small (XS): ma\u010dke manje od 2,26 kg.<br \/>\nMale ma\u010dke (S): Cats 2,72 -3,62 kg.<br \/>\nSrednje ma\u010dke (M): 4,08 -5,89 kg.<br \/>\nVelike ma\u010dke (L): Ma\u010dke preko 5,89 kg.<\/p>\n<p><strong>Uputstvo za postavljanje navlaka za nokte:<br \/>\n<\/strong> <strong>KORAK 1:<\/strong> Odsecite vrh nokta Va\u0161e ma\u010dke.<br \/>\nOdsecite taman toliko da navlaka za nokte stane sve do baze nokta.<br \/>\n<strong>KORAK 2:<\/strong> Naspite lepak u navlaku za nokte do 1\/3.<br \/>\nNe\u017eno stisnite navlaku za nokte da biste ravnomerno rasporedili lepak i oslobodili mehuri\u0107e vazduha.<br \/>\nAko lepak curi iz navlake za nokte, stavili ste previ\u0161e lepka.<br \/>\nUklonite vi\u0161ak lepka papirnim ubrusom.<br \/>\n<strong>KORAK 3:<\/strong> Izvucite nokte ma\u010dke laganim pritiskom palca na dnu \u0161ape ma\u010dke- stavite navlaku za nokte na nokat.<br \/>\n<strong>KORAK 4:<\/strong> Dr\u017eite ma\u010dku 5 minuta pre pu\u0161tanja.<br \/>\nMo\u017eete da se igrate sa ma\u010dkom ili je hranite njenom omiljenom hranom da biste joj odvratili pa\u017enju na nekoliko minuta.<\/p>\n<p>Nije za ljudsku upotrebu.<\/p>\n<p>Proizvo\u0111a\u010d: 1400 Broadway, New York NY 10018 USA.<br \/>\nZemlja porekla: Kina.<\/p>\n\n    <div class=\"xs_social_share_widget xs_share_url after_content \t\tmain_content  wslu-style-1 wslu-share-box-shaped wslu-fill-colored wslu-none wslu-share-horizontal wslu-theme-font-no wslu-main_content\">\n\n\t\t\n        <ul>\n\t\t\t        <\/ul>\n    <\/div>","protected":false},"excerpt":{"rendered":"<p>GN-Kitty M Bele i Roze navlake za ma\u010dje kand\u017ee je za\u0161tita od ma\u010dijih ogrebotina.<\/p>","protected":false},"featured_media":15221,"comment_status":"open","ping_status":"closed","template":"","meta":{"_acf_changed":false},"pwb-brand":[500],"product_cat":[23,80,388],"product_tag":[],"class_list":{"0":"post-15136","1":"product","2":"type-product","3":"status-publish","4":"has-post-thumbnail","6":"pwb-brand-gn-kitty","7":"product_cat-macke","8":"product_cat-higijena-nega-macaka","9":"product_cat-higijenski-proizvodi","11":"first","12":"instock","13":"taxable","14":"shipping-taxable","15":"purchasable","16":"product-type-simple"},"acf":[],"brands":[{"id":500,"name":"GN Kitty","slug":"gn-kitty"}],"_links":{"self":[{"href":"https:\/\/pawz.rs\/en\/wp-json\/wp\/v2\/product\/15136","targetHints":{"allow":["GET"]}}],"collection":[{"href":"https:\/\/pawz.rs\/en\/wp-json\/wp\/v2\/product"}],"about":[{"href":"https:\/\/pawz.rs\/en\/wp-json\/wp\/v2\/types\/product"}],"replies":[{"embeddable":true,"href":"https:\/\/pawz.rs\/en\/wp-json\/wp\/v2\/comments?post=15136"}],"wp:featuredmedia":[{"embeddable":true,"href":"https:\/\/pawz.rs\/en\/wp-json\/wp\/v2\/media\/15221"}],"wp:attachment":[{"href":"https:\/\/pawz.rs\/en\/wp-json\/wp\/v2\/media?parent=15136"}],"wp:term":[{"taxonomy":"pwb-brand","embeddable":true,"href":"https:\/\/pawz.rs\/en\/wp-json\/wp\/v2\/pwb-brand?post=15136"},{"taxonomy":"product_cat","embeddable":true,"href":"https:\/\/pawz.rs\/en\/wp-json\/wp\/v2\/product_cat?post=15136"},{"taxonomy":"product_tag","embeddable":true,"href":"https:\/\/pawz.rs\/en\/wp-json\/wp\/v2\/product_tag?post=15136"}],"curies":[{"name":"wp","href":"https:\/\/api.w.org\/{rel}","templated":true}]}}