{"id":15137,"date":"2023-04-09T17:11:01","date_gmt":"2023-04-09T15:11:01","guid":{"rendered":"https:\/\/pawz.rs\/?post_type=product&#038;p=15137"},"modified":"2025-12-15T13:58:05","modified_gmt":"2025-12-15T12:58:05","slug":"trixie-sprej-od-macije-trave","status":"publish","type":"product","link":"https:\/\/pawz.rs\/en\/trixie-sprej-od-macije-trave\/","title":{"rendered":"Trixie Sprej od ma\u010dije trave"},"content":{"rendered":"<p><strong>Sprej od ma\u010dije trave<\/strong><\/p>\n<p>Sprej od ma\u010dije trave stimuli\u0161e raspolo\u017eenje za igru i izaziva uzbu\u0111enje i euforiju kod ve\u0107ine ma\u010daka zahvaljuju\u0107i mirisima biljke \u010dije ekstrakte sadr\u017ei.<br \/>\nZavisno od naravi mace mo\u017ee tako\u0111e umiriti neke mace i pota\u0107i ih da se maze.<\/p>\n<p>Zbog uzbu\u0111uju\u0107eg efekta nije preporu\u010dljivo da se koristi vi\u0161e od jednom ili dvaput sedmi\u010dno.<br \/>\nNikako ne prskati po ma\u010dkama.<\/p>\n<p><strong>Ingredients:<\/strong><br \/>\nVoda, ulje ma\u010dije trave. Sadr\u017ei me\u0161avinu metilhlorizotiazolin i metilizotiazolinon (3:1).<\/p>\n<p><strong>Uputstvo za upotrebu:<br \/>\n<\/strong>Dobro promu\u0107kati pre upotrebe. Poprskajte na igra\u010dke ili druge predmete za igru i ma\u017eenje. Nemojte prskati vi\u0161e od jednom ili dva puta nedeljno zbog uzbzdljivog efekta, jer bi moglo preterano uzbuditi ma\u010dku.<\/p>\n<p><strong>Upozorenje:<br \/>\n<\/strong>\u010cuvati van doma\u0161aja dece.<br \/>\n\u010cuvati na suvom i tamnom mestu.<br \/>\nMo\u017ee izazvati alergijsku reakciju.<\/p>\n<p>Proizvo\u0111a\u010d: TRIXIE Heimtierbedarf GmbH &amp; Co. KG<br \/>\nCountry of origin: Germany<\/p>\n\n    <div class=\"xs_social_share_widget xs_share_url after_content \t\tmain_content  wslu-style-1 wslu-share-box-shaped wslu-fill-colored wslu-none wslu-share-horizontal wslu-theme-font-no wslu-main_content\">\n\n\t\t\n        <ul>\n\t\t\t        <\/ul>\n    <\/div>","protected":false},"excerpt":{"rendered":"<p>Sprej od ma\u010dije trave stimuli\u0161e raspolo\u017eenje za igru i izaziva uzbu\u0111enje i euforiju kod ma\u010daka.<\/p>","protected":false},"featured_media":15224,"comment_status":"open","ping_status":"closed","template":"","meta":{"_acf_changed":false},"pwb-brand":[465],"product_cat":[23,80,388],"product_tag":[],"class_list":{"0":"post-15137","1":"product","2":"type-product","3":"status-publish","4":"has-post-thumbnail","6":"pwb-brand-trixie","7":"product_cat-macke","8":"product_cat-higijena-nega-macaka","9":"product_cat-higijenski-proizvodi","11":"first","12":"instock","13":"taxable","14":"shipping-taxable","15":"purchasable","16":"product-type-simple"},"acf":[],"brands":[{"id":465,"name":"Trixie","slug":"trixie"}],"_links":{"self":[{"href":"https:\/\/pawz.rs\/en\/wp-json\/wp\/v2\/product\/15137","targetHints":{"allow":["GET"]}}],"collection":[{"href":"https:\/\/pawz.rs\/en\/wp-json\/wp\/v2\/product"}],"about":[{"href":"https:\/\/pawz.rs\/en\/wp-json\/wp\/v2\/types\/product"}],"replies":[{"embeddable":true,"href":"https:\/\/pawz.rs\/en\/wp-json\/wp\/v2\/comments?post=15137"}],"wp:featuredmedia":[{"embeddable":true,"href":"https:\/\/pawz.rs\/en\/wp-json\/wp\/v2\/media\/15224"}],"wp:attachment":[{"href":"https:\/\/pawz.rs\/en\/wp-json\/wp\/v2\/media?parent=15137"}],"wp:term":[{"taxonomy":"pwb-brand","embeddable":true,"href":"https:\/\/pawz.rs\/en\/wp-json\/wp\/v2\/pwb-brand?post=15137"},{"taxonomy":"product_cat","embeddable":true,"href":"https:\/\/pawz.rs\/en\/wp-json\/wp\/v2\/product_cat?post=15137"},{"taxonomy":"product_tag","embeddable":true,"href":"https:\/\/pawz.rs\/en\/wp-json\/wp\/v2\/product_tag?post=15137"}],"curies":[{"name":"wp","href":"https:\/\/api.w.org\/{rel}","templated":true}]}}