{"id":15138,"date":"2023-04-08T09:59:21","date_gmt":"2023-04-08T07:59:21","guid":{"rendered":"https:\/\/pawz.rs\/?post_type=product&#038;p=15138"},"modified":"2025-08-14T07:51:59","modified_gmt":"2025-08-14T05:51:59","slug":"trixie-ulje-lososa-250-ml","status":"publish","type":"product","link":"https:\/\/pawz.rs\/en\/trixie-ulje-lososa-250-ml\/","title":{"rendered":"Trixie Ulje Lososa 250 ml"},"content":{"rendered":"<p><strong>Ulje lososa 250 ml<\/strong><\/p>\n<p>Potpuno prirodni proizvod bogat omega 3 i omega 6 mastima. Koristi se u poja\u010davanju metabolizma, imuniteta, dijetama, regeneri\u0161e suvu ko\u017eu i daje sjaj krznu Va\u0161em ljubimcu. Omega 3 i omega 6 masne kiseline pozitivno deluju na rad srca i cirkulaciju u krvi.<\/p>\n<p><strong>Ingredients:<\/strong><br \/>\nLososovo ulje<\/p>\n<p><strong>Analiti\u010dka komponenta:<\/strong><br \/>\nSadr\u017eaj masti: 99.5%<\/p>\n<p><strong>Uputstvo za upotrebu:<br \/>\n<\/strong>Mali psi i ma\u010dke 1\/2-1 ka\u0161i\u010dice dnevno preliti preko hrane, srednji i veliki psi 4 ka\u0161i\u010dice dnevno preliti preko hrane.<\/p>\n<p><strong>Upozorenje:<br \/>\n<\/strong>\u010cuvati van doma\u0161aja dece.<br \/>\n\u010cuvati na suvom i tamnom mestu.<\/p>\n<p>Proizvo\u0111a\u010d: TRIXIE Heimtierbedarf GmbH &amp; Co. KG<br \/>\nCountry of origin: Germany<\/p>\n\n    <div class=\"xs_social_share_widget xs_share_url after_content \t\tmain_content  wslu-style-1 wslu-share-box-shaped wslu-fill-colored wslu-none wslu-share-horizontal wslu-theme-font-no wslu-main_content\">\n\n\t\t\n        <ul>\n\t\t\t        <\/ul>\n    <\/div>","protected":false},"excerpt":{"rendered":"<p>Ulje lososa je potpuno prirodni proizvod bogat omega 3 i omega 6 mastima.<\/p>","protected":false},"featured_media":15222,"comment_status":"open","ping_status":"closed","template":"","meta":{"_acf_changed":false},"pwb-brand":[465],"product_cat":[23,47,414,391],"product_tag":[],"class_list":{"0":"post-15138","1":"product","2":"type-product","3":"status-publish","4":"has-post-thumbnail","6":"pwb-brand-trixie","7":"product_cat-macke","8":"product_cat-psi","9":"product_cat-vitamini-suplementi-i-preparati-za-macke","10":"product_cat-vitamini-suplementi-i-preparati-za-pse","12":"first","13":"outofstock","14":"taxable","15":"shipping-taxable","16":"purchasable","17":"product-type-simple"},"acf":[],"brands":[{"id":465,"name":"Trixie","slug":"trixie"}],"_links":{"self":[{"href":"https:\/\/pawz.rs\/en\/wp-json\/wp\/v2\/product\/15138","targetHints":{"allow":["GET"]}}],"collection":[{"href":"https:\/\/pawz.rs\/en\/wp-json\/wp\/v2\/product"}],"about":[{"href":"https:\/\/pawz.rs\/en\/wp-json\/wp\/v2\/types\/product"}],"replies":[{"embeddable":true,"href":"https:\/\/pawz.rs\/en\/wp-json\/wp\/v2\/comments?post=15138"}],"wp:featuredmedia":[{"embeddable":true,"href":"https:\/\/pawz.rs\/en\/wp-json\/wp\/v2\/media\/15222"}],"wp:attachment":[{"href":"https:\/\/pawz.rs\/en\/wp-json\/wp\/v2\/media?parent=15138"}],"wp:term":[{"taxonomy":"pwb-brand","embeddable":true,"href":"https:\/\/pawz.rs\/en\/wp-json\/wp\/v2\/pwb-brand?post=15138"},{"taxonomy":"product_cat","embeddable":true,"href":"https:\/\/pawz.rs\/en\/wp-json\/wp\/v2\/product_cat?post=15138"},{"taxonomy":"product_tag","embeddable":true,"href":"https:\/\/pawz.rs\/en\/wp-json\/wp\/v2\/product_tag?post=15138"}],"curies":[{"name":"wp","href":"https:\/\/api.w.org\/{rel}","templated":true}]}}