{"id":15162,"date":"2023-04-08T13:35:10","date_gmt":"2023-04-08T11:35:10","guid":{"rendered":"https:\/\/pawz.rs\/?post_type=product&#038;p=15162"},"modified":"2024-08-12T17:08:15","modified_gmt":"2024-08-12T15:08:15","slug":"asssorbello-basic-prostirke-90x120cm","status":"publish","type":"product","link":"https:\/\/pawz.rs\/en\/asssorbello-basic-prostirke-90x120cm\/","title":{"rendered":"Asssorbello Basic Prostirke 90x120cm 10 kom"},"content":{"rendered":"<p><strong>Asssorbello Basic Prostirke 90x120cm 10kom<\/strong><\/p>\n<p>Upijaju\u0107e prostirke BASIC vam poma\u017eu da nau\u010dite \u0161tene gde da obavlja nu\u017edu.<br \/>\nUpijaju vlagu i odr\u017eavaju pod \u010distim i suvim.<\/p>\n<p>Postavite prostirku na odre\u0111eno mesto i nau\u010dite \u0161tene da na datom mestu obavlja nu\u017edu.<\/p>\n<p>Prostirke su pogodne i u slu\u010dajevima kada va\u0161a kuja ili ma\u010dka ima mlade ili kao prostirka u transporteru tokom prenosa. Na ovaj na\u010din unutra\u0161njost va\u0161eg doma ostaje suva i \u010dista.<\/p>\n<p>Povr\u0161ina prostirke je suva u roku od 30 sekundi.<\/p>\n<p>Zahvaljuju\u0107im ovim prostirkama mo\u017eete u potpunosti izbaciti iz svoje sredine upotrebu starih stvari kao prostirke za \u0161tence i re\u0161iti se neprijatnih mirisa<\/p>\n<p>Proizvo\u0111a\u010d: Ferribiella S.p.A.<br \/>\nZemlja porekla: Italija<\/p>\n\n    <div class=\"xs_social_share_widget xs_share_url after_content \t\tmain_content  wslu-style-1 wslu-share-box-shaped wslu-fill-colored wslu-none wslu-share-horizontal wslu-theme-font-no wslu-main_content\">\n\n\t\t\n        <ul>\n\t\t\t        <\/ul>\n    <\/div>","protected":false},"excerpt":{"rendered":"<p>Upijaju\u0107e prostirke BASIC vam poma\u017eu da nau\u010dite \u0161tene gde da obavlja nu\u017edu, dimenzija 90 x 120 cm<\/p>","protected":false},"featured_media":15732,"comment_status":"open","ping_status":"closed","template":"","meta":{"_acf_changed":false,"_aa_vp_cena":"","_aa_online_cena":""},"pwb-brand":[505],"product_cat":[770,23,771,765,202,47],"product_tag":[],"class_list":{"0":"post-15162","1":"product","2":"type-product","3":"status-publish","4":"has-post-thumbnail","6":"pwb-brand-ferribiella","7":"product_cat-higijena-macaka","8":"product_cat-macke","9":"product_cat-oprema-higijena-psi","10":"product_cat-oprema-za-macke","11":"product_cat-oprema-za-pse","12":"product_cat-psi","14":"first","15":"instock","16":"taxable","17":"shipping-taxable","18":"purchasable","19":"product-type-simple"},"acf":[],"brands":[{"id":505,"name":"Ferribiella","slug":"ferribiella"}],"_links":{"self":[{"href":"https:\/\/pawz.rs\/en\/wp-json\/wp\/v2\/product\/15162","targetHints":{"allow":["GET"]}}],"collection":[{"href":"https:\/\/pawz.rs\/en\/wp-json\/wp\/v2\/product"}],"about":[{"href":"https:\/\/pawz.rs\/en\/wp-json\/wp\/v2\/types\/product"}],"replies":[{"embeddable":true,"href":"https:\/\/pawz.rs\/en\/wp-json\/wp\/v2\/comments?post=15162"}],"wp:featuredmedia":[{"embeddable":true,"href":"https:\/\/pawz.rs\/en\/wp-json\/wp\/v2\/media\/15732"}],"wp:attachment":[{"href":"https:\/\/pawz.rs\/en\/wp-json\/wp\/v2\/media?parent=15162"}],"wp:term":[{"taxonomy":"pwb-brand","embeddable":true,"href":"https:\/\/pawz.rs\/en\/wp-json\/wp\/v2\/pwb-brand?post=15162"},{"taxonomy":"product_cat","embeddable":true,"href":"https:\/\/pawz.rs\/en\/wp-json\/wp\/v2\/product_cat?post=15162"},{"taxonomy":"product_tag","embeddable":true,"href":"https:\/\/pawz.rs\/en\/wp-json\/wp\/v2\/product_tag?post=15162"}],"curies":[{"name":"wp","href":"https:\/\/api.w.org\/{rel}","templated":true}]}}