{"id":15166,"date":"2023-04-08T13:41:43","date_gmt":"2023-04-08T11:41:43","guid":{"rendered":"https:\/\/pawz.rs\/?post_type=product&#038;p=15166"},"modified":"2024-08-12T17:08:03","modified_gmt":"2024-08-12T15:08:03","slug":"asssorbello-premium-prostirke-40x60cm","status":"publish","type":"product","link":"https:\/\/pawz.rs\/en\/asssorbello-premium-prostirke-40x60cm\/","title":{"rendered":"Asssorbello Premium Prostirke 40x60cm 15 kom"},"content":{"rendered":"<p><strong>Asssorbello Premium Prostirke 40x60cm 15kom<\/strong><\/p>\n<p>Osnovna stvar vezana za higijenu je nau\u010diti \u0161tene gde da vr\u0161i nu\u017edu.<br \/>\nDok su jako mali \u0161tenci \u010desto i nekontrolisano vr\u0161e nu\u017edu.<\/p>\n<p>Taj period je \u010desto jako mu\u010dan kako za vlasnike tako i za \u0161tene.<br \/>\nProstirke-pelene veli\u010dine 40 x 60 ili 60 x 60 ili 60 x 90, staviti u hodnik (blizu izlaznih vrata, kako bi se \u0161tenetu stavilo do znanja da je slede\u0107i korak za vr\u0161enje nu\u017ede napolje).<\/p>\n<p>Prakti\u010dne, higijenske jednokratne PREMIUM prostirke za pse.<\/p>\n<p>Idealne su za obuku \u0161tenadi gde da vr\u0161e nu\u017edu. Potrebne psima u vreme oporavka, starijim inkontinentnim \u017eivotinjama, kao i psima koji borave samo u zatvorenom prostoru.<\/p>\n<p>Na putovanjima, u hotelima, transporterima, idealne su kao alternativno mesto za obavljanje nu\u017ede.<\/p>\n<p>Vi\u0161eslojna struktura sa pro\u0161ivenim upijaju\u0107im jezgrom zadr\u017eava te\u010dnost i kontroli\u0161e mirise.<br \/>\nPovr\u0161ina prostirke se brzo su\u0161i, dok je podloga nepropusna i \u0161titi podove.<\/p>\n<p>Proizvo\u0111a\u010d: Ferribiella S.p.A.<br \/>\nZemlja porekla: Italija<\/p>\n\n    <div class=\"xs_social_share_widget xs_share_url after_content \t\tmain_content  wslu-style-1 wslu-share-box-shaped wslu-fill-colored wslu-none wslu-share-horizontal wslu-theme-font-no wslu-main_content\">\n\n\t\t\n        <ul>\n\t\t\t        <\/ul>\n    <\/div>","protected":false},"excerpt":{"rendered":"<p>Upijaju\u0107e prostirke PREMIUM vam poma\u017eu da nau\u010dite \u0161tene gde da obavlja nu\u017edu, veli\u010dina 40 x 60 cm<\/p>","protected":false},"featured_media":15738,"comment_status":"open","ping_status":"closed","template":"","meta":{"_acf_changed":false,"_aa_vp_cena":"","_aa_online_cena":""},"pwb-brand":[505],"product_cat":[47,771,202],"product_tag":[],"class_list":{"0":"post-15166","1":"product","2":"type-product","3":"status-publish","4":"has-post-thumbnail","6":"pwb-brand-ferribiella","7":"product_cat-psi","8":"product_cat-oprema-higijena-psi","9":"product_cat-oprema-za-pse","11":"first","12":"instock","13":"taxable","14":"shipping-taxable","15":"purchasable","16":"product-type-simple"},"acf":[],"brands":[{"id":505,"name":"Ferribiella","slug":"ferribiella"}],"_links":{"self":[{"href":"https:\/\/pawz.rs\/en\/wp-json\/wp\/v2\/product\/15166","targetHints":{"allow":["GET"]}}],"collection":[{"href":"https:\/\/pawz.rs\/en\/wp-json\/wp\/v2\/product"}],"about":[{"href":"https:\/\/pawz.rs\/en\/wp-json\/wp\/v2\/types\/product"}],"replies":[{"embeddable":true,"href":"https:\/\/pawz.rs\/en\/wp-json\/wp\/v2\/comments?post=15166"}],"wp:featuredmedia":[{"embeddable":true,"href":"https:\/\/pawz.rs\/en\/wp-json\/wp\/v2\/media\/15738"}],"wp:attachment":[{"href":"https:\/\/pawz.rs\/en\/wp-json\/wp\/v2\/media?parent=15166"}],"wp:term":[{"taxonomy":"pwb-brand","embeddable":true,"href":"https:\/\/pawz.rs\/en\/wp-json\/wp\/v2\/pwb-brand?post=15166"},{"taxonomy":"product_cat","embeddable":true,"href":"https:\/\/pawz.rs\/en\/wp-json\/wp\/v2\/product_cat?post=15166"},{"taxonomy":"product_tag","embeddable":true,"href":"https:\/\/pawz.rs\/en\/wp-json\/wp\/v2\/product_tag?post=15166"}],"curies":[{"name":"wp","href":"https:\/\/api.w.org\/{rel}","templated":true}]}}